{"id":11265,"date":"2023-08-07T13:35:34","date_gmt":"2023-08-07T11:35:34","guid":{"rendered":"https:\/\/magdalenafirlit.com\/?page_id=11265"},"modified":"2024-02-26T19:43:21","modified_gmt":"2024-02-26T18:43:21","slug":"szkolenie-applying-professional-scrum","status":"publish","type":"page","link":"https:\/\/magdalenafirlit.com\/pl\/szkolenie-applying-professional-scrum\/","title":{"rendered":"Szkolenie Applying Professional Scrum \u2122"},"content":{"rendered":"\t\t<div data-elementor-type=\"wp-page\" data-elementor-id=\"11265\" class=\"elementor elementor-11265\" data-elementor-post-type=\"page\">\n\t\t\t\t\t\t<section class=\"elementor-section elementor-top-section elementor-element elementor-element-82a64d8 elementor-section-full_width elementor-section-height-default elementor-section-height-default\" data-id=\"82a64d8\" data-element_type=\"section\" data-e-type=\"section\">\n\t\t\t\t\t\t<div class=\"elementor-container elementor-column-gap-default\">\n\t\t\t\t\t<div class=\"elementor-column elementor-col-100 elementor-top-column elementor-element elementor-element-848951e\" data-id=\"848951e\" data-element_type=\"column\" data-e-type=\"column\">\n\t\t\t<div class=\"elementor-widget-wrap elementor-element-populated\">\n\t\t\t\t\t\t<div class=\"elementor-element elementor-element-cac9813 elementor-hidden-mobile elementor-widget elementor-widget-image\" data-id=\"cac9813\" data-element_type=\"widget\" data-e-type=\"widget\" data-widget_type=\"image.default\">\n\t\t\t\t<div class=\"elementor-widget-container\">\n\t\t\t\t\t\t\t\t\t\t\t\t\t\t\t<img fetchpriority=\"high\" decoding=\"async\" width=\"800\" height=\"800\" src=\"https:\/\/magdalenafirlit.com\/wp-content\/uploads\/2023\/08\/Projekt-bez-nazwy-8.svg\" class=\"attachment-large size-large wp-image-11269\" alt=\"grafika APS\" \/>\t\t\t\t\t\t\t\t\t\t\t\t\t\t\t<\/div>\n\t\t\t\t<\/div>\n\t\t\t\t\t<\/div>\n\t\t<\/div>\n\t\t\t\t\t<\/div>\n\t\t<\/section>\n\t\t\t\t<section class=\"elementor-section elementor-top-section elementor-element elementor-element-67f53eb elementor-section-boxed elementor-section-height-default elementor-section-height-default\" data-id=\"67f53eb\" data-element_type=\"section\" data-e-type=\"section\">\n\t\t\t\t\t\t<div class=\"elementor-container elementor-column-gap-default\">\n\t\t\t\t\t<div class=\"elementor-column elementor-col-100 elementor-top-column elementor-element elementor-element-da04ece\" data-id=\"da04ece\" data-element_type=\"column\" data-e-type=\"column\">\n\t\t\t<div class=\"elementor-widget-wrap elementor-element-populated\">\n\t\t\t\t\t\t<div class=\"elementor-element elementor-element-c6beb33 elementor-widget elementor-widget-heading\" data-id=\"c6beb33\" data-element_type=\"widget\" data-e-type=\"widget\" data-widget_type=\"heading.default\">\n\t\t\t\t<div class=\"elementor-widget-container\">\n\t\t\t\t\t<h1 class=\"elementor-heading-title elementor-size-default\">Applying Professional Scrum \u2122<\/h1>\t\t\t\t<\/div>\n\t\t\t\t<\/div>\n\t\t\t\t<div class=\"elementor-element elementor-element-4f16369 elementor-widget elementor-widget-text-editor\" data-id=\"4f16369\" data-element_type=\"widget\" data-e-type=\"widget\" data-widget_type=\"text-editor.default\">\n\t\t\t\t<div class=\"elementor-widget-container\">\n\t\t\t\t\t\t\t\t\t<p>Jest to jeden z bardziej warto\u015bciowych kurs\u00f3w. Podczas szkolenia uczestnicy do\u015bwiadczaj\u0105 Scruma nie tylko od strony mechaniki, ale r\u00f3wnie\u017c warto\u015bci i filar\u00f3w<\/p>\t\t\t\t\t\t\t\t<\/div>\n\t\t\t\t<\/div>\n\t\t\t\t<div class=\"elementor-element elementor-element-8759280 elementor-widget elementor-widget-text-editor\" data-id=\"8759280\" data-element_type=\"widget\" data-e-type=\"widget\" data-widget_type=\"text-editor.default\">\n\t\t\t\t<div class=\"elementor-widget-container\">\n\t\t\t\t\t\t\t\t\t<p>Dostarczaj\u0105 rzeczywisty produkt. W czasie kursu, do\u015bwiadczaj\u0105 r\u00f3wnie\u017c nowych, zwinnych sposob\u00f3w pracy, kt\u00f3re umo\u017cliwiaj\u0105 zespo\u0142om dostarczy\u0107 wi\u0119cej warto\u015bci, \u00a0zadowolenia interesariuszy i lepiej wsp\u00f3lnie pracowa\u0107. Odbiorcy warsztat\u00f3w pracuj\u0105c razem jako zesp\u00f3\u0142, dostarczaj\u0105 w sprintach produkt, b\u0119d\u0105c eksponowanym na te same wyzwania, jakie pojawiaj\u0105 si\u0119 w czasie pracy oraz dowiedz\u0105 si\u0119 jak sobie z nimi radzi\u0107 przy u\u017cyciu Scruma.<\/p>\t\t\t\t\t\t\t\t<\/div>\n\t\t\t\t<\/div>\n\t\t\t\t<div class=\"elementor-element elementor-element-84c0b94 elementor-widget elementor-widget-heading\" data-id=\"84c0b94\" data-element_type=\"widget\" data-e-type=\"widget\" data-widget_type=\"heading.default\">\n\t\t\t\t<div class=\"elementor-widget-container\">\n\t\t\t\t\t<h2 class=\"elementor-heading-title elementor-size-default\">Dla kogo?<\/h2>\t\t\t\t<\/div>\n\t\t\t\t<\/div>\n\t\t\t\t<div class=\"elementor-element elementor-element-9e02d63 elementor-widget elementor-widget-text-editor\" data-id=\"9e02d63\" data-element_type=\"widget\" data-e-type=\"widget\" data-widget_type=\"text-editor.default\">\n\t\t\t\t<div class=\"elementor-widget-container\">\n\t\t\t\t\t\t\t\t\t<p>Mo\u017cna by\u0142oby odpowiedzie\u0107: szkolenie jest dla dla ka\u017cdego! W szczeg\u00f3lno\u015bci dla Manager\u00f3w, Leader\u00f3w, Scrum Master\u00f3w, Product Owner\u00f3w, cz\u0142onk\u00f3w zespo\u0142\u00f3w deweloperskich, Project i Program Manager\u00f3w.Szkolenie w praktyczny spos\u00f3b pokazuje jak dzia\u0142a Scrum. To forma warsztat\u00f3w, bez slajd\u00f3w, gdzie mo\u017cna prze\u0107wiczy\u0107 dostarczanie prawdziwego, warto\u015bciowego Przyrostu (Incrementu) z pomoc\u0105 Scruma. To jest symulacja budowania realnego produktu.Dlaczego dla ka\u017cdego? Poniewa\u017c w przyst\u0119pny, a jednocze\u015bnie realistyczny spos\u00f3b, pokazuje jak dzia\u0142a framework Scrum. Niezale\u017cnie jaka jest Twoja rola w organizacji \u2013 czy pracujesz w Scrumie, czy wspierasz zespo\u0142y Scrumowe, to szkolenie przybli\u017cy Ci Scruma.Warsztaty s\u0105 intensywne. Poza symulacj\u0105 wprowadzam na szkoleniu sporo innych \u0107wicze\u0144.<\/p>\t\t\t\t\t\t\t\t<\/div>\n\t\t\t\t<\/div>\n\t\t\t\t<div class=\"elementor-element elementor-element-43ff34d elementor-widget elementor-widget-heading\" data-id=\"43ff34d\" data-element_type=\"widget\" data-e-type=\"widget\" data-widget_type=\"heading.default\">\n\t\t\t\t<div class=\"elementor-widget-container\">\n\t\t\t\t\t<h2 class=\"elementor-heading-title elementor-size-default\">W ramach kursu APS<\/h2>\t\t\t\t<\/div>\n\t\t\t\t<\/div>\n\t\t\t\t<div class=\"elementor-element elementor-element-5304ee8 elementor-widget elementor-widget-text-editor\" data-id=\"5304ee8\" data-element_type=\"widget\" data-e-type=\"widget\" data-widget_type=\"text-editor.default\">\n\t\t\t\t<div class=\"elementor-widget-container\">\n\t\t\t\t\t\t\t\t\t<ul><li>Akredytowane profesjonalne materia\u0142y Scrum.org<\/li><li>Praca z do\u015bwiadczon\u0105 trenerk\u0105 i konsultantk\u0105<\/li><li>Dwa podej\u015bcia do egzaminu PSM I<\/li><li>40% zni\u017cki na egzamin PSM II<\/li><li>14 punkt\u00f3w PD<\/li><\/ul>\t\t\t\t\t\t\t\t<\/div>\n\t\t\t\t<\/div>\n\t\t\t\t<div class=\"elementor-element elementor-element-35a3105 elementor-align-center elementor-widget elementor-widget-button\" data-id=\"35a3105\" data-element_type=\"widget\" data-e-type=\"widget\" data-widget_type=\"button.default\">\n\t\t\t\t<div class=\"elementor-widget-container\">\n\t\t\t\t\t\t\t\t\t<div class=\"elementor-button-wrapper\">\n\t\t\t\t\t<a class=\"elementor-button elementor-button-link elementor-size-sm\" href=\"https:\/\/magdalenafirlit.com\/pl\/szkolenia-scrum\/\" target=\"_blank\">\n\t\t\t\t\t\t<span class=\"elementor-button-content-wrapper\">\n\t\t\t\t\t\t\t\t\t<span class=\"elementor-button-text\">Zobacz nadchodz\u0105ce publiczne szkolenia Scrum.org<\/span>\n\t\t\t\t\t<\/span>\n\t\t\t\t\t<\/a>\n\t\t\t\t<\/div>\n\t\t\t\t\t\t\t\t<\/div>\n\t\t\t\t<\/div>\n\t\t\t\t<div class=\"elementor-element elementor-element-f8a029b elementor-widget elementor-widget-heading\" data-id=\"f8a029b\" data-element_type=\"widget\" data-e-type=\"widget\" data-widget_type=\"heading.default\">\n\t\t\t\t<div class=\"elementor-widget-container\">\n\t\t\t\t\t<h2 class=\"elementor-heading-title elementor-size-default\">Jesli chcesz zam\u00f3wi\u0107 szkolenie Scrum.org wewn\u0119trznie do firmy, skontaktuj si\u0119 z nami.\nOferujemy zni\u017cki przy zam\u00f3wieniach grupowych!<\/h2>\t\t\t\t<\/div>\n\t\t\t\t<\/div>\n\t\t\t\t<div class=\"elementor-element elementor-element-33166ee elementor-widget elementor-widget-heading\" data-id=\"33166ee\" data-element_type=\"widget\" data-e-type=\"widget\" data-widget_type=\"heading.default\">\n\t\t\t\t<div class=\"elementor-widget-container\">\n\t\t\t\t\t<h2 class=\"elementor-heading-title elementor-size-default\">Napisz wiadomo\u015b\u0107!<\/h2>\t\t\t\t<\/div>\n\t\t\t\t<\/div>\n\t\t\t\t<div class=\"elementor-element elementor-element-9b40e7f elementor-button-align-center elementor-mobile-button-align-center elementor-widget elementor-widget-global elementor-global-1019 elementor-widget-form\" data-id=\"9b40e7f\" data-element_type=\"widget\" data-e-type=\"widget\" data-settings=\"{&quot;step_next_label&quot;:&quot;Nast\\u0119pny&quot;,&quot;step_previous_label&quot;:&quot;Poprzedni&quot;,&quot;button_width&quot;:&quot;100&quot;,&quot;step_type&quot;:&quot;number_text&quot;,&quot;step_icon_shape&quot;:&quot;circle&quot;}\" data-widget_type=\"form.default\">\n\t\t\t\t<div class=\"elementor-widget-container\">\n\t\t\t\t\t\t\t<form class=\"elementor-form\" method=\"post\" name=\"Formularz kontaktu\" aria-label=\"Formularz kontaktu\">\n\t\t\t<input type=\"hidden\" name=\"post_id\" value=\"11265\"\/>\n\t\t\t<input type=\"hidden\" name=\"form_id\" value=\"9b40e7f\"\/>\n\t\t\t<input type=\"hidden\" name=\"referer_title\" value=\"\" \/>\n\n\t\t\t\n\t\t\t<div class=\"elementor-form-fields-wrapper elementor-labels-\">\n\t\t\t\t\t\t\t\t<div class=\"elementor-field-type-text elementor-field-group elementor-column elementor-field-group-name elementor-col-50 elementor-field-required\">\n\t\t\t\t\t\t\t\t\t\t\t\t<label for=\"form-field-name\" class=\"elementor-field-label elementor-screen-only\">\n\t\t\t\t\t\t\t\tNazwa\t\t\t\t\t\t\t<\/label>\n\t\t\t\t\t\t\t\t\t\t\t\t\t\t<input size=\"1\" type=\"text\" name=\"form_fields[name]\" id=\"form-field-name\" class=\"elementor-field elementor-size-sm  elementor-field-textual\" placeholder=\"Imi\u0119, nazwisko\" required=\"required\">\n\t\t\t\t\t\t\t\t\t\t\t<\/div>\n\t\t\t\t\t\t\t\t<div class=\"elementor-field-type-email elementor-field-group elementor-column elementor-field-group-email elementor-col-50 elementor-field-required\">\n\t\t\t\t\t\t\t\t\t\t\t\t<label for=\"form-field-email\" class=\"elementor-field-label elementor-screen-only\">\n\t\t\t\t\t\t\t\tEmail\t\t\t\t\t\t\t<\/label>\n\t\t\t\t\t\t\t\t\t\t\t\t\t\t<input size=\"1\" type=\"email\" name=\"form_fields[email]\" id=\"form-field-email\" class=\"elementor-field elementor-size-sm  elementor-field-textual\" placeholder=\"Email\" required=\"required\">\n\t\t\t\t\t\t\t\t\t\t\t<\/div>\n\t\t\t\t\t\t\t\t<div class=\"elementor-field-type-text elementor-field-group elementor-column elementor-field-group-b26ecb6 elementor-col-50\">\n\t\t\t\t\t\t\t\t\t\t\t\t<label for=\"form-field-b26ecb6\" class=\"elementor-field-label elementor-screen-only\">\n\t\t\t\t\t\t\t\tTelefon\t\t\t\t\t\t\t<\/label>\n\t\t\t\t\t\t\t\t\t\t\t\t\t\t<input size=\"1\" type=\"text\" name=\"form_fields[b26ecb6]\" id=\"form-field-b26ecb6\" class=\"elementor-field elementor-size-sm  elementor-field-textual\" placeholder=\"Telefon\">\n\t\t\t\t\t\t\t\t\t\t\t<\/div>\n\t\t\t\t\t\t\t\t<div class=\"elementor-field-type-text elementor-field-group elementor-column elementor-field-group-894019a elementor-col-50\">\n\t\t\t\t\t\t\t\t\t\t\t\t<label for=\"form-field-894019a\" class=\"elementor-field-label elementor-screen-only\">\n\t\t\t\t\t\t\t\tFirma\t\t\t\t\t\t\t<\/label>\n\t\t\t\t\t\t\t\t\t\t\t\t\t\t<input size=\"1\" type=\"text\" name=\"form_fields[894019a]\" id=\"form-field-894019a\" class=\"elementor-field elementor-size-sm  elementor-field-textual\" placeholder=\"Firma\">\n\t\t\t\t\t\t\t\t\t\t\t<\/div>\n\t\t\t\t\t\t\t\t<div class=\"elementor-field-type-textarea elementor-field-group elementor-column elementor-field-group-message elementor-col-100 elementor-field-required\">\n\t\t\t\t\t\t\t\t\t\t\t\t<label for=\"form-field-message\" class=\"elementor-field-label elementor-screen-only\">\n\t\t\t\t\t\t\t\tWiadomo\u015b\u0107\t\t\t\t\t\t\t<\/label>\n\t\t\t\t\t\t<textarea class=\"elementor-field-textual elementor-field  elementor-size-sm\" name=\"form_fields[message]\" id=\"form-field-message\" rows=\"4\" placeholder=\"Wiadomo\u015b\u0107\" required=\"required\"><\/textarea>\t\t\t\t<\/div>\n\t\t\t\t\t\t\t\t<div class=\"elementor-field-type-recaptcha elementor-field-group elementor-column elementor-field-group-field_1b870c7 elementor-col-100\">\n\t\t\t\t\t<div class=\"elementor-field\" id=\"form-field-field_1b870c7\"><div class=\"elementor-g-recaptcha\" data-sitekey=\"6Ldu2bEZAAAAAIZRfaWGVyGtAKRmrbDXQzGLMbNL\" data-type=\"v2_checkbox\" data-theme=\"light\" data-size=\"normal\"><\/div><\/div>\t\t\t\t<\/div>\n\t\t\t\t\t\t\t\t<div class=\"elementor-field-group elementor-column elementor-field-type-submit elementor-col-100 e-form__buttons\">\n\t\t\t\t\t<button class=\"elementor-button elementor-size-sm\" type=\"submit\">\n\t\t\t\t\t\t<span class=\"elementor-button-content-wrapper\">\n\t\t\t\t\t\t\t\t\t\t\t\t\t\t\t<span class=\"elementor-button-icon\">\n\t\t\t\t\t\t\t\t\t<i aria-hidden=\"true\" class=\"far fa-paper-plane\"><\/i>\t\t\t\t\t\t\t\t\t\t\t\t\t\t\t\t\t<\/span>\n\t\t\t\t\t\t\t\t\t\t\t\t\t\t\t\t\t\t\t\t\t\t<span class=\"elementor-button-text\">Wy\u015blij<\/span>\n\t\t\t\t\t\t\t\t\t\t\t\t\t<\/span>\n\t\t\t\t\t<\/button>\n\t\t\t\t<\/div>\n\t\t\t<\/div>\n\t\t<\/form>\n\t\t\t\t\t\t<\/div>\n\t\t\t\t<\/div>\n\t\t\t\t\t<\/div>\n\t\t<\/div>\n\t\t\t\t\t<\/div>\n\t\t<\/section>\n\t\t\t\t<\/div>\n\t\t","protected":false},"excerpt":{"rendered":"<p>Applying Professional Scrum \u2122 Jest to jeden z bardziej warto\u015bciowych kurs\u00f3w. Podczas szkolenia uczestnicy do\u015bwiadczaj\u0105 Scruma nie tylko od strony mechaniki, ale r\u00f3wnie\u017c warto\u015bci i filar\u00f3w Dostarczaj\u0105 rzeczywisty produkt. W czasie kursu, do\u015bwiadczaj\u0105 r\u00f3wnie\u017c nowych, zwinnych sposob\u00f3w pracy, kt\u00f3re umo\u017cliwiaj\u0105 zespo\u0142om dostarczy\u0107 wi\u0119cej warto\u015bci, \u00a0zadowolenia interesariuszy i lepiej wsp\u00f3lnie pracowa\u0107. Odbiorcy warsztat\u00f3w pracuj\u0105c razem jako [&hellip;]<\/p>\n","protected":false},"author":2,"featured_media":0,"parent":0,"menu_order":0,"comment_status":"closed","ping_status":"closed","template":"","meta":{"_acf_changed":false,"_seopress_robots_primary_cat":"","_seopress_titles_title":"%%post_title%% %%sep%% Magdalena Firlit","_seopress_titles_desc":"Jest to jeden z bardziej warto\u015bciowych kurs\u00f3w. Podczas szkolenia uczestnicy do\u015bwiadczaj\u0105 Scruma nie tylko od strony mechaniki, ale r\u00f3wnie\u017c warto\u015bci i filar\u00f3w","_seopress_robots_index":"","inline_featured_image":false,"footnotes":""},"class_list":["post-11265","page","type-page","status-publish","hentry"],"acf":[],"_links":{"self":[{"href":"https:\/\/magdalenafirlit.com\/pl\/wp-json\/wp\/v2\/pages\/11265","targetHints":{"allow":["GET"]}}],"collection":[{"href":"https:\/\/magdalenafirlit.com\/pl\/wp-json\/wp\/v2\/pages"}],"about":[{"href":"https:\/\/magdalenafirlit.com\/pl\/wp-json\/wp\/v2\/types\/page"}],"author":[{"embeddable":true,"href":"https:\/\/magdalenafirlit.com\/pl\/wp-json\/wp\/v2\/users\/2"}],"replies":[{"embeddable":true,"href":"https:\/\/magdalenafirlit.com\/pl\/wp-json\/wp\/v2\/comments?post=11265"}],"version-history":[{"count":0,"href":"https:\/\/magdalenafirlit.com\/pl\/wp-json\/wp\/v2\/pages\/11265\/revisions"}],"wp:attachment":[{"href":"https:\/\/magdalenafirlit.com\/pl\/wp-json\/wp\/v2\/media?parent=11265"}],"curies":[{"name":"wp","href":"https:\/\/api.w.org\/{rel}","templated":true}]}}