{"id":11326,"date":"2023-08-07T14:11:27","date_gmt":"2023-08-07T12:11:27","guid":{"rendered":"https:\/\/magdalenafirlit.com\/?page_id=11326"},"modified":"2024-02-26T20:44:54","modified_gmt":"2024-02-26T19:44:54","slug":"szkolenie-professional-agile-leadership-essentials","status":"publish","type":"page","link":"https:\/\/magdalenafirlit.com\/pl\/szkolenie-professional-agile-leadership-essentials\/","title":{"rendered":"Szkolenie Professional Agile Leadership Essentials \u2122"},"content":{"rendered":"\t\t<div data-elementor-type=\"wp-page\" data-elementor-id=\"11326\" class=\"elementor elementor-11326\" data-elementor-post-type=\"page\">\n\t\t\t\t\t\t<section class=\"elementor-section elementor-top-section elementor-element elementor-element-8c033e0 elementor-section-full_width elementor-section-height-default elementor-section-height-default\" data-id=\"8c033e0\" data-element_type=\"section\" data-e-type=\"section\">\n\t\t\t\t\t\t<div class=\"elementor-container elementor-column-gap-default\">\n\t\t\t\t\t<div class=\"elementor-column elementor-col-100 elementor-top-column elementor-element elementor-element-2ad38dd\" data-id=\"2ad38dd\" data-element_type=\"column\" data-e-type=\"column\">\n\t\t\t<div class=\"elementor-widget-wrap elementor-element-populated\">\n\t\t\t\t\t\t<div class=\"elementor-element elementor-element-4e83ff0 elementor-hidden-mobile elementor-widget elementor-widget-image\" data-id=\"4e83ff0\" data-element_type=\"widget\" data-e-type=\"widget\" data-widget_type=\"image.default\">\n\t\t\t\t<div class=\"elementor-widget-container\">\n\t\t\t\t\t\t\t\t\t\t\t\t\t\t\t<img fetchpriority=\"high\" decoding=\"async\" width=\"800\" height=\"800\" src=\"https:\/\/magdalenafirlit.com\/wp-content\/uploads\/2023\/08\/Projekt-bez-nazwy-11.svg\" class=\"attachment-large size-large wp-image-11330\" alt=\"grafika PAL-E\" \/>\t\t\t\t\t\t\t\t\t\t\t\t\t\t\t<\/div>\n\t\t\t\t<\/div>\n\t\t\t\t\t<\/div>\n\t\t<\/div>\n\t\t\t\t\t<\/div>\n\t\t<\/section>\n\t\t\t\t<section class=\"elementor-section elementor-top-section elementor-element elementor-element-5397724 elementor-section-boxed elementor-section-height-default elementor-section-height-default\" data-id=\"5397724\" data-element_type=\"section\" data-e-type=\"section\">\n\t\t\t\t\t\t<div class=\"elementor-container elementor-column-gap-default\">\n\t\t\t\t\t<div class=\"elementor-column elementor-col-100 elementor-top-column elementor-element elementor-element-9bced30\" data-id=\"9bced30\" data-element_type=\"column\" data-e-type=\"column\">\n\t\t\t<div class=\"elementor-widget-wrap elementor-element-populated\">\n\t\t\t\t\t\t<div class=\"elementor-element elementor-element-69d3f6c elementor-widget elementor-widget-heading\" data-id=\"69d3f6c\" data-element_type=\"widget\" data-e-type=\"widget\" data-widget_type=\"heading.default\">\n\t\t\t\t<div class=\"elementor-widget-container\">\n\t\t\t\t\t<h1 class=\"elementor-heading-title elementor-size-default\">Professional Agile Leadership Essentials \u2122<\/h1>\t\t\t\t<\/div>\n\t\t\t\t<\/div>\n\t\t\t\t<div class=\"elementor-element elementor-element-006279f elementor-widget elementor-widget-text-editor\" data-id=\"006279f\" data-element_type=\"widget\" data-e-type=\"widget\" data-widget_type=\"text-editor.default\">\n\t\t\t\t<div class=\"elementor-widget-container\">\n\t\t\t\t\t\t\t\t\t<p>To wyj\u0105tkowy warsztat przeznaczony g\u0142\u00f3wnie dla Manager\u00f3w, kt\u00f3rzy wspieraj\u0105 zespo\u0142y Scrumowe i wdra\u017caj\u0105 zwinno\u015b\u0107 w organizacji.<\/p>\t\t\t\t\t\t\t\t<\/div>\n\t\t\t\t<\/div>\n\t\t\t\t<div class=\"elementor-element elementor-element-590dc1b elementor-widget elementor-widget-text-editor\" data-id=\"590dc1b\" data-element_type=\"widget\" data-e-type=\"widget\" data-widget_type=\"text-editor.default\">\n\t\t\t\t<div class=\"elementor-widget-container\">\n\t\t\t\t\t\t\t\t\t<p>W czasie transformacji, podczas kt\u00f3rej organizacja staje si\u0119 zwinna tj. \u201eAgile\u201d \u2013 rola zarz\u0105du, wy\u017cszej kadry menad\u017cerskiej, ka\u017cdej osoby w roli mened\u017cera oraz ka\u017cdego cz\u0142onka zwinnych zespo\u0142\u00f3w jest niezb\u0119dna. To w\u0142a\u015bnie wszystkie szczeble w organizacji maj\u0105 wp\u0142yw na to, jak jest zorganizowana ich praca, jak jest zarz\u0105dzana oraz jak s\u0105 mierzone efekty tej pracy. Zwinne zespo\u0142y nie s\u0105 w stanie wypracowa\u0107 same tego wszystkiego bez wsparcia ca\u0142ej organizacji. D\u0105\u017cenie do zwinnej organizacji wymaga g\u0142\u0119bokich zmian u wszystkich zaanga\u017cowanych, a tak\u017ce wsp\u00f3lnego celu i sposob\u00f3w wsp\u00f3\u0142pracy.<\/p>\t\t\t\t\t\t\t\t<\/div>\n\t\t\t\t<\/div>\n\t\t\t\t<div class=\"elementor-element elementor-element-a9373aa elementor-widget elementor-widget-text-editor\" data-id=\"a9373aa\" data-element_type=\"widget\" data-e-type=\"widget\" data-widget_type=\"text-editor.default\">\n\t\t\t\t<div class=\"elementor-widget-container\">\n\t\t\t\t\t\t\t\t\t<p>Professional Agile Leadership Essentials jest 2-dniowym szkoleniem w formie warsztat\u00f3w, bazuj\u0105cym na potrzebach organizacji. Warsztat z za\u0142o\u017cenia ma wspiera\u0107 lider\u00f3w i menad\u017cer\u00f3w podczas wprowadzania zmiany w organizacji w:<\/p>\t\t\t\t\t\t\t\t<\/div>\n\t\t\t\t<\/div>\n\t\t\t\t<div class=\"elementor-element elementor-element-09a7b4e elementor-widget elementor-widget-text-editor\" data-id=\"09a7b4e\" data-element_type=\"widget\" data-e-type=\"widget\" data-widget_type=\"text-editor.default\">\n\t\t\t\t<div class=\"elementor-widget-container\">\n\t\t\t\t\t\t\t\t\t<ul><li>w og\u00f3lnym spojrzeniu na to, czym jest Agile, z jakiego powodu organizacje potrzebuj\u0105 by\u0107 Agile by przetrwa\u0107 i uczestniczy\u0107 w zmieniaj\u0105cym si\u0119 \u015bwiecie, jak dzia\u0142a Agile i jak zmierzy\u0107 korzy\u015bci z biznesowego punktu widzenia<\/li><li>sposobach identyfikacji potencjalnych okazji i wp\u0142ywu Agile\u2019a na warto\u015b\u0107 biznesow\u0105.<\/li><li>mo\u017cliwo\u015bci por\u00f3wnania praktyk Agilowych z alternatywnymi praktykami biznesowymi.<\/li><li>zrozumieniu jak wspiera\u0107 zmian\u0119 i wspiera\u0107 agilowe zespo\u0142y przy u\u017cyciu podej\u015bcia empirycznego.<\/li><li>sposobach\u00a0na radzenienie sobie z typowymi wyzwaniami, kt\u00f3re na co dzie\u0144 spotykaja zespo\u0142y agilowe i jak wspiera\u0107 te zespo\u0142y poprzez usuwanie przeszk\u00f3d i stania si\u0119 tzw. servant-leader\u2019em.<\/li><li>zrozumieniu jak mierzy\u0107 i wspiera\u0107 agilowe dostarczanie produktu.<\/li><\/ul>\t\t\t\t\t\t\t\t<\/div>\n\t\t\t\t<\/div>\n\t\t\t\t<div class=\"elementor-element elementor-element-afbf114 elementor-widget elementor-widget-heading\" data-id=\"afbf114\" data-element_type=\"widget\" data-e-type=\"widget\" data-widget_type=\"heading.default\">\n\t\t\t\t<div class=\"elementor-widget-container\">\n\t\t\t\t\t<h2 class=\"elementor-heading-title elementor-size-default\">W ramach kursu PAL-E<\/h2>\t\t\t\t<\/div>\n\t\t\t\t<\/div>\n\t\t\t\t<div class=\"elementor-element elementor-element-11bba5a elementor-widget elementor-widget-text-editor\" data-id=\"11bba5a\" data-element_type=\"widget\" data-e-type=\"widget\" data-widget_type=\"text-editor.default\">\n\t\t\t\t<div class=\"elementor-widget-container\">\n\t\t\t\t\t\t\t\t\t<ul><li>wszyscy uczestnicy, kt\u00f3rzy uko\u0144cz\u0105 szkolenie\u00a0Professional Agile Leadership Essentials otrzymaj\u0105 voucher od Scrum.org na przyst\u0105pienie do egzaminu\u00a0PAL I assessment. Warto\u015b\u0107 vouchera to 200$ (2 podej\u015bcia w cenie).<\/li><li>szkolenie prowadzone w formie warsztatowej przez do\u015bwiadczon\u0105 trenerk\u0119<\/li><li>14 punkt\u00f3w PDU<\/li><li>profesjonalne materia\u0142y szkoleniowe PAL-E od Scrum.org.<\/li><\/ul>\t\t\t\t\t\t\t\t<\/div>\n\t\t\t\t<\/div>\n\t\t\t\t<div class=\"elementor-element elementor-element-b58414a elementor-align-center elementor-widget elementor-widget-button\" data-id=\"b58414a\" data-element_type=\"widget\" data-e-type=\"widget\" data-widget_type=\"button.default\">\n\t\t\t\t<div class=\"elementor-widget-container\">\n\t\t\t\t\t\t\t\t\t<div class=\"elementor-button-wrapper\">\n\t\t\t\t\t<a class=\"elementor-button elementor-button-link elementor-size-sm\" href=\"https:\/\/magdalenafirlit.com\/pl\/szkolenia-scrum\/\" target=\"_blank\">\n\t\t\t\t\t\t<span class=\"elementor-button-content-wrapper\">\n\t\t\t\t\t\t\t\t\t<span class=\"elementor-button-text\">Zobacz nadchodz\u0105ce publiczne szkolenia Scrum.org<\/span>\n\t\t\t\t\t<\/span>\n\t\t\t\t\t<\/a>\n\t\t\t\t<\/div>\n\t\t\t\t\t\t\t\t<\/div>\n\t\t\t\t<\/div>\n\t\t\t\t<div class=\"elementor-element elementor-element-535aa26 elementor-widget elementor-widget-heading\" data-id=\"535aa26\" data-element_type=\"widget\" data-e-type=\"widget\" data-widget_type=\"heading.default\">\n\t\t\t\t<div class=\"elementor-widget-container\">\n\t\t\t\t\t<h2 class=\"elementor-heading-title elementor-size-default\">Jesli chcesz zam\u00f3wi\u0107 szkolenie Scrum.org wewn\u0119trznie do firmy, skontaktuj si\u0119 z nami.\nOferujemy zni\u017cki przy zam\u00f3wieniach grupowych!<\/h2>\t\t\t\t<\/div>\n\t\t\t\t<\/div>\n\t\t\t\t<div class=\"elementor-element elementor-element-e58c8a2 elementor-widget elementor-widget-heading\" data-id=\"e58c8a2\" data-element_type=\"widget\" data-e-type=\"widget\" data-widget_type=\"heading.default\">\n\t\t\t\t<div class=\"elementor-widget-container\">\n\t\t\t\t\t<h2 class=\"elementor-heading-title elementor-size-default\">Napisz wiadomo\u015b\u0107!<\/h2>\t\t\t\t<\/div>\n\t\t\t\t<\/div>\n\t\t\t\t<div class=\"elementor-element elementor-element-deea786 elementor-button-align-center elementor-mobile-button-align-center elementor-widget elementor-widget-global elementor-global-1019 elementor-widget-form\" data-id=\"deea786\" data-element_type=\"widget\" data-e-type=\"widget\" data-settings=\"{&quot;step_next_label&quot;:&quot;Nast\\u0119pny&quot;,&quot;step_previous_label&quot;:&quot;Poprzedni&quot;,&quot;button_width&quot;:&quot;100&quot;,&quot;step_type&quot;:&quot;number_text&quot;,&quot;step_icon_shape&quot;:&quot;circle&quot;}\" data-widget_type=\"form.default\">\n\t\t\t\t<div class=\"elementor-widget-container\">\n\t\t\t\t\t\t\t<form class=\"elementor-form\" method=\"post\" name=\"Formularz kontaktu\" aria-label=\"Formularz kontaktu\">\n\t\t\t<input type=\"hidden\" name=\"post_id\" value=\"11326\"\/>\n\t\t\t<input type=\"hidden\" name=\"form_id\" value=\"deea786\"\/>\n\t\t\t<input type=\"hidden\" name=\"referer_title\" value=\"\" \/>\n\n\t\t\t\n\t\t\t<div class=\"elementor-form-fields-wrapper elementor-labels-\">\n\t\t\t\t\t\t\t\t<div class=\"elementor-field-type-text elementor-field-group elementor-column elementor-field-group-name elementor-col-50 elementor-field-required\">\n\t\t\t\t\t\t\t\t\t\t\t\t<label for=\"form-field-name\" class=\"elementor-field-label elementor-screen-only\">\n\t\t\t\t\t\t\t\tNazwa\t\t\t\t\t\t\t<\/label>\n\t\t\t\t\t\t\t\t\t\t\t\t\t\t<input size=\"1\" type=\"text\" name=\"form_fields[name]\" id=\"form-field-name\" class=\"elementor-field elementor-size-sm  elementor-field-textual\" placeholder=\"Imi\u0119, nazwisko\" required=\"required\">\n\t\t\t\t\t\t\t\t\t\t\t<\/div>\n\t\t\t\t\t\t\t\t<div class=\"elementor-field-type-email elementor-field-group elementor-column elementor-field-group-email elementor-col-50 elementor-field-required\">\n\t\t\t\t\t\t\t\t\t\t\t\t<label for=\"form-field-email\" class=\"elementor-field-label elementor-screen-only\">\n\t\t\t\t\t\t\t\tEmail\t\t\t\t\t\t\t<\/label>\n\t\t\t\t\t\t\t\t\t\t\t\t\t\t<input size=\"1\" type=\"email\" name=\"form_fields[email]\" id=\"form-field-email\" class=\"elementor-field elementor-size-sm  elementor-field-textual\" placeholder=\"Email\" required=\"required\">\n\t\t\t\t\t\t\t\t\t\t\t<\/div>\n\t\t\t\t\t\t\t\t<div class=\"elementor-field-type-text elementor-field-group elementor-column elementor-field-group-b26ecb6 elementor-col-50\">\n\t\t\t\t\t\t\t\t\t\t\t\t<label for=\"form-field-b26ecb6\" class=\"elementor-field-label elementor-screen-only\">\n\t\t\t\t\t\t\t\tTelefon\t\t\t\t\t\t\t<\/label>\n\t\t\t\t\t\t\t\t\t\t\t\t\t\t<input size=\"1\" type=\"text\" name=\"form_fields[b26ecb6]\" id=\"form-field-b26ecb6\" class=\"elementor-field elementor-size-sm  elementor-field-textual\" placeholder=\"Telefon\">\n\t\t\t\t\t\t\t\t\t\t\t<\/div>\n\t\t\t\t\t\t\t\t<div class=\"elementor-field-type-text elementor-field-group elementor-column elementor-field-group-894019a elementor-col-50\">\n\t\t\t\t\t\t\t\t\t\t\t\t<label for=\"form-field-894019a\" class=\"elementor-field-label elementor-screen-only\">\n\t\t\t\t\t\t\t\tFirma\t\t\t\t\t\t\t<\/label>\n\t\t\t\t\t\t\t\t\t\t\t\t\t\t<input size=\"1\" type=\"text\" name=\"form_fields[894019a]\" id=\"form-field-894019a\" class=\"elementor-field elementor-size-sm  elementor-field-textual\" placeholder=\"Firma\">\n\t\t\t\t\t\t\t\t\t\t\t<\/div>\n\t\t\t\t\t\t\t\t<div class=\"elementor-field-type-textarea elementor-field-group elementor-column elementor-field-group-message elementor-col-100 elementor-field-required\">\n\t\t\t\t\t\t\t\t\t\t\t\t<label for=\"form-field-message\" class=\"elementor-field-label elementor-screen-only\">\n\t\t\t\t\t\t\t\tWiadomo\u015b\u0107\t\t\t\t\t\t\t<\/label>\n\t\t\t\t\t\t<textarea class=\"elementor-field-textual elementor-field  elementor-size-sm\" name=\"form_fields[message]\" id=\"form-field-message\" rows=\"4\" placeholder=\"Wiadomo\u015b\u0107\" required=\"required\"><\/textarea>\t\t\t\t<\/div>\n\t\t\t\t\t\t\t\t<div class=\"elementor-field-type-recaptcha elementor-field-group elementor-column elementor-field-group-field_1b870c7 elementor-col-100\">\n\t\t\t\t\t<div class=\"elementor-field\" id=\"form-field-field_1b870c7\"><div class=\"elementor-g-recaptcha\" data-sitekey=\"6Ldu2bEZAAAAAIZRfaWGVyGtAKRmrbDXQzGLMbNL\" data-type=\"v2_checkbox\" data-theme=\"light\" data-size=\"normal\"><\/div><\/div>\t\t\t\t<\/div>\n\t\t\t\t\t\t\t\t<div class=\"elementor-field-group elementor-column elementor-field-type-submit elementor-col-100 e-form__buttons\">\n\t\t\t\t\t<button class=\"elementor-button elementor-size-sm\" type=\"submit\">\n\t\t\t\t\t\t<span class=\"elementor-button-content-wrapper\">\n\t\t\t\t\t\t\t\t\t\t\t\t\t\t\t<span class=\"elementor-button-icon\">\n\t\t\t\t\t\t\t\t\t<i aria-hidden=\"true\" class=\"far fa-paper-plane\"><\/i>\t\t\t\t\t\t\t\t\t\t\t\t\t\t\t\t\t<\/span>\n\t\t\t\t\t\t\t\t\t\t\t\t\t\t\t\t\t\t\t\t\t\t<span class=\"elementor-button-text\">Wy\u015blij<\/span>\n\t\t\t\t\t\t\t\t\t\t\t\t\t<\/span>\n\t\t\t\t\t<\/button>\n\t\t\t\t<\/div>\n\t\t\t<\/div>\n\t\t<\/form>\n\t\t\t\t\t\t<\/div>\n\t\t\t\t<\/div>\n\t\t\t\t\t<\/div>\n\t\t<\/div>\n\t\t\t\t\t<\/div>\n\t\t<\/section>\n\t\t\t\t<\/div>\n\t\t","protected":false},"excerpt":{"rendered":"<p>Professional Agile Leadership Essentials \u2122 To wyj\u0105tkowy warsztat przeznaczony g\u0142\u00f3wnie dla Manager\u00f3w, kt\u00f3rzy wspieraj\u0105 zespo\u0142y Scrumowe i wdra\u017caj\u0105 zwinno\u015b\u0107 w organizacji. W czasie transformacji, podczas kt\u00f3rej organizacja staje si\u0119 zwinna tj. \u201eAgile\u201d \u2013 rola zarz\u0105du, wy\u017cszej kadry menad\u017cerskiej, ka\u017cdej osoby w roli mened\u017cera oraz ka\u017cdego cz\u0142onka zwinnych zespo\u0142\u00f3w jest niezb\u0119dna. To w\u0142a\u015bnie wszystkie szczeble w [&hellip;]<\/p>\n","protected":false},"author":2,"featured_media":0,"parent":0,"menu_order":0,"comment_status":"closed","ping_status":"closed","template":"","meta":{"_acf_changed":false,"_seopress_robots_primary_cat":"","_seopress_titles_title":"%%post_title%%","_seopress_titles_desc":"To wyj\u0105tkowy warsztat przeznaczony g\u0142\u00f3wnie dla Manager\u00f3w, kt\u00f3rzy wspieraj\u0105 zespo\u0142y Scrumowe i wdra\u017caj\u0105 zwinno\u015b\u0107 w organizacji.","_seopress_robots_index":"","inline_featured_image":false,"footnotes":""},"class_list":["post-11326","page","type-page","status-publish","hentry"],"acf":[],"_links":{"self":[{"href":"https:\/\/magdalenafirlit.com\/pl\/wp-json\/wp\/v2\/pages\/11326","targetHints":{"allow":["GET"]}}],"collection":[{"href":"https:\/\/magdalenafirlit.com\/pl\/wp-json\/wp\/v2\/pages"}],"about":[{"href":"https:\/\/magdalenafirlit.com\/pl\/wp-json\/wp\/v2\/types\/page"}],"author":[{"embeddable":true,"href":"https:\/\/magdalenafirlit.com\/pl\/wp-json\/wp\/v2\/users\/2"}],"replies":[{"embeddable":true,"href":"https:\/\/magdalenafirlit.com\/pl\/wp-json\/wp\/v2\/comments?post=11326"}],"version-history":[{"count":0,"href":"https:\/\/magdalenafirlit.com\/pl\/wp-json\/wp\/v2\/pages\/11326\/revisions"}],"wp:attachment":[{"href":"https:\/\/magdalenafirlit.com\/pl\/wp-json\/wp\/v2\/media?parent=11326"}],"curies":[{"name":"wp","href":"https:\/\/api.w.org\/{rel}","templated":true}]}}