{"id":11375,"date":"2023-08-07T15:37:06","date_gmt":"2023-08-07T13:37:06","guid":{"rendered":"https:\/\/magdalenafirlit.com\/?page_id=11375"},"modified":"2024-03-25T17:50:58","modified_gmt":"2024-03-25T16:50:58","slug":"szkolenie-professional-scrum-with-kanban","status":"publish","type":"page","link":"https:\/\/magdalenafirlit.com\/pl\/szkolenie-professional-scrum-with-kanban\/","title":{"rendered":"Szkolenie Professional Scrum \u2122 with Kanban"},"content":{"rendered":"\t\t<div data-elementor-type=\"wp-page\" data-elementor-id=\"11375\" class=\"elementor elementor-11375\" data-elementor-post-type=\"page\">\n\t\t\t\t\t\t<section class=\"elementor-section elementor-top-section elementor-element elementor-element-d1076b4 elementor-section-full_width elementor-section-height-default elementor-section-height-default\" data-id=\"d1076b4\" data-element_type=\"section\" data-e-type=\"section\">\n\t\t\t\t\t\t<div class=\"elementor-container elementor-column-gap-default\">\n\t\t\t\t\t<div class=\"elementor-column elementor-col-100 elementor-top-column elementor-element elementor-element-50e967d\" data-id=\"50e967d\" data-element_type=\"column\" data-e-type=\"column\">\n\t\t\t<div class=\"elementor-widget-wrap elementor-element-populated\">\n\t\t\t\t\t\t<div class=\"elementor-element elementor-element-6f930b7 elementor-hidden-mobile elementor-widget elementor-widget-image\" data-id=\"6f930b7\" data-element_type=\"widget\" data-e-type=\"widget\" data-widget_type=\"image.default\">\n\t\t\t\t<div class=\"elementor-widget-container\">\n\t\t\t\t\t\t\t\t\t\t\t\t\t\t\t<img fetchpriority=\"high\" decoding=\"async\" width=\"800\" height=\"800\" src=\"https:\/\/magdalenafirlit.com\/wp-content\/uploads\/2023\/08\/Projekt-bez-nazwy-13.svg\" class=\"attachment-large size-large wp-image-11379\" alt=\"grafika PSK\" \/>\t\t\t\t\t\t\t\t\t\t\t\t\t\t\t<\/div>\n\t\t\t\t<\/div>\n\t\t\t\t\t<\/div>\n\t\t<\/div>\n\t\t\t\t\t<\/div>\n\t\t<\/section>\n\t\t\t\t<section class=\"elementor-section elementor-top-section elementor-element elementor-element-c8d362d elementor-section-boxed elementor-section-height-default elementor-section-height-default\" data-id=\"c8d362d\" data-element_type=\"section\" data-e-type=\"section\">\n\t\t\t\t\t\t<div class=\"elementor-container elementor-column-gap-default\">\n\t\t\t\t\t<div class=\"elementor-column elementor-col-100 elementor-top-column elementor-element elementor-element-a46f3c2\" data-id=\"a46f3c2\" data-element_type=\"column\" data-e-type=\"column\">\n\t\t\t<div class=\"elementor-widget-wrap elementor-element-populated\">\n\t\t\t\t\t\t<div class=\"elementor-element elementor-element-b36ed96 elementor-widget elementor-widget-heading\" data-id=\"b36ed96\" data-element_type=\"widget\" data-e-type=\"widget\" data-widget_type=\"heading.default\">\n\t\t\t\t<div class=\"elementor-widget-container\">\n\t\t\t\t\t<h1 class=\"elementor-heading-title elementor-size-default\">Professional Scrum \u2122 with Kanban<\/h1>\t\t\t\t<\/div>\n\t\t\t\t<\/div>\n\t\t\t\t<div class=\"elementor-element elementor-element-a069e09 elementor-widget elementor-widget-text-editor\" data-id=\"a069e09\" data-element_type=\"widget\" data-e-type=\"widget\" data-widget_type=\"text-editor.default\">\n\t\t\t\t<div class=\"elementor-widget-container\">\n\t\t\t\t\t\t\t\t\t<p>Jest to dwudniowy warsztat, kt\u00f3ry uczy praktyk\u00f3w Scruma, jak zaaplikowa\u0107 praktyki Kanbana w ich pracy z zespo\u0142ami.<\/p>\t\t\t\t\t\t\t\t<\/div>\n\t\t\t\t<\/div>\n\t\t\t\t<div class=\"elementor-element elementor-element-45b2b69 elementor-widget elementor-widget-text-editor\" data-id=\"45b2b69\" data-element_type=\"widget\" data-e-type=\"widget\" data-widget_type=\"text-editor.default\">\n\t\t\t\t<div class=\"elementor-widget-container\">\n\t\t\t\t\t\t\t\t\t<p>Jest to dwudniowy warsztat, kt\u00f3ry uczy praktyk\u00f3w Scruma, jak zaaplikowa\u0107 praktyki Kanbana w ich pracy z zespo\u0142ami. Szkolenie zawiera elementy teorii, case studies i praktyczne \u0107wiczenia, pozwalaj\u0105ce uczestnikom zrozumie\u0107 jak wa\u017cna jest transparencja i tzw. \u201eflow\u201d odnosz\u0105ce si\u0119 do frameworka Scrum.<\/p>\t\t\t\t\t\t\t\t<\/div>\n\t\t\t\t<\/div>\n\t\t\t\t<div class=\"elementor-element elementor-element-f371765 elementor-widget elementor-widget-text-editor\" data-id=\"f371765\" data-element_type=\"widget\" data-e-type=\"widget\" data-widget_type=\"text-editor.default\">\n\t\t\t\t<div class=\"elementor-widget-container\">\n\t\t\t\t\t\t\t\t\t<p>Podczas\u00a0tego\u00a0szkolenia, uczestnicy\u00a0naucz\u0105 si\u0119, jak zastosowa\u0107 praktyki Kanbana\u00a0w ich obecnych Scrumowych Zespo\u0142ach, bez zmiany\u00a0samego frameworka. Dowiedz\u0105 si\u0119 tak\u017ce, kt\u00f3re w\u0142a\u015bciwe praktyki wprowadzi\u0107 oraz jakie korzy\u015bci mog\u0105\u00a0czerpa\u0107 ich Zespo\u0142y Scrumowe z zastosowania Scruma z Kanbanem.<\/p>\t\t\t\t\t\t\t\t<\/div>\n\t\t\t\t<\/div>\n\t\t\t\t<div class=\"elementor-element elementor-element-276888a elementor-widget elementor-widget-text-editor\" data-id=\"276888a\" data-element_type=\"widget\" data-e-type=\"widget\" data-widget_type=\"text-editor.default\">\n\t\t\t\t<div class=\"elementor-widget-container\">\n\t\t\t\t\t\t\t\t\t<p>Szkolenie polecam Scrum Masterom, Managerom, ca\u0142ym zespo\u0142om Scrumowym, Product Ownerom i wszystkim osom zainteresowanym tematem.<\/p>\t\t\t\t\t\t\t\t<\/div>\n\t\t\t\t<\/div>\n\t\t\t\t<div class=\"elementor-element elementor-element-32d177a elementor-widget elementor-widget-text-editor\" data-id=\"32d177a\" data-element_type=\"widget\" data-e-type=\"widget\" data-widget_type=\"text-editor.default\">\n\t\t\t\t<div class=\"elementor-widget-container\">\n\t\t\t\t\t\t\t\t\t<p>Uczestnicy dowiedz\u0105 si\u0119 jak, w jaki spos\u00f3b ich Scrumowe Zespo\u0142y mog\u0105 zaaplikowa\u0107 uzupe\u0142niaj\u0105ce praktyki\u00a0z Kanbana, nadal\u00a0pracuj\u0105c w Scrumie i nie zmieniaj\u0105c frameworka.\u00a0<\/p>\t\t\t\t\t\t\t\t<\/div>\n\t\t\t\t<\/div>\n\t\t\t\t<div class=\"elementor-element elementor-element-e042736 elementor-widget elementor-widget-heading\" data-id=\"e042736\" data-element_type=\"widget\" data-e-type=\"widget\" data-widget_type=\"heading.default\">\n\t\t\t\t<div class=\"elementor-widget-container\">\n\t\t\t\t\t<h2 class=\"elementor-heading-title elementor-size-default\">Celem szkolenia jest<\/h2>\t\t\t\t<\/div>\n\t\t\t\t<\/div>\n\t\t\t\t<div class=\"elementor-element elementor-element-999418c elementor-widget elementor-widget-text-editor\" data-id=\"999418c\" data-element_type=\"widget\" data-e-type=\"widget\" data-widget_type=\"text-editor.default\">\n\t\t\t\t<div class=\"elementor-widget-container\">\n\t\t\t\t\t\t\t\t\t<ul><li style=\"text-align: left;\">Zrozumienie tego, jak dzia\u0142a \u201eflow\u201d w kontek\u015bcie Scruma.<\/li><li style=\"text-align: left;\">Zaznajomienie si\u0119 z praktykami Kanbana, kt\u00f3re mog\u0105 wprowadzi\u0107 Zespo\u0142y Scrumowe w celu\u00a0poprawy\u00a0ich efektywno\u015bci i produktywno\u015bci.\u00a0<\/li><li style=\"text-align: left;\">Zrozumienie jak efektywnie u\u017cywa\u0107 w\u0142a\u015bciwych praktyk Kanbanowych bez zmiany samego frameworka Scrum.<\/li><li style=\"text-align: left;\">Nauczenie si\u0119, jakie jest praktyczne podej\u015bcie do poprawy transparencji i widoczno\u015bci pracy Zespo\u0142\u00f3w Scrumowych.<\/li><\/ul>\t\t\t\t\t\t\t\t<\/div>\n\t\t\t\t<\/div>\n\t\t\t\t<div class=\"elementor-element elementor-element-eebb001 elementor-widget elementor-widget-heading\" data-id=\"eebb001\" data-element_type=\"widget\" data-e-type=\"widget\" data-widget_type=\"heading.default\">\n\t\t\t\t<div class=\"elementor-widget-container\">\n\t\t\t\t\t<h2 class=\"elementor-heading-title elementor-size-default\">W ramach kursu PSK<\/h2>\t\t\t\t<\/div>\n\t\t\t\t<\/div>\n\t\t\t\t<div class=\"elementor-element elementor-element-1eef82d elementor-widget elementor-widget-text-editor\" data-id=\"1eef82d\" data-element_type=\"widget\" data-e-type=\"widget\" data-widget_type=\"text-editor.default\">\n\t\t\t\t<div class=\"elementor-widget-container\">\n\t\t\t\t\t\t\t\t\t<ul><li style=\"text-align: left;\">Wszyscy uczestnicy, kt\u00f3rzy uko\u0144cz\u0105 szkolenie Professional Scrum with Kanban otrzymaj\u0105 voucher od Scrum.org na przyst\u0105pienie do egzaminu PSK assessment. Warto\u015b\u0107 vouchera to 200$ (2 podej\u015bcia w cenie).<\/li><li style=\"text-align: left;\">szkolenie prowadzone w formie warsztatowej przez do\u015bwiadczon\u0105 trenerk\u0119<\/li><li style=\"text-align: left;\">14 punkt\u00f3w PDU<\/li><li style=\"text-align: left;\">profesjonalne materia\u0142y szkoleniowe PSK od Scrum.org<\/li><\/ul>\t\t\t\t\t\t\t\t<\/div>\n\t\t\t\t<\/div>\n\t\t\t\t<div class=\"elementor-element elementor-element-5fd8d13 elementor-align-center elementor-widget elementor-widget-button\" data-id=\"5fd8d13\" data-element_type=\"widget\" data-e-type=\"widget\" data-widget_type=\"button.default\">\n\t\t\t\t<div class=\"elementor-widget-container\">\n\t\t\t\t\t\t\t\t\t<div class=\"elementor-button-wrapper\">\n\t\t\t\t\t<a class=\"elementor-button elementor-button-link elementor-size-sm\" href=\"https:\/\/magdalenafirlit.com\/pl\/szkolenia-scrum\/\">\n\t\t\t\t\t\t<span class=\"elementor-button-content-wrapper\">\n\t\t\t\t\t\t\t\t\t<span class=\"elementor-button-text\">Zobacz nadchodz\u0105ce publiczne szkolenia Scrum.org<\/span>\n\t\t\t\t\t<\/span>\n\t\t\t\t\t<\/a>\n\t\t\t\t<\/div>\n\t\t\t\t\t\t\t\t<\/div>\n\t\t\t\t<\/div>\n\t\t\t\t<div class=\"elementor-element elementor-element-d3087bf elementor-widget elementor-widget-heading\" data-id=\"d3087bf\" data-element_type=\"widget\" data-e-type=\"widget\" data-widget_type=\"heading.default\">\n\t\t\t\t<div class=\"elementor-widget-container\">\n\t\t\t\t\t<h2 class=\"elementor-heading-title elementor-size-default\">Jesli chcesz zam\u00f3wi\u0107 szkolenie Scrum.org wewn\u0119trznie do firmy, skontaktuj si\u0119 z nami.\nOferujemy zni\u017cki przy zam\u00f3wieniach grupowych!<\/h2>\t\t\t\t<\/div>\n\t\t\t\t<\/div>\n\t\t\t\t<div class=\"elementor-element elementor-element-e0b6bd9 elementor-widget elementor-widget-heading\" data-id=\"e0b6bd9\" data-element_type=\"widget\" data-e-type=\"widget\" data-widget_type=\"heading.default\">\n\t\t\t\t<div class=\"elementor-widget-container\">\n\t\t\t\t\t<h2 class=\"elementor-heading-title elementor-size-default\">Napisz wiadomo\u015b\u0107!<\/h2>\t\t\t\t<\/div>\n\t\t\t\t<\/div>\n\t\t\t\t<div class=\"elementor-element elementor-element-2f9178f elementor-button-align-center elementor-mobile-button-align-center elementor-widget elementor-widget-global elementor-global-1019 elementor-widget-form\" data-id=\"2f9178f\" data-element_type=\"widget\" data-e-type=\"widget\" data-settings=\"{&quot;step_next_label&quot;:&quot;Nast\\u0119pny&quot;,&quot;step_previous_label&quot;:&quot;Poprzedni&quot;,&quot;button_width&quot;:&quot;100&quot;,&quot;step_type&quot;:&quot;number_text&quot;,&quot;step_icon_shape&quot;:&quot;circle&quot;}\" data-widget_type=\"form.default\">\n\t\t\t\t<div class=\"elementor-widget-container\">\n\t\t\t\t\t\t\t<form class=\"elementor-form\" method=\"post\" name=\"Formularz kontaktu\" aria-label=\"Formularz kontaktu\">\n\t\t\t<input type=\"hidden\" name=\"post_id\" value=\"11375\"\/>\n\t\t\t<input type=\"hidden\" name=\"form_id\" value=\"2f9178f\"\/>\n\t\t\t<input type=\"hidden\" name=\"referer_title\" value=\"\" \/>\n\n\t\t\t\n\t\t\t<div class=\"elementor-form-fields-wrapper elementor-labels-\">\n\t\t\t\t\t\t\t\t<div class=\"elementor-field-type-text elementor-field-group elementor-column elementor-field-group-name elementor-col-50 elementor-field-required\">\n\t\t\t\t\t\t\t\t\t\t\t\t<label for=\"form-field-name\" class=\"elementor-field-label elementor-screen-only\">\n\t\t\t\t\t\t\t\tNazwa\t\t\t\t\t\t\t<\/label>\n\t\t\t\t\t\t\t\t\t\t\t\t\t\t<input size=\"1\" type=\"text\" name=\"form_fields[name]\" id=\"form-field-name\" class=\"elementor-field elementor-size-sm  elementor-field-textual\" placeholder=\"Imi\u0119, nazwisko\" required=\"required\">\n\t\t\t\t\t\t\t\t\t\t\t<\/div>\n\t\t\t\t\t\t\t\t<div class=\"elementor-field-type-email elementor-field-group elementor-column elementor-field-group-email elementor-col-50 elementor-field-required\">\n\t\t\t\t\t\t\t\t\t\t\t\t<label for=\"form-field-email\" class=\"elementor-field-label elementor-screen-only\">\n\t\t\t\t\t\t\t\tEmail\t\t\t\t\t\t\t<\/label>\n\t\t\t\t\t\t\t\t\t\t\t\t\t\t<input size=\"1\" type=\"email\" name=\"form_fields[email]\" id=\"form-field-email\" class=\"elementor-field elementor-size-sm  elementor-field-textual\" placeholder=\"Email\" required=\"required\">\n\t\t\t\t\t\t\t\t\t\t\t<\/div>\n\t\t\t\t\t\t\t\t<div class=\"elementor-field-type-text elementor-field-group elementor-column elementor-field-group-b26ecb6 elementor-col-50\">\n\t\t\t\t\t\t\t\t\t\t\t\t<label for=\"form-field-b26ecb6\" class=\"elementor-field-label elementor-screen-only\">\n\t\t\t\t\t\t\t\tTelefon\t\t\t\t\t\t\t<\/label>\n\t\t\t\t\t\t\t\t\t\t\t\t\t\t<input size=\"1\" type=\"text\" name=\"form_fields[b26ecb6]\" id=\"form-field-b26ecb6\" class=\"elementor-field elementor-size-sm  elementor-field-textual\" placeholder=\"Telefon\">\n\t\t\t\t\t\t\t\t\t\t\t<\/div>\n\t\t\t\t\t\t\t\t<div class=\"elementor-field-type-text elementor-field-group elementor-column elementor-field-group-894019a elementor-col-50\">\n\t\t\t\t\t\t\t\t\t\t\t\t<label for=\"form-field-894019a\" class=\"elementor-field-label elementor-screen-only\">\n\t\t\t\t\t\t\t\tFirma\t\t\t\t\t\t\t<\/label>\n\t\t\t\t\t\t\t\t\t\t\t\t\t\t<input size=\"1\" type=\"text\" name=\"form_fields[894019a]\" id=\"form-field-894019a\" class=\"elementor-field elementor-size-sm  elementor-field-textual\" placeholder=\"Firma\">\n\t\t\t\t\t\t\t\t\t\t\t<\/div>\n\t\t\t\t\t\t\t\t<div class=\"elementor-field-type-textarea elementor-field-group elementor-column elementor-field-group-message elementor-col-100 elementor-field-required\">\n\t\t\t\t\t\t\t\t\t\t\t\t<label for=\"form-field-message\" class=\"elementor-field-label elementor-screen-only\">\n\t\t\t\t\t\t\t\tWiadomo\u015b\u0107\t\t\t\t\t\t\t<\/label>\n\t\t\t\t\t\t<textarea class=\"elementor-field-textual elementor-field  elementor-size-sm\" name=\"form_fields[message]\" id=\"form-field-message\" rows=\"4\" placeholder=\"Wiadomo\u015b\u0107\" required=\"required\"><\/textarea>\t\t\t\t<\/div>\n\t\t\t\t\t\t\t\t<div class=\"elementor-field-type-recaptcha elementor-field-group elementor-column elementor-field-group-field_1b870c7 elementor-col-100\">\n\t\t\t\t\t<div class=\"elementor-field\" id=\"form-field-field_1b870c7\"><div class=\"elementor-g-recaptcha\" data-sitekey=\"6Ldu2bEZAAAAAIZRfaWGVyGtAKRmrbDXQzGLMbNL\" data-type=\"v2_checkbox\" data-theme=\"light\" data-size=\"normal\"><\/div><\/div>\t\t\t\t<\/div>\n\t\t\t\t\t\t\t\t<div class=\"elementor-field-group elementor-column elementor-field-type-submit elementor-col-100 e-form__buttons\">\n\t\t\t\t\t<button class=\"elementor-button elementor-size-sm\" type=\"submit\">\n\t\t\t\t\t\t<span class=\"elementor-button-content-wrapper\">\n\t\t\t\t\t\t\t\t\t\t\t\t\t\t\t<span class=\"elementor-button-icon\">\n\t\t\t\t\t\t\t\t\t<i aria-hidden=\"true\" class=\"far fa-paper-plane\"><\/i>\t\t\t\t\t\t\t\t\t\t\t\t\t\t\t\t\t<\/span>\n\t\t\t\t\t\t\t\t\t\t\t\t\t\t\t\t\t\t\t\t\t\t<span class=\"elementor-button-text\">Wy\u015blij<\/span>\n\t\t\t\t\t\t\t\t\t\t\t\t\t<\/span>\n\t\t\t\t\t<\/button>\n\t\t\t\t<\/div>\n\t\t\t<\/div>\n\t\t<\/form>\n\t\t\t\t\t\t<\/div>\n\t\t\t\t<\/div>\n\t\t\t\t\t<\/div>\n\t\t<\/div>\n\t\t\t\t\t<\/div>\n\t\t<\/section>\n\t\t\t\t<\/div>\n\t\t","protected":false},"excerpt":{"rendered":"<p>Professional Scrum \u2122 with Kanban Jest to dwudniowy warsztat, kt\u00f3ry uczy praktyk\u00f3w Scruma, jak zaaplikowa\u0107 praktyki Kanbana w ich pracy z zespo\u0142ami. Jest to dwudniowy warsztat, kt\u00f3ry uczy praktyk\u00f3w Scruma, jak zaaplikowa\u0107 praktyki Kanbana w ich pracy z zespo\u0142ami. Szkolenie zawiera elementy teorii, case studies i praktyczne \u0107wiczenia, pozwalaj\u0105ce uczestnikom zrozumie\u0107 jak wa\u017cna jest transparencja [&hellip;]<\/p>\n","protected":false},"author":2,"featured_media":0,"parent":0,"menu_order":0,"comment_status":"closed","ping_status":"closed","template":"","meta":{"_acf_changed":false,"_seopress_robots_primary_cat":"","_seopress_titles_title":"%%post_title%%","_seopress_titles_desc":"Jest to dwudniowy warsztat, kt\u00f3ry uczy praktyk\u00f3w Scruma, jak zaaplikowa\u0107 praktyki Kanbana w ich pracy z zespo\u0142ami.","_seopress_robots_index":"","inline_featured_image":false,"footnotes":""},"class_list":["post-11375","page","type-page","status-publish","hentry"],"acf":[],"_links":{"self":[{"href":"https:\/\/magdalenafirlit.com\/pl\/wp-json\/wp\/v2\/pages\/11375","targetHints":{"allow":["GET"]}}],"collection":[{"href":"https:\/\/magdalenafirlit.com\/pl\/wp-json\/wp\/v2\/pages"}],"about":[{"href":"https:\/\/magdalenafirlit.com\/pl\/wp-json\/wp\/v2\/types\/page"}],"author":[{"embeddable":true,"href":"https:\/\/magdalenafirlit.com\/pl\/wp-json\/wp\/v2\/users\/2"}],"replies":[{"embeddable":true,"href":"https:\/\/magdalenafirlit.com\/pl\/wp-json\/wp\/v2\/comments?post=11375"}],"version-history":[{"count":0,"href":"https:\/\/magdalenafirlit.com\/pl\/wp-json\/wp\/v2\/pages\/11375\/revisions"}],"wp:attachment":[{"href":"https:\/\/magdalenafirlit.com\/pl\/wp-json\/wp\/v2\/media?parent=11375"}],"curies":[{"name":"wp","href":"https:\/\/api.w.org\/{rel}","templated":true}]}}