{"id":11412,"date":"2023-08-07T16:01:32","date_gmt":"2023-08-07T14:01:32","guid":{"rendered":"https:\/\/magdalenafirlit.com\/?page_id=11412"},"modified":"2024-03-25T16:25:14","modified_gmt":"2024-03-25T15:25:14","slug":"szkolenie-professional-agile-leadership-evidence-based-management","status":"publish","type":"page","link":"https:\/\/magdalenafirlit.com\/pl\/szkolenie-professional-agile-leadership-evidence-based-management\/","title":{"rendered":"Szkolenie Professional Agile Leadership \u2122 &#8211; Evidence-Based Management \u2122"},"content":{"rendered":"\t\t<div data-elementor-type=\"wp-page\" data-elementor-id=\"11412\" class=\"elementor elementor-11412\" data-elementor-post-type=\"page\">\n\t\t\t\t\t\t<section class=\"elementor-section elementor-top-section elementor-element elementor-element-f1bbc9d elementor-section-full_width elementor-section-height-default elementor-section-height-default\" data-id=\"f1bbc9d\" data-element_type=\"section\" data-e-type=\"section\">\n\t\t\t\t\t\t<div class=\"elementor-container elementor-column-gap-default\">\n\t\t\t\t\t<div class=\"elementor-column elementor-col-100 elementor-top-column elementor-element elementor-element-3069baf\" data-id=\"3069baf\" data-element_type=\"column\" data-e-type=\"column\">\n\t\t\t<div class=\"elementor-widget-wrap elementor-element-populated\">\n\t\t\t\t\t\t<div class=\"elementor-element elementor-element-bce9591 elementor-hidden-tablet elementor-hidden-mobile elementor-widget elementor-widget-image\" data-id=\"bce9591\" data-element_type=\"widget\" data-e-type=\"widget\" data-widget_type=\"image.default\">\n\t\t\t\t<div class=\"elementor-widget-container\">\n\t\t\t\t\t\t\t\t\t\t\t\t\t\t\t<img fetchpriority=\"high\" decoding=\"async\" width=\"800\" height=\"800\" src=\"https:\/\/magdalenafirlit.com\/wp-content\/uploads\/2023\/08\/Projekt-bez-nazwy-15.svg\" class=\"attachment-large size-large wp-image-11416\" alt=\"grafika PAL-EBM\" \/>\t\t\t\t\t\t\t\t\t\t\t\t\t\t\t<\/div>\n\t\t\t\t<\/div>\n\t\t\t\t\t<\/div>\n\t\t<\/div>\n\t\t\t\t\t<\/div>\n\t\t<\/section>\n\t\t\t\t<section class=\"elementor-section elementor-top-section elementor-element elementor-element-95ed841 elementor-section-boxed elementor-section-height-default elementor-section-height-default\" data-id=\"95ed841\" data-element_type=\"section\" data-e-type=\"section\">\n\t\t\t\t\t\t<div class=\"elementor-container elementor-column-gap-default\">\n\t\t\t\t\t<div class=\"elementor-column elementor-col-100 elementor-top-column elementor-element elementor-element-e9d3946\" data-id=\"e9d3946\" data-element_type=\"column\" data-e-type=\"column\">\n\t\t\t<div class=\"elementor-widget-wrap elementor-element-populated\">\n\t\t\t\t\t\t<div class=\"elementor-element elementor-element-19a4427 elementor-widget elementor-widget-heading\" data-id=\"19a4427\" data-element_type=\"widget\" data-e-type=\"widget\" data-widget_type=\"heading.default\">\n\t\t\t\t<div class=\"elementor-widget-container\">\n\t\t\t\t\t<h1 class=\"elementor-heading-title elementor-size-default\">Professional Agile Leadership \u2122 - Evidence-Based Management<\/h1>\t\t\t\t<\/div>\n\t\t\t\t<\/div>\n\t\t\t\t<div class=\"elementor-element elementor-element-9e1cf67 elementor-widget elementor-widget-text-editor\" data-id=\"9e1cf67\" data-element_type=\"widget\" data-e-type=\"widget\" data-widget_type=\"text-editor.default\">\n\t\t\t\t<div class=\"elementor-widget-container\">\n\t\t\t\t\t\t\t\t\t<p>Jest jednodniowym wydarzeniem (8 godzin), podczas kt\u00f3rego uczestnicy dowiedz\u0105 si\u0119 czym jest EBM oraz jak go zastosowa\u0107 poprzez szereg \u0107wicze\u0144.<\/p>\t\t\t\t\t\t\t\t<\/div>\n\t\t\t\t<\/div>\n\t\t\t\t<div class=\"elementor-element elementor-element-271101d elementor-widget elementor-widget-text-editor\" data-id=\"271101d\" data-element_type=\"widget\" data-e-type=\"widget\" data-widget_type=\"text-editor.default\">\n\t\t\t\t<div class=\"elementor-widget-container\">\n\t\t\t\t\t\t\t\t\t<p>Ci\u0105gle zmieniaj\u0105ce si\u0119 potrzeby rynku i klient\u00f3w powoduj\u0105 nieustann\u0105 potrzeb\u0119 dostosowywania si\u0119 oraz posiadania fakt\u00f3w, kt\u00f3re pomagaj\u0105 w podj\u0119ciu w\u0142a\u015bciwej decyzji \u2013 wszystko po to, aby osi\u0105gn\u0105\u0107 zwinno\u015b\u0107 biznesow\u0105 i dostarczy\u0107 warto\u015b\u0107 kllientom. Mimo to, nadal organizacje cz\u0119sto podchodz\u0105 do wyzwa\u0144 zwi\u0105zanych ze zmieniaj\u0105cym si\u0119 rynkiem i oczekiwaniami klient\u00f3w w spos\u00f3b tradycyjny. Niekt\u00f3rzy u\u017cywaj\u0105 nawet zwinnych praktyk, a jednak wci\u0105\u017c oczekuj\u0105, \u017ce spe\u0142nienie d\u0142ugoterrminowych plan\u00f3w b\u0119dzie\u00a0\u00a0mo\u017cliwe poprzez dok\u0142adne planowanie, mierzenie post\u0119pu oraz niezmienne metryki.<\/p>\t\t\t\t\t\t\t\t<\/div>\n\t\t\t\t<\/div>\n\t\t\t\t<div class=\"elementor-element elementor-element-a6d87b4 elementor-widget elementor-widget-text-editor\" data-id=\"a6d87b4\" data-element_type=\"widget\" data-e-type=\"widget\" data-widget_type=\"text-editor.default\">\n\t\t\t\t<div class=\"elementor-widget-container\">\n\t\t\t\t\t\t\t\t\t<p>Z tego w\u0142a\u015bnie powodu Scrum.org stworzy\u0142 Evidence-Based Management \u2122 (EBM) framework \u2013 zwinne podej\u015bcie, kt\u00f3re pomaga liderom i zespo\u0142om dostarcza\u0107 warto\u015b\u0107 dla klient\u00f3w oraz organizacji. EBM skupia si\u0119 na wspomnianej warto\u015bci dla klient\u00f3w oraz planowanych eksperymentach, \u017ceby osi\u0105gn\u0105\u0107 strategiczne cele.<\/p>\t\t\t\t\t\t\t\t<\/div>\n\t\t\t\t<\/div>\n\t\t\t\t<div class=\"elementor-element elementor-element-1363071 elementor-widget elementor-widget-text-editor\" data-id=\"1363071\" data-element_type=\"widget\" data-e-type=\"widget\" data-widget_type=\"text-editor.default\">\n\t\t\t\t<div class=\"elementor-widget-container\">\n\t\t\t\t\t\t\t\t\t<p>Kurs Professional Agile Leadership \u2122 \u2013 Evidence-Based Management \u2122 (PAL-EBM) jest jednodniowym wydarzeniem (8 godzin), podczas kt\u00f3rego uczestnicy dowiedz\u0105 si\u0119 czym jest EBM oraz jak go zastosowa\u0107 poprzez szereg \u0107wicze\u0144. W szczeg\u00f3lno\u015bci podczas szkolenia b\u0119dziemy omawia\u0107 i \u0107wiczy\u0107:<\/p>\t\t\t\t\t\t\t\t<\/div>\n\t\t\t\t<\/div>\n\t\t\t\t<div class=\"elementor-element elementor-element-c3db4bc elementor-widget elementor-widget-text-editor\" data-id=\"c3db4bc\" data-element_type=\"widget\" data-e-type=\"widget\" data-widget_type=\"text-editor.default\">\n\t\t\t\t<div class=\"elementor-widget-container\">\n\t\t\t\t\t\t\t\t\t<ul><li style=\"text-align: left;\">U\u017cycie empiryzmu do ustanowienia i osi\u0105gni\u0119cia strategicznych cel\u00f3w, zarz\u0105dzania niepewno\u015bci\u0105 i z\u0142o\u017cono\u015bci\u0105 poprzez eksperymentowanie oraz adaptowanie cel\u00f3w na bie\u017c\u0105co.<\/li><li style=\"text-align: left;\">Stworzenie \u015brodowiska, kt\u00f3re wspiera u\u017cycie jasnych cel\u00f3w, w\u0142a\u015bciwych miar i zaufania, \u017ceby umo\u017cliwi\u0107 samo-zarz\u0105dzanie i autonomi\u0119.<\/li><li style=\"text-align: left;\">Zmiana mindsetu z tradycyjnego mierzenia post\u0119pu prac oraz mierzenia efektywno\u015bci zespo\u0142u w stron\u0119 orientacji na klienta i poprawy dostarczanej warto\u015bci.<\/li><li style=\"text-align: left;\">Prowadzenie operacyjnych usprawnie\u0144 poprzez u\u017cycie tzw. Kluczowych Obszar\u00f3w warto\u015bci, ang. Key Value Areas (Unrealized Value, Current Value, Time-to- Market, and the Ability to Innovate) jako \u017ar\u00f3de\u0142 do podejmowania decyzji w oparciu o fakty.<\/li><\/ul>\t\t\t\t\t\t\t\t<\/div>\n\t\t\t\t<\/div>\n\t\t\t\t<div class=\"elementor-element elementor-element-6cabfb4 elementor-widget elementor-widget-heading\" data-id=\"6cabfb4\" data-element_type=\"widget\" data-e-type=\"widget\" data-widget_type=\"heading.default\">\n\t\t\t\t<div class=\"elementor-widget-container\">\n\t\t\t\t\t<h2 class=\"elementor-heading-title elementor-size-default\">Tematy kursu PAL-EBM:<\/h2>\t\t\t\t<\/div>\n\t\t\t\t<\/div>\n\t\t\t\t<div class=\"elementor-element elementor-element-31fc76b elementor-widget elementor-widget-text-editor\" data-id=\"31fc76b\" data-element_type=\"widget\" data-e-type=\"widget\" data-widget_type=\"text-editor.default\">\n\t\t\t\t<div class=\"elementor-widget-container\">\n\t\t\t\t\t\t\t\t\t<ul><li>Zrozumienie niezb\u0119dnych aspekt\u00f3w cel\u00f3w i miar oraz tego, jak one wp\u0142ywaj\u0105 na zachowania, organizacyjn\u0105 kultur\u0119 i warto\u015bci.<\/li><li>Wsparcie organizacji w podkre\u015bleniu empiryzmu jako podej\u015bcia w\u0142a\u015bciwego dla agile leadershipu. U\u017cycie eksperymentowania, \u017ceby w spos\u00f3b przyrostowy zmierza\u0107 w kierunku organizacyjnych cel\u00f3w.<\/li><li>Podkre\u015blenie, jak cele i zaufanie, gdy wsp\u00f3\u0142dzia\u0142aj\u0105, umo\u017cliwiaj\u0105 autonomi\u0119, transparencj\u0119 i dostarczanie warto\u015bci.<\/li><li>Korelacja przewodzenia na rynku i zr\u00f3wnowa\u017conego rozwoju z ciekawo\u015bci\u0105, adaptacj\u0105 i empiryzmem.<\/li><li>Zrozumienie jak u\u017cywa\u0107 EBM oraz KVAs, aby skupi\u0107 si\u0119 na metrykach, kt\u00f3re poprawiaj\u0105 warto\u015b\u0107 rynkow\u0105 i operacyjne mo\u017cliwo\u015bci.<\/li><\/ul>\t\t\t\t\t\t\t\t<\/div>\n\t\t\t\t<\/div>\n\t\t\t\t<div class=\"elementor-element elementor-element-e0e57da elementor-widget elementor-widget-heading\" data-id=\"e0e57da\" data-element_type=\"widget\" data-e-type=\"widget\" data-widget_type=\"heading.default\">\n\t\t\t\t<div class=\"elementor-widget-container\">\n\t\t\t\t\t<h2 class=\"elementor-heading-title elementor-size-default\">Dla kogo?<\/h2>\t\t\t\t<\/div>\n\t\t\t\t<\/div>\n\t\t\t\t<div class=\"elementor-element elementor-element-eb446a9 elementor-widget elementor-widget-text-editor\" data-id=\"eb446a9\" data-element_type=\"widget\" data-e-type=\"widget\" data-widget_type=\"text-editor.default\">\n\t\t\t\t<div class=\"elementor-widget-container\">\n\t\t\t\t\t\t\t\t\t<ul><li>Zarz\u0105d<\/li><li>Agile Coaches<\/li><li>Scrum Masterzy<\/li><li>Product Ownerzy<\/li><li>Konsultanci<\/li><\/ul>\t\t\t\t\t\t\t\t<\/div>\n\t\t\t\t<\/div>\n\t\t\t\t<div class=\"elementor-element elementor-element-b9bcdf8 elementor-align-center elementor-widget elementor-widget-button\" data-id=\"b9bcdf8\" data-element_type=\"widget\" data-e-type=\"widget\" data-widget_type=\"button.default\">\n\t\t\t\t<div class=\"elementor-widget-container\">\n\t\t\t\t\t\t\t\t\t<div class=\"elementor-button-wrapper\">\n\t\t\t\t\t<a class=\"elementor-button elementor-button-link elementor-size-sm\" href=\"https:\/\/magdalenafirlit.com\/pl\/szkolenia-scrum\/\">\n\t\t\t\t\t\t<span class=\"elementor-button-content-wrapper\">\n\t\t\t\t\t\t\t\t\t<span class=\"elementor-button-text\">Zobacz nadchodz\u0105ce publiczne szkolenia Scrum.org<\/span>\n\t\t\t\t\t<\/span>\n\t\t\t\t\t<\/a>\n\t\t\t\t<\/div>\n\t\t\t\t\t\t\t\t<\/div>\n\t\t\t\t<\/div>\n\t\t\t\t<div class=\"elementor-element elementor-element-e644b7c elementor-widget elementor-widget-heading\" data-id=\"e644b7c\" data-element_type=\"widget\" data-e-type=\"widget\" data-widget_type=\"heading.default\">\n\t\t\t\t<div class=\"elementor-widget-container\">\n\t\t\t\t\t<h2 class=\"elementor-heading-title elementor-size-default\">Jesli chcesz zam\u00f3wi\u0107 szkolenie Scrum.org wewn\u0119trznie do firmy, skontaktuj si\u0119 z nami.\nOferujemy zni\u017cki przy zam\u00f3wieniach grupowych!<\/h2>\t\t\t\t<\/div>\n\t\t\t\t<\/div>\n\t\t\t\t<div class=\"elementor-element elementor-element-fe3f7bb elementor-widget elementor-widget-heading\" data-id=\"fe3f7bb\" data-element_type=\"widget\" data-e-type=\"widget\" data-widget_type=\"heading.default\">\n\t\t\t\t<div class=\"elementor-widget-container\">\n\t\t\t\t\t<h2 class=\"elementor-heading-title elementor-size-default\">Napisz wiadomo\u015b\u0107!<\/h2>\t\t\t\t<\/div>\n\t\t\t\t<\/div>\n\t\t\t\t<div class=\"elementor-element elementor-element-3b2a086 elementor-button-align-center elementor-mobile-button-align-center elementor-widget elementor-widget-global elementor-global-1019 elementor-widget-form\" data-id=\"3b2a086\" data-element_type=\"widget\" data-e-type=\"widget\" data-settings=\"{&quot;step_next_label&quot;:&quot;Nast\\u0119pny&quot;,&quot;step_previous_label&quot;:&quot;Poprzedni&quot;,&quot;button_width&quot;:&quot;100&quot;,&quot;step_type&quot;:&quot;number_text&quot;,&quot;step_icon_shape&quot;:&quot;circle&quot;}\" data-widget_type=\"form.default\">\n\t\t\t\t<div class=\"elementor-widget-container\">\n\t\t\t\t\t\t\t<form class=\"elementor-form\" method=\"post\" name=\"Formularz kontaktu\" aria-label=\"Formularz kontaktu\">\n\t\t\t<input type=\"hidden\" name=\"post_id\" value=\"11412\"\/>\n\t\t\t<input type=\"hidden\" name=\"form_id\" value=\"3b2a086\"\/>\n\t\t\t<input type=\"hidden\" name=\"referer_title\" value=\"\" \/>\n\n\t\t\t\n\t\t\t<div class=\"elementor-form-fields-wrapper elementor-labels-\">\n\t\t\t\t\t\t\t\t<div class=\"elementor-field-type-text elementor-field-group elementor-column elementor-field-group-name elementor-col-50 elementor-field-required\">\n\t\t\t\t\t\t\t\t\t\t\t\t<label for=\"form-field-name\" class=\"elementor-field-label elementor-screen-only\">\n\t\t\t\t\t\t\t\tNazwa\t\t\t\t\t\t\t<\/label>\n\t\t\t\t\t\t\t\t\t\t\t\t\t\t<input size=\"1\" type=\"text\" name=\"form_fields[name]\" id=\"form-field-name\" class=\"elementor-field elementor-size-sm  elementor-field-textual\" placeholder=\"Imi\u0119, nazwisko\" required=\"required\">\n\t\t\t\t\t\t\t\t\t\t\t<\/div>\n\t\t\t\t\t\t\t\t<div class=\"elementor-field-type-email elementor-field-group elementor-column elementor-field-group-email elementor-col-50 elementor-field-required\">\n\t\t\t\t\t\t\t\t\t\t\t\t<label for=\"form-field-email\" class=\"elementor-field-label elementor-screen-only\">\n\t\t\t\t\t\t\t\tEmail\t\t\t\t\t\t\t<\/label>\n\t\t\t\t\t\t\t\t\t\t\t\t\t\t<input size=\"1\" type=\"email\" name=\"form_fields[email]\" id=\"form-field-email\" class=\"elementor-field elementor-size-sm  elementor-field-textual\" placeholder=\"Email\" required=\"required\">\n\t\t\t\t\t\t\t\t\t\t\t<\/div>\n\t\t\t\t\t\t\t\t<div class=\"elementor-field-type-text elementor-field-group elementor-column elementor-field-group-b26ecb6 elementor-col-50\">\n\t\t\t\t\t\t\t\t\t\t\t\t<label for=\"form-field-b26ecb6\" class=\"elementor-field-label elementor-screen-only\">\n\t\t\t\t\t\t\t\tTelefon\t\t\t\t\t\t\t<\/label>\n\t\t\t\t\t\t\t\t\t\t\t\t\t\t<input size=\"1\" type=\"text\" name=\"form_fields[b26ecb6]\" id=\"form-field-b26ecb6\" class=\"elementor-field elementor-size-sm  elementor-field-textual\" placeholder=\"Telefon\">\n\t\t\t\t\t\t\t\t\t\t\t<\/div>\n\t\t\t\t\t\t\t\t<div class=\"elementor-field-type-text elementor-field-group elementor-column elementor-field-group-894019a elementor-col-50\">\n\t\t\t\t\t\t\t\t\t\t\t\t<label for=\"form-field-894019a\" class=\"elementor-field-label elementor-screen-only\">\n\t\t\t\t\t\t\t\tFirma\t\t\t\t\t\t\t<\/label>\n\t\t\t\t\t\t\t\t\t\t\t\t\t\t<input size=\"1\" type=\"text\" name=\"form_fields[894019a]\" id=\"form-field-894019a\" class=\"elementor-field elementor-size-sm  elementor-field-textual\" placeholder=\"Firma\">\n\t\t\t\t\t\t\t\t\t\t\t<\/div>\n\t\t\t\t\t\t\t\t<div class=\"elementor-field-type-textarea elementor-field-group elementor-column elementor-field-group-message elementor-col-100 elementor-field-required\">\n\t\t\t\t\t\t\t\t\t\t\t\t<label for=\"form-field-message\" class=\"elementor-field-label elementor-screen-only\">\n\t\t\t\t\t\t\t\tWiadomo\u015b\u0107\t\t\t\t\t\t\t<\/label>\n\t\t\t\t\t\t<textarea class=\"elementor-field-textual elementor-field  elementor-size-sm\" name=\"form_fields[message]\" id=\"form-field-message\" rows=\"4\" placeholder=\"Wiadomo\u015b\u0107\" required=\"required\"><\/textarea>\t\t\t\t<\/div>\n\t\t\t\t\t\t\t\t<div class=\"elementor-field-type-recaptcha elementor-field-group elementor-column elementor-field-group-field_1b870c7 elementor-col-100\">\n\t\t\t\t\t<div class=\"elementor-field\" id=\"form-field-field_1b870c7\"><div class=\"elementor-g-recaptcha\" data-sitekey=\"6Ldu2bEZAAAAAIZRfaWGVyGtAKRmrbDXQzGLMbNL\" data-type=\"v2_checkbox\" data-theme=\"light\" data-size=\"normal\"><\/div><\/div>\t\t\t\t<\/div>\n\t\t\t\t\t\t\t\t<div class=\"elementor-field-group elementor-column elementor-field-type-submit elementor-col-100 e-form__buttons\">\n\t\t\t\t\t<button class=\"elementor-button elementor-size-sm\" type=\"submit\">\n\t\t\t\t\t\t<span class=\"elementor-button-content-wrapper\">\n\t\t\t\t\t\t\t\t\t\t\t\t\t\t\t<span class=\"elementor-button-icon\">\n\t\t\t\t\t\t\t\t\t<i aria-hidden=\"true\" class=\"far fa-paper-plane\"><\/i>\t\t\t\t\t\t\t\t\t\t\t\t\t\t\t\t\t<\/span>\n\t\t\t\t\t\t\t\t\t\t\t\t\t\t\t\t\t\t\t\t\t\t<span class=\"elementor-button-text\">Wy\u015blij<\/span>\n\t\t\t\t\t\t\t\t\t\t\t\t\t<\/span>\n\t\t\t\t\t<\/button>\n\t\t\t\t<\/div>\n\t\t\t<\/div>\n\t\t<\/form>\n\t\t\t\t\t\t<\/div>\n\t\t\t\t<\/div>\n\t\t\t\t\t<\/div>\n\t\t<\/div>\n\t\t\t\t\t<\/div>\n\t\t<\/section>\n\t\t\t\t<\/div>\n\t\t","protected":false},"excerpt":{"rendered":"<p>Professional Agile Leadership \u2122 &#8211; Evidence-Based Management Jest jednodniowym wydarzeniem (8 godzin), podczas kt\u00f3rego uczestnicy dowiedz\u0105 si\u0119 czym jest EBM oraz jak go zastosowa\u0107 poprzez szereg \u0107wicze\u0144. Ci\u0105gle zmieniaj\u0105ce si\u0119 potrzeby rynku i klient\u00f3w powoduj\u0105 nieustann\u0105 potrzeb\u0119 dostosowywania si\u0119 oraz posiadania fakt\u00f3w, kt\u00f3re pomagaj\u0105 w podj\u0119ciu w\u0142a\u015bciwej decyzji \u2013 wszystko po to, aby osi\u0105gn\u0105\u0107 zwinno\u015b\u0107 [&hellip;]<\/p>\n","protected":false},"author":2,"featured_media":0,"parent":0,"menu_order":0,"comment_status":"closed","ping_status":"closed","template":"","meta":{"_acf_changed":false,"_seopress_robots_primary_cat":"","_seopress_titles_title":"%%post_title%% %%sep%% %%sitetitle%%","_seopress_titles_desc":"Jest jednodniowym wydarzeniem (8 godzin), podczas kt\u00f3rego uczestnicy dowiedz\u0105 si\u0119 czym jest EBM oraz jak go zastosowa\u0107 poprzez szereg \u0107wicze\u0144.","_seopress_robots_index":"","inline_featured_image":false,"footnotes":""},"class_list":["post-11412","page","type-page","status-publish","hentry"],"acf":[],"_links":{"self":[{"href":"https:\/\/magdalenafirlit.com\/pl\/wp-json\/wp\/v2\/pages\/11412","targetHints":{"allow":["GET"]}}],"collection":[{"href":"https:\/\/magdalenafirlit.com\/pl\/wp-json\/wp\/v2\/pages"}],"about":[{"href":"https:\/\/magdalenafirlit.com\/pl\/wp-json\/wp\/v2\/types\/page"}],"author":[{"embeddable":true,"href":"https:\/\/magdalenafirlit.com\/pl\/wp-json\/wp\/v2\/users\/2"}],"replies":[{"embeddable":true,"href":"https:\/\/magdalenafirlit.com\/pl\/wp-json\/wp\/v2\/comments?post=11412"}],"version-history":[{"count":0,"href":"https:\/\/magdalenafirlit.com\/pl\/wp-json\/wp\/v2\/pages\/11412\/revisions"}],"wp:attachment":[{"href":"https:\/\/magdalenafirlit.com\/pl\/wp-json\/wp\/v2\/media?parent=11412"}],"curies":[{"name":"wp","href":"https:\/\/api.w.org\/{rel}","templated":true}]}}