{"id":11441,"date":"2023-08-07T16:15:23","date_gmt":"2023-08-07T14:15:23","guid":{"rendered":"https:\/\/magdalenafirlit.com\/?page_id=11441"},"modified":"2024-03-25T17:06:56","modified_gmt":"2024-03-25T16:06:56","slug":"szkolenie-professional-scrum-facilitation-skills","status":"publish","type":"page","link":"https:\/\/magdalenafirlit.com\/pl\/szkolenie-professional-scrum-facilitation-skills\/","title":{"rendered":"Szkolenie Professional Scrum \u2122 Facilitation Skills"},"content":{"rendered":"\t\t<div data-elementor-type=\"wp-page\" data-elementor-id=\"11441\" class=\"elementor elementor-11441\" data-elementor-post-type=\"page\">\n\t\t\t\t\t\t<section class=\"elementor-section elementor-top-section elementor-element elementor-element-da09f1b elementor-section-full_width elementor-section-height-default elementor-section-height-default\" data-id=\"da09f1b\" data-element_type=\"section\" data-e-type=\"section\">\n\t\t\t\t\t\t<div class=\"elementor-container elementor-column-gap-default\">\n\t\t\t\t\t<div class=\"elementor-column elementor-col-100 elementor-top-column elementor-element elementor-element-057303c\" data-id=\"057303c\" data-element_type=\"column\" data-e-type=\"column\">\n\t\t\t<div class=\"elementor-widget-wrap elementor-element-populated\">\n\t\t\t\t\t\t<div class=\"elementor-element elementor-element-3e1093e elementor-hidden-tablet elementor-hidden-mobile elementor-widget elementor-widget-image\" data-id=\"3e1093e\" data-element_type=\"widget\" data-e-type=\"widget\" data-widget_type=\"image.default\">\n\t\t\t\t<div class=\"elementor-widget-container\">\n\t\t\t\t\t\t\t\t\t\t\t\t\t\t\t<img fetchpriority=\"high\" decoding=\"async\" width=\"800\" height=\"800\" src=\"https:\/\/magdalenafirlit.com\/wp-content\/uploads\/2023\/08\/Projekt-bez-nazwy-16.svg\" class=\"attachment-large size-large wp-image-11445\" alt=\"grafika PSFS\" \/>\t\t\t\t\t\t\t\t\t\t\t\t\t\t\t<\/div>\n\t\t\t\t<\/div>\n\t\t\t\t\t<\/div>\n\t\t<\/div>\n\t\t\t\t\t<\/div>\n\t\t<\/section>\n\t\t\t\t<section class=\"elementor-section elementor-top-section elementor-element elementor-element-6319594 elementor-section-boxed elementor-section-height-default elementor-section-height-default\" data-id=\"6319594\" data-element_type=\"section\" data-e-type=\"section\">\n\t\t\t\t\t\t<div class=\"elementor-container elementor-column-gap-default\">\n\t\t\t\t\t<div class=\"elementor-column elementor-col-100 elementor-top-column elementor-element elementor-element-9f02747\" data-id=\"9f02747\" data-element_type=\"column\" data-e-type=\"column\">\n\t\t\t<div class=\"elementor-widget-wrap elementor-element-populated\">\n\t\t\t\t\t\t<div class=\"elementor-element elementor-element-a7995a2 elementor-widget elementor-widget-heading\" data-id=\"a7995a2\" data-element_type=\"widget\" data-e-type=\"widget\" data-widget_type=\"heading.default\">\n\t\t\t\t<div class=\"elementor-widget-container\">\n\t\t\t\t\t<h1 class=\"elementor-heading-title elementor-size-default\">Professional Scrum \u2122 Facilitation Skills<\/h1>\t\t\t\t<\/div>\n\t\t\t\t<\/div>\n\t\t\t\t<div class=\"elementor-element elementor-element-dcf5881 elementor-widget elementor-widget-text-editor\" data-id=\"dcf5881\" data-element_type=\"widget\" data-e-type=\"widget\" data-widget_type=\"text-editor.default\">\n\t\t\t\t<div class=\"elementor-widget-container\">\n\t\t\t\t\t\t\t\t\t<p>Podczas szkolenia uczestnicy skoncentruj\u0105 sie na tym jak zaadoptowa\u0107 facylitacj\u0119, \u0142\u0105cz\u0105c j\u0105 z warto\u015bciami frameworka Scrum.<\/p>\t\t\t\t\t\t\t\t<\/div>\n\t\t\t\t<\/div>\n\t\t\t\t<div class=\"elementor-element elementor-element-c5fca22 elementor-widget elementor-widget-text-editor\" data-id=\"c5fca22\" data-element_type=\"widget\" data-e-type=\"widget\" data-widget_type=\"text-editor.default\">\n\t\t\t\t<div class=\"elementor-widget-container\">\n\t\t\t\t\t\t\t\t\t<p>Professional Scrum Facilitation Skills jest jednodniowym interaktywnym kursem stworzonym by pom\u00f3c osobom praktykuj\u0105cym w \u015brodowisku Scrum rozwija\u0107 swoje umiej\u0119tno\u015bci facylitacji oraz lepiej porozumie\u0107 sie ze swoimi zespo\u0142ami, zarz\u0105dem oraz klientami. Szkolenie uczy jak efektywnie zrozumie\u0107 i wykorzysta\u0107 techniki facylitacyjne, kt\u00f3re pomagaj\u0105 w rozwi\u0105zywaniu problem\u00f3w oraz wp\u0142ywaj\u0105 pozytywnie na przebieg wydarze\u0144 Scrumowych. Przek\u0142ada si\u0119 to na osi\u0105ganie lepszych rezultat\u00f3w. Podczas szkolenia uczestnicy skoncentruj\u0105 sie na tym jak zaadoptowa\u0107 facylitacj\u0119, \u0142\u0105cz\u0105c j\u0105 z warto\u015bciami frameworka Scrum. Uczniowie zmierz\u0105 si\u0119 z szeregiem stworzonych scenariuszy oraz naucz\u0105 si\u0119 jakich technik u\u017cy\u0107 do ich rozwi\u0105zania.<\/p>\t\t\t\t\t\t\t\t<\/div>\n\t\t\t\t<\/div>\n\t\t\t\t<div class=\"elementor-element elementor-element-2c068ac elementor-widget elementor-widget-heading\" data-id=\"2c068ac\" data-element_type=\"widget\" data-e-type=\"widget\" data-widget_type=\"heading.default\">\n\t\t\t\t<div class=\"elementor-widget-container\">\n\t\t\t\t\t<h2 class=\"elementor-heading-title elementor-size-default\">Tematy kursu PSFS<\/h2>\t\t\t\t<\/div>\n\t\t\t\t<\/div>\n\t\t\t\t<div class=\"elementor-element elementor-element-b05ce77 elementor-widget elementor-widget-text-editor\" data-id=\"b05ce77\" data-element_type=\"widget\" data-e-type=\"widget\" data-widget_type=\"text-editor.default\">\n\t\t\t\t<div class=\"elementor-widget-container\">\n\t\t\t\t\t\t\t\t\t<ul><li>Rozwijanie umiej\u0119tno\u015bci facylitacji i nauczenie si\u0119 my\u015blenia facylitatora<\/li><li>Zasady i pryncypia facylitacji<\/li><li>Zrozumienie roli zasad facylitacji oraz warto\u015bci frameworka Scrum we wsp\u00f3\u0142pracy z zespo\u0142ami Scrumowymi<\/li><li>Zrozumienie w jaki spos\u00f3b facylitacja mo\u017ce rozwi\u0105za\u0107 trudne sytuacje z jakimi mierzy si\u0119 wi\u0119kszo\u015b\u0107 zespo\u0142\u00f3w Scrumowych<\/li><li>Poznanie element\u00f3w dynamiki grupy i ich wp\u0142ywu na proces podejmowania decyzji<\/li><li>Wzmocnienie wsp\u00f3\u0142pracy, uczestnictwa i zaanga\u017cowania w zespole. Nauczenie sie umiej\u0119tno\u015bci podejmowania decyzji przez grup\u0119 przy u\u017cyciu postawy facylitatora oraz odpowiednich narz\u0119dzi<\/li><li>Uczestnicy otrzymaj\u0105 zestaw narz\u0119dzi i technik facylitacji oraz zrozumiej\u0105 w jakich sytuacjach je zastosowa\u0107<\/li><\/ul>\t\t\t\t\t\t\t\t<\/div>\n\t\t\t\t<\/div>\n\t\t\t\t<div class=\"elementor-element elementor-element-8d27ee8 elementor-widget elementor-widget-heading\" data-id=\"8d27ee8\" data-element_type=\"widget\" data-e-type=\"widget\" data-widget_type=\"heading.default\">\n\t\t\t\t<div class=\"elementor-widget-container\">\n\t\t\t\t\t<h2 class=\"elementor-heading-title elementor-size-default\">Dla kogo?<\/h2>\t\t\t\t<\/div>\n\t\t\t\t<\/div>\n\t\t\t\t<div class=\"elementor-element elementor-element-e524519 elementor-widget elementor-widget-text-editor\" data-id=\"e524519\" data-element_type=\"widget\" data-e-type=\"widget\" data-widget_type=\"text-editor.default\">\n\t\t\t\t<div class=\"elementor-widget-container\">\n\t\t\t\t\t\t\t\t\t<ul><li>Scrum Masterzy oraz inni cz\u0142onkowie zespo\u0142\u00f3w scrumowych, kt\u00f3rzy chc\u0105 nauczy\u0107 si\u0119 zasad facylitacji oraz wykorzystania ich w pracy z zespo\u0142em<\/li><li>Agile Coachowie, Scrum Coachowie, Konsultanci<\/li><li>Wszystkie osoby, kt\u00f3re chcia\u0142yby wzmocni\u0107 swoje umiej\u0119tno\u015bci facylitatora<\/li><\/ul>\t\t\t\t\t\t\t\t<\/div>\n\t\t\t\t<\/div>\n\t\t\t\t<div class=\"elementor-element elementor-element-477740a elementor-widget elementor-widget-text-editor\" data-id=\"477740a\" data-element_type=\"widget\" data-e-type=\"widget\" data-widget_type=\"text-editor.default\">\n\t\t\t\t<div class=\"elementor-widget-container\">\n\t\t\t\t\t\t\t\t\t<p>To szkolenie nie jest polecane osobom maj\u0105cym ma\u0142e do\u015bwiadczenie w pracy z frameworkiem Scrum<\/p>\t\t\t\t\t\t\t\t<\/div>\n\t\t\t\t<\/div>\n\t\t\t\t<div class=\"elementor-element elementor-element-7aeb9ce elementor-widget elementor-widget-heading\" data-id=\"7aeb9ce\" data-element_type=\"widget\" data-e-type=\"widget\" data-widget_type=\"heading.default\">\n\t\t\t\t<div class=\"elementor-widget-container\">\n\t\t\t\t\t<h2 class=\"elementor-heading-title elementor-size-default\">W ramach kursu PSFS:<\/h2>\t\t\t\t<\/div>\n\t\t\t\t<\/div>\n\t\t\t\t<div class=\"elementor-element elementor-element-8f3f21a elementor-widget elementor-widget-text-editor\" data-id=\"8f3f21a\" data-element_type=\"widget\" data-e-type=\"widget\" data-widget_type=\"text-editor.default\">\n\t\t\t\t<div class=\"elementor-widget-container\">\n\t\t\t\t\t\t\t\t\t<ul><li>Akredytowane materia\u0142y szkoleniowe Scrum.org<\/li><li>2 podej\u015bcia do egzaminu Professional Scrum Facilitation Skills<\/li><li>7 punkt\u00f3w PDU<\/li><\/ul>\t\t\t\t\t\t\t\t<\/div>\n\t\t\t\t<\/div>\n\t\t\t\t<div class=\"elementor-element elementor-element-0f8f9d6 elementor-align-center elementor-widget elementor-widget-button\" data-id=\"0f8f9d6\" data-element_type=\"widget\" data-e-type=\"widget\" data-widget_type=\"button.default\">\n\t\t\t\t<div class=\"elementor-widget-container\">\n\t\t\t\t\t\t\t\t\t<div class=\"elementor-button-wrapper\">\n\t\t\t\t\t<a class=\"elementor-button elementor-button-link elementor-size-sm\" href=\"https:\/\/magdalenafirlit.com\/pl\/szkolenia-scrum\/\">\n\t\t\t\t\t\t<span class=\"elementor-button-content-wrapper\">\n\t\t\t\t\t\t\t\t\t<span class=\"elementor-button-text\">Zobacz nadchodz\u0105ce publiczne szkolenia Scrum.org<\/span>\n\t\t\t\t\t<\/span>\n\t\t\t\t\t<\/a>\n\t\t\t\t<\/div>\n\t\t\t\t\t\t\t\t<\/div>\n\t\t\t\t<\/div>\n\t\t\t\t<div class=\"elementor-element elementor-element-d22b927 elementor-widget elementor-widget-heading\" data-id=\"d22b927\" data-element_type=\"widget\" data-e-type=\"widget\" data-widget_type=\"heading.default\">\n\t\t\t\t<div class=\"elementor-widget-container\">\n\t\t\t\t\t<h2 class=\"elementor-heading-title elementor-size-default\">Jesli chcesz zam\u00f3wi\u0107 szkolenie Scrum.org wewn\u0119trznie do firmy, skontaktuj si\u0119 z nami.\nOferujemy zni\u017cki przy zam\u00f3wieniach grupowych!<\/h2>\t\t\t\t<\/div>\n\t\t\t\t<\/div>\n\t\t\t\t<div class=\"elementor-element elementor-element-c9affd6 elementor-widget elementor-widget-heading\" data-id=\"c9affd6\" data-element_type=\"widget\" data-e-type=\"widget\" data-widget_type=\"heading.default\">\n\t\t\t\t<div class=\"elementor-widget-container\">\n\t\t\t\t\t<h2 class=\"elementor-heading-title elementor-size-default\">Napisz wiadomo\u015b\u0107!<\/h2>\t\t\t\t<\/div>\n\t\t\t\t<\/div>\n\t\t\t\t<div class=\"elementor-element elementor-element-acc5b81 elementor-button-align-center elementor-mobile-button-align-center elementor-widget elementor-widget-global elementor-global-1019 elementor-widget-form\" data-id=\"acc5b81\" data-element_type=\"widget\" data-e-type=\"widget\" data-settings=\"{&quot;step_next_label&quot;:&quot;Nast\\u0119pny&quot;,&quot;step_previous_label&quot;:&quot;Poprzedni&quot;,&quot;button_width&quot;:&quot;100&quot;,&quot;step_type&quot;:&quot;number_text&quot;,&quot;step_icon_shape&quot;:&quot;circle&quot;}\" data-widget_type=\"form.default\">\n\t\t\t\t<div class=\"elementor-widget-container\">\n\t\t\t\t\t\t\t<form class=\"elementor-form\" method=\"post\" name=\"Formularz kontaktu\" aria-label=\"Formularz kontaktu\">\n\t\t\t<input type=\"hidden\" name=\"post_id\" value=\"11441\"\/>\n\t\t\t<input type=\"hidden\" name=\"form_id\" value=\"acc5b81\"\/>\n\t\t\t<input type=\"hidden\" name=\"referer_title\" value=\"\" \/>\n\n\t\t\t\n\t\t\t<div class=\"elementor-form-fields-wrapper elementor-labels-\">\n\t\t\t\t\t\t\t\t<div class=\"elementor-field-type-text elementor-field-group elementor-column elementor-field-group-name elementor-col-50 elementor-field-required\">\n\t\t\t\t\t\t\t\t\t\t\t\t<label for=\"form-field-name\" class=\"elementor-field-label elementor-screen-only\">\n\t\t\t\t\t\t\t\tNazwa\t\t\t\t\t\t\t<\/label>\n\t\t\t\t\t\t\t\t\t\t\t\t\t\t<input size=\"1\" type=\"text\" name=\"form_fields[name]\" id=\"form-field-name\" class=\"elementor-field elementor-size-sm  elementor-field-textual\" placeholder=\"Imi\u0119, nazwisko\" required=\"required\">\n\t\t\t\t\t\t\t\t\t\t\t<\/div>\n\t\t\t\t\t\t\t\t<div class=\"elementor-field-type-email elementor-field-group elementor-column elementor-field-group-email elementor-col-50 elementor-field-required\">\n\t\t\t\t\t\t\t\t\t\t\t\t<label for=\"form-field-email\" class=\"elementor-field-label elementor-screen-only\">\n\t\t\t\t\t\t\t\tEmail\t\t\t\t\t\t\t<\/label>\n\t\t\t\t\t\t\t\t\t\t\t\t\t\t<input size=\"1\" type=\"email\" name=\"form_fields[email]\" id=\"form-field-email\" class=\"elementor-field elementor-size-sm  elementor-field-textual\" placeholder=\"Email\" required=\"required\">\n\t\t\t\t\t\t\t\t\t\t\t<\/div>\n\t\t\t\t\t\t\t\t<div class=\"elementor-field-type-text elementor-field-group elementor-column elementor-field-group-b26ecb6 elementor-col-50\">\n\t\t\t\t\t\t\t\t\t\t\t\t<label for=\"form-field-b26ecb6\" class=\"elementor-field-label elementor-screen-only\">\n\t\t\t\t\t\t\t\tTelefon\t\t\t\t\t\t\t<\/label>\n\t\t\t\t\t\t\t\t\t\t\t\t\t\t<input size=\"1\" type=\"text\" name=\"form_fields[b26ecb6]\" id=\"form-field-b26ecb6\" class=\"elementor-field elementor-size-sm  elementor-field-textual\" placeholder=\"Telefon\">\n\t\t\t\t\t\t\t\t\t\t\t<\/div>\n\t\t\t\t\t\t\t\t<div class=\"elementor-field-type-text elementor-field-group elementor-column elementor-field-group-894019a elementor-col-50\">\n\t\t\t\t\t\t\t\t\t\t\t\t<label for=\"form-field-894019a\" class=\"elementor-field-label elementor-screen-only\">\n\t\t\t\t\t\t\t\tFirma\t\t\t\t\t\t\t<\/label>\n\t\t\t\t\t\t\t\t\t\t\t\t\t\t<input size=\"1\" type=\"text\" name=\"form_fields[894019a]\" id=\"form-field-894019a\" class=\"elementor-field elementor-size-sm  elementor-field-textual\" placeholder=\"Firma\">\n\t\t\t\t\t\t\t\t\t\t\t<\/div>\n\t\t\t\t\t\t\t\t<div class=\"elementor-field-type-textarea elementor-field-group elementor-column elementor-field-group-message elementor-col-100 elementor-field-required\">\n\t\t\t\t\t\t\t\t\t\t\t\t<label for=\"form-field-message\" class=\"elementor-field-label elementor-screen-only\">\n\t\t\t\t\t\t\t\tWiadomo\u015b\u0107\t\t\t\t\t\t\t<\/label>\n\t\t\t\t\t\t<textarea class=\"elementor-field-textual elementor-field  elementor-size-sm\" name=\"form_fields[message]\" id=\"form-field-message\" rows=\"4\" placeholder=\"Wiadomo\u015b\u0107\" required=\"required\"><\/textarea>\t\t\t\t<\/div>\n\t\t\t\t\t\t\t\t<div class=\"elementor-field-type-recaptcha elementor-field-group elementor-column elementor-field-group-field_1b870c7 elementor-col-100\">\n\t\t\t\t\t<div class=\"elementor-field\" id=\"form-field-field_1b870c7\"><div class=\"elementor-g-recaptcha\" data-sitekey=\"6Ldu2bEZAAAAAIZRfaWGVyGtAKRmrbDXQzGLMbNL\" data-type=\"v2_checkbox\" data-theme=\"light\" data-size=\"normal\"><\/div><\/div>\t\t\t\t<\/div>\n\t\t\t\t\t\t\t\t<div class=\"elementor-field-group elementor-column elementor-field-type-submit elementor-col-100 e-form__buttons\">\n\t\t\t\t\t<button class=\"elementor-button elementor-size-sm\" type=\"submit\">\n\t\t\t\t\t\t<span class=\"elementor-button-content-wrapper\">\n\t\t\t\t\t\t\t\t\t\t\t\t\t\t\t<span class=\"elementor-button-icon\">\n\t\t\t\t\t\t\t\t\t<i aria-hidden=\"true\" class=\"far fa-paper-plane\"><\/i>\t\t\t\t\t\t\t\t\t\t\t\t\t\t\t\t\t<\/span>\n\t\t\t\t\t\t\t\t\t\t\t\t\t\t\t\t\t\t\t\t\t\t<span class=\"elementor-button-text\">Wy\u015blij<\/span>\n\t\t\t\t\t\t\t\t\t\t\t\t\t<\/span>\n\t\t\t\t\t<\/button>\n\t\t\t\t<\/div>\n\t\t\t<\/div>\n\t\t<\/form>\n\t\t\t\t\t\t<\/div>\n\t\t\t\t<\/div>\n\t\t\t\t\t<\/div>\n\t\t<\/div>\n\t\t\t\t\t<\/div>\n\t\t<\/section>\n\t\t\t\t<\/div>\n\t\t","protected":false},"excerpt":{"rendered":"<p>Professional Scrum \u2122 Facilitation Skills Podczas szkolenia uczestnicy skoncentruj\u0105 sie na tym jak zaadoptowa\u0107 facylitacj\u0119, \u0142\u0105cz\u0105c j\u0105 z warto\u015bciami frameworka Scrum. Professional Scrum Facilitation Skills jest jednodniowym interaktywnym kursem stworzonym by pom\u00f3c osobom praktykuj\u0105cym w \u015brodowisku Scrum rozwija\u0107 swoje umiej\u0119tno\u015bci facylitacji oraz lepiej porozumie\u0107 sie ze swoimi zespo\u0142ami, zarz\u0105dem oraz klientami. Szkolenie uczy jak efektywnie [&hellip;]<\/p>\n","protected":false},"author":2,"featured_media":0,"parent":0,"menu_order":0,"comment_status":"closed","ping_status":"closed","template":"","meta":{"_acf_changed":false,"_seopress_robots_primary_cat":"","_seopress_titles_title":"%%post_title%% %%sitetitle%%","_seopress_titles_desc":"Podczas szkolenia uczestnicy skoncentruj\u0105 sie na tym jak zaadoptowa\u0107 facylitacj\u0119, \u0142\u0105cz\u0105c j\u0105 z warto\u015bciami frameworka Scrum.","_seopress_robots_index":"","inline_featured_image":false,"footnotes":""},"class_list":["post-11441","page","type-page","status-publish","hentry"],"acf":[],"_links":{"self":[{"href":"https:\/\/magdalenafirlit.com\/pl\/wp-json\/wp\/v2\/pages\/11441","targetHints":{"allow":["GET"]}}],"collection":[{"href":"https:\/\/magdalenafirlit.com\/pl\/wp-json\/wp\/v2\/pages"}],"about":[{"href":"https:\/\/magdalenafirlit.com\/pl\/wp-json\/wp\/v2\/types\/page"}],"author":[{"embeddable":true,"href":"https:\/\/magdalenafirlit.com\/pl\/wp-json\/wp\/v2\/users\/2"}],"replies":[{"embeddable":true,"href":"https:\/\/magdalenafirlit.com\/pl\/wp-json\/wp\/v2\/comments?post=11441"}],"version-history":[{"count":0,"href":"https:\/\/magdalenafirlit.com\/pl\/wp-json\/wp\/v2\/pages\/11441\/revisions"}],"wp:attachment":[{"href":"https:\/\/magdalenafirlit.com\/pl\/wp-json\/wp\/v2\/media?parent=11441"}],"curies":[{"name":"wp","href":"https:\/\/api.w.org\/{rel}","templated":true}]}}