{"id":14364,"date":"2025-10-14T11:02:29","date_gmt":"2025-10-14T09:02:29","guid":{"rendered":"https:\/\/magdalenafirlit.com\/?page_id=14364"},"modified":"2025-10-14T11:08:49","modified_gmt":"2025-10-14T09:08:49","slug":"professional-scrum-product-owner-ai-essentials","status":"publish","type":"page","link":"https:\/\/magdalenafirlit.com\/pl\/professional-scrum-product-owner-ai-essentials\/","title":{"rendered":"Professional Scrum Product Owner\u2122 &#8211; AI Essentials"},"content":{"rendered":"\t\t<div data-elementor-type=\"wp-page\" data-elementor-id=\"14364\" class=\"elementor elementor-14364\" data-elementor-post-type=\"page\">\n\t\t\t\t\t\t<section class=\"elementor-section elementor-top-section elementor-element elementor-element-02f9a74 elementor-section-boxed elementor-section-height-default elementor-section-height-default\" data-id=\"02f9a74\" data-element_type=\"section\" data-e-type=\"section\">\n\t\t\t\t\t\t<div class=\"elementor-container elementor-column-gap-default\">\n\t\t\t\t\t<div class=\"elementor-column elementor-col-100 elementor-top-column elementor-element elementor-element-4aeb20e\" data-id=\"4aeb20e\" data-element_type=\"column\" data-e-type=\"column\">\n\t\t\t<div class=\"elementor-widget-wrap elementor-element-populated\">\n\t\t\t\t\t\t<div class=\"elementor-element elementor-element-2439c6e elementor-widget elementor-widget-image\" data-id=\"2439c6e\" data-element_type=\"widget\" data-e-type=\"widget\" data-widget_type=\"image.default\">\n\t\t\t\t<div class=\"elementor-widget-container\">\n\t\t\t\t\t\t\t\t\t\t\t\t\t\t\t<img fetchpriority=\"high\" decoding=\"async\" width=\"800\" height=\"800\" src=\"https:\/\/magdalenafirlit.com\/wp-content\/uploads\/2025\/06\/PSPO-AI-Essentials-Course-logo.svg\" class=\"attachment-large size-large wp-image-14194\" alt=\"logo PSPO-AI Essentials\" \/>\t\t\t\t\t\t\t\t\t\t\t\t\t\t\t<\/div>\n\t\t\t\t<\/div>\n\t\t\t\t<div class=\"elementor-element elementor-element-e4f0046 elementor-widget elementor-widget-heading\" data-id=\"e4f0046\" data-element_type=\"widget\" data-e-type=\"widget\" data-widget_type=\"heading.default\">\n\t\t\t\t<div class=\"elementor-widget-container\">\n\t\t\t\t\t<h2 class=\"elementor-heading-title elementor-size-default\">Professional Scrum Product Owner\u2122 - AI Essentials<\/h2>\t\t\t\t<\/div>\n\t\t\t\t<\/div>\n\t\t\t\t<div class=\"elementor-element elementor-element-7064844 elementor-widget elementor-widget-heading\" data-id=\"7064844\" data-element_type=\"widget\" data-e-type=\"widget\" data-widget_type=\"heading.default\">\n\t\t\t\t<div class=\"elementor-widget-container\">\n\t\t\t\t\t<h2 class=\"elementor-heading-title elementor-size-default\">Wykorzystaj sztuczn\u0105 inteligencj\u0119, by podejmowa\u0107 lepsze decyzje.<\/h2>\t\t\t\t<\/div>\n\t\t\t\t<\/div>\n\t\t\t\t<div class=\"elementor-element elementor-element-226dba7 elementor-widget elementor-widget-text-editor\" data-id=\"226dba7\" data-element_type=\"widget\" data-e-type=\"widget\" data-widget_type=\"text-editor.default\">\n\t\t\t\t<div class=\"elementor-widget-container\">\n\t\t\t\t\t\t\t\t\t<p>Sztuczna inteligencja (AI) staje si\u0119 kluczowym narz\u0119dziem w pracy z produktem \u2013 zmienia spos\u00f3b, w jaki podejmujemy decyzje, wsp\u00f3\u0142pracujemy, tworzymy i dostarczamy warto\u015b\u0107. Dobrze u\u017cyta, pomaga szybciej odkrywa\u0107 potrzeby klient\u00f3w, testowa\u0107 pomys\u0142y, eliminowa\u0107 powtarzalne zadania i skupi\u0107 si\u0119 na tym, co naprawd\u0119 wa\u017cne.<\/p><p>Szkolenie <strong>Professional Scrum Product Owner \u2013 AI Essentials (PSPO-AI Essentials)<\/strong> to praktyczne, intensywne warsztaty stworzone z my\u015bl\u0105 o Product Ownerach, Product Managerach, analitykach biznesowych i wszystkich, kt\u00f3rzy chc\u0105 lepiej wykorzystywa\u0107 AI w swojej codziennej pracy z produktem.<\/p><p>Szkolenie ko\u0144czy si\u0119 podej\u015bciem do mi\u0119dzynarodowego egzaminu certyfikacyjnego <strong>PSPO-AI Essentials<\/strong> \u2013 dwa podej\u015bcia w cenie szkolenia!<\/p>\t\t\t\t\t\t\t\t<\/div>\n\t\t\t\t<\/div>\n\t\t\t\t<div class=\"elementor-element elementor-element-430a709 elementor-widget elementor-widget-heading\" data-id=\"430a709\" data-element_type=\"widget\" data-e-type=\"widget\" data-widget_type=\"heading.default\">\n\t\t\t\t<div class=\"elementor-widget-container\">\n\t\t\t\t\t<h2 class=\"elementor-heading-title elementor-size-default\">Dla kogo jest to szkolenie?<\/h2>\t\t\t\t<\/div>\n\t\t\t\t<\/div>\n\t\t\t\t<div class=\"elementor-element elementor-element-01758a6 elementor-widget elementor-widget-text-editor\" data-id=\"01758a6\" data-element_type=\"widget\" data-e-type=\"widget\" data-widget_type=\"text-editor.default\">\n\t\t\t\t<div class=\"elementor-widget-container\">\n\t\t\t\t\t\t\t\t\t<ul><li>Dla Product Owner\u00f3w, kt\u00f3rzy chc\u0105 pracowa\u0107 efektywniej i wykorzysta\u0107 AI do lepszego zarz\u0105dzania produktem<\/li><li>Dla Product Manager\u00f3w, kt\u00f3rzy szukaj\u0105 sposob\u00f3w na wi\u0119ksz\u0105 innowacyjno\u015b\u0107 i trafniejsze decyzje<\/li><li>Dla analityk\u00f3w biznesowych, kt\u00f3rzy chc\u0105 stosowa\u0107 AI w odkrywaniu i walidacji potrzeb u\u017cytkownik\u00f3w<\/li><li>Dla Scrum Master\u00f3w, Agile Coach\u00f3w i lider\u00f3w, kt\u00f3rzy wspieraj\u0105 zespo\u0142y produktowe i chc\u0105 zrozumie\u0107, jak AI wp\u0142ywa na ich rol\u0119<\/li><li>Dla wszystkich os\u00f3b pracuj\u0105cych przy produktach, kt\u00f3re chc\u0105 nad\u0105\u017ca\u0107 za zmianami i lepiej wykorzystywa\u0107 mo\u017cliwo\u015bci AI<\/li><li>Na szkoleniu nie b\u0119dzie podstaw frameworka Scrum. Dla tych, kt\u00f3rzy tego by mogli oczekiwa\u0107 zapraszam na inne szkolenia (np. Professional Scrum Product Owner, Professional Scrum Master czy Applying Professional Scrum).<\/li><\/ul>\t\t\t\t\t\t\t\t<\/div>\n\t\t\t\t<\/div>\n\t\t\t\t<div class=\"elementor-element elementor-element-7af01b2 elementor-widget elementor-widget-heading\" data-id=\"7af01b2\" data-element_type=\"widget\" data-e-type=\"widget\" data-widget_type=\"heading.default\">\n\t\t\t\t<div class=\"elementor-widget-container\">\n\t\t\t\t\t<h2 class=\"elementor-heading-title elementor-size-default\">Czego si\u0119 nauczysz?<\/h2>\t\t\t\t<\/div>\n\t\t\t\t<\/div>\n\t\t\t\t<div class=\"elementor-element elementor-element-61125af elementor-widget elementor-widget-text-editor\" data-id=\"61125af\" data-element_type=\"widget\" data-e-type=\"widget\" data-widget_type=\"text-editor.default\">\n\t\t\t\t<div class=\"elementor-widget-container\">\n\t\t\t\t\t\t\t\t\t<p>Podczas tego szkolenia:<\/p><ul><li>Dowiesz si\u0119, czym jest AI i jak wspiera nowoczesne podej\u015bcie do rozwoju produkt\u00f3w<\/li><li>Poznasz podstawowe poj\u0119cia, takie jak: uczenie maszynowe, deep learning, generatywna AI i AI agentowa<\/li><li>Zobaczysz, jak AI wspiera codzienn\u0105 prac\u0119 Product Ownera \u2013 na praktycznych przyk\u0142adach<\/li><li>Nauczysz si\u0119 korzysta\u0107 z narz\u0119dzi AI (b\u0119dziemy korzysta\u0107 z kilku).<\/li><li>Przejdziesz od teorii do praktyki \u2013 zaczniesz wykorzystywa\u0107 AI w codziennej pracy z produktem<\/li><li>Om\u00f3wimy te\u017c kwestie etyki i bezpiecze\u0144stwa \u2013 czyli jak korzysta\u0107 z AI odpowiedzialnie i \u015bwiadomie<\/li><li>Nauczysz si\u0119 pisa\u0107 trafne prompt\u2019y i uzyskiwa\u0107 z AI warto\u015bciowe rezultaty<\/li><li>Zaczniesz lepiej rozumie\u0107 rynek, tworzy\u0107 persony, wizje produktu, szybciej prototypowa\u0107 i testowa\u0107<\/li><\/ul>\t\t\t\t\t\t\t\t<\/div>\n\t\t\t\t<\/div>\n\t\t\t\t<div class=\"elementor-element elementor-element-3313c03 elementor-widget elementor-widget-heading\" data-id=\"3313c03\" data-element_type=\"widget\" data-e-type=\"widget\" data-widget_type=\"heading.default\">\n\t\t\t\t<div class=\"elementor-widget-container\">\n\t\t\t\t\t<h2 class=\"elementor-heading-title elementor-size-default\">Forma szkolenia<\/h2>\t\t\t\t<\/div>\n\t\t\t\t<\/div>\n\t\t\t\t<div class=\"elementor-element elementor-element-68e28f0 elementor-widget elementor-widget-text-editor\" data-id=\"68e28f0\" data-element_type=\"widget\" data-e-type=\"widget\" data-widget_type=\"text-editor.default\">\n\t\t\t\t<div class=\"elementor-widget-container\">\n\t\t\t\t\t\t\t\t\t<ul><li>Szkolenie trwa 1 dzie\u0144 lub 2 kr\u00f3tsze sesje online<\/li><li>Pracujemy warsztatowo: kr\u00f3tkie wprowadzenia, dyskusje, praca w grupach, \u0107wiczenia z AI<\/li><li>Uczymy si\u0119 na przyk\u0142adach z realnych sytuacji i problem\u00f3w, z jakimi mierz\u0105 si\u0119 osoby pracuj\u0105ce z produktem<\/li><\/ul>\t\t\t\t\t\t\t\t<\/div>\n\t\t\t\t<\/div>\n\t\t\t\t<div class=\"elementor-element elementor-element-601a496 elementor-widget elementor-widget-heading\" data-id=\"601a496\" data-element_type=\"widget\" data-e-type=\"widget\" data-widget_type=\"heading.default\">\n\t\t\t\t<div class=\"elementor-widget-container\">\n\t\t\t\t\t<h2 class=\"elementor-heading-title elementor-size-default\">Certyfikacja<\/h2>\t\t\t\t<\/div>\n\t\t\t\t<\/div>\n\t\t\t\t<div class=\"elementor-element elementor-element-cf52c2c elementor-widget elementor-widget-text-editor\" data-id=\"cf52c2c\" data-element_type=\"widget\" data-e-type=\"widget\" data-widget_type=\"text-editor.default\">\n\t\t\t\t<div class=\"elementor-widget-container\">\n\t\t\t\t\t\t\t\t\t<p>Po uko\u0144czeniu szkolenia uczestnicy otrzymuj\u0105 <strong>darmowy dost\u0119p do egzaminu PSPO-AI Essentials<\/strong>.<br \/>Aby uzyska\u0107 certyfikat, trzeba zdoby\u0107 minimum 85%. Je\u015bli podejdziesz do egzaminu w ci\u0105gu 14 dni i nie zdasz \u2013 otrzymasz drugie podej\u015bcie gratis.<\/p>\t\t\t\t\t\t\t\t<\/div>\n\t\t\t\t<\/div>\n\t\t\t\t<div class=\"elementor-element elementor-element-f89cd5f elementor-widget elementor-widget-text-editor\" data-id=\"f89cd5f\" data-element_type=\"widget\" data-e-type=\"widget\" data-widget_type=\"text-editor.default\">\n\t\t\t\t<div class=\"elementor-widget-container\">\n\t\t\t\t\t\t\t\t\t<p>Je\u015bli chcesz lepiej wykorzystywa\u0107 sztuczn\u0105 inteligencj\u0119 w swojej pracy z produktem \u2013 to szkolenie jest dla Ciebie. Nauczysz si\u0119, jak robi\u0107 to m\u0105drze, etycznie i z realn\u0105 warto\u015bci\u0105 dla zespo\u0142u, klient\u00f3w i biznesu.<\/p>\t\t\t\t\t\t\t\t<\/div>\n\t\t\t\t<\/div>\n\t\t\t\t<div class=\"elementor-element elementor-element-50bba89 elementor-widget elementor-widget-heading\" data-id=\"50bba89\" data-element_type=\"widget\" data-e-type=\"widget\" data-widget_type=\"heading.default\">\n\t\t\t\t<div class=\"elementor-widget-container\">\n\t\t\t\t\t<h2 class=\"elementor-heading-title elementor-size-default\"><a href=\"https:\/\/magdalenafirlit.com\/pl\/szkolenia-scrum\/\">Zobacz nadchodz\u0105ce publiczne szkolenia Scrum.org &gt;&gt;&gt;<\/a><\/h2>\t\t\t\t<\/div>\n\t\t\t\t<\/div>\n\t\t\t\t<div class=\"elementor-element elementor-element-4a0bd4e elementor-widget elementor-widget-heading\" data-id=\"4a0bd4e\" data-element_type=\"widget\" data-e-type=\"widget\" data-widget_type=\"heading.default\">\n\t\t\t\t<div class=\"elementor-widget-container\">\n\t\t\t\t\t<h3 class=\"elementor-heading-title elementor-size-default\"><a href=\"https:\/\/magdalenafirlit.com\/pl\/kontakt\/\">Jesli chcesz zam\u00f3wi\u0107 szkolenie Scrum.org wewn\u0119trznie do firmy, skontaktuj si\u0119 z nami. Oferujemy zni\u017cki przy zam\u00f3wieniach grupowych!<\/a><\/h3>\t\t\t\t<\/div>\n\t\t\t\t<\/div>\n\t\t\t\t<div class=\"elementor-element elementor-element-74cdc25 elementor-widget elementor-widget-spacer\" data-id=\"74cdc25\" data-element_type=\"widget\" data-e-type=\"widget\" data-widget_type=\"spacer.default\">\n\t\t\t\t<div class=\"elementor-widget-container\">\n\t\t\t\t\t\t\t<div class=\"elementor-spacer\">\n\t\t\t<div class=\"elementor-spacer-inner\"><\/div>\n\t\t<\/div>\n\t\t\t\t\t\t<\/div>\n\t\t\t\t<\/div>\n\t\t\t\t\t<\/div>\n\t\t<\/div>\n\t\t\t\t\t<\/div>\n\t\t<\/section>\n\t\t\t\t<\/div>\n\t\t","protected":false},"excerpt":{"rendered":"<p>Professional Scrum Product Owner\u2122 &#8211; AI Essentials Wykorzystaj sztuczn\u0105 inteligencj\u0119, by podejmowa\u0107 lepsze decyzje. Sztuczna inteligencja (AI) staje si\u0119 kluczowym narz\u0119dziem w pracy z produktem \u2013 zmienia spos\u00f3b, w jaki podejmujemy decyzje, wsp\u00f3\u0142pracujemy, tworzymy i dostarczamy warto\u015b\u0107. Dobrze u\u017cyta, pomaga szybciej odkrywa\u0107 potrzeby klient\u00f3w, testowa\u0107 pomys\u0142y, eliminowa\u0107 powtarzalne zadania i skupi\u0107 si\u0119 na tym, co [&hellip;]<\/p>\n","protected":false},"author":2,"featured_media":0,"parent":0,"menu_order":0,"comment_status":"closed","ping_status":"closed","template":"elementor_header_footer","meta":{"_acf_changed":false,"_seopress_robots_primary_cat":"","_seopress_titles_title":"%%post_title%% %%sep%% Magdalena Firlit","_seopress_titles_desc":"Sztuczna inteligencja staje si\u0119 kluczowym narz\u0119dziem w pracy z produktem \u2013 zmienia spos\u00f3b, w jaki podejmujemy decyzje, wsp\u00f3\u0142pracujemy, tworzymy i dostarczamy warto\u015b\u0107.","_seopress_robots_index":"","inline_featured_image":false,"footnotes":""},"class_list":["post-14364","page","type-page","status-publish","hentry"],"acf":[],"_links":{"self":[{"href":"https:\/\/magdalenafirlit.com\/pl\/wp-json\/wp\/v2\/pages\/14364","targetHints":{"allow":["GET"]}}],"collection":[{"href":"https:\/\/magdalenafirlit.com\/pl\/wp-json\/wp\/v2\/pages"}],"about":[{"href":"https:\/\/magdalenafirlit.com\/pl\/wp-json\/wp\/v2\/types\/page"}],"author":[{"embeddable":true,"href":"https:\/\/magdalenafirlit.com\/pl\/wp-json\/wp\/v2\/users\/2"}],"replies":[{"embeddable":true,"href":"https:\/\/magdalenafirlit.com\/pl\/wp-json\/wp\/v2\/comments?post=14364"}],"version-history":[{"count":16,"href":"https:\/\/magdalenafirlit.com\/pl\/wp-json\/wp\/v2\/pages\/14364\/revisions"}],"predecessor-version":[{"id":14585,"href":"https:\/\/magdalenafirlit.com\/pl\/wp-json\/wp\/v2\/pages\/14364\/revisions\/14585"}],"wp:attachment":[{"href":"https:\/\/magdalenafirlit.com\/pl\/wp-json\/wp\/v2\/media?parent=14364"}],"curies":[{"name":"wp","href":"https:\/\/api.w.org\/{rel}","templated":true}]}}