{"id":14449,"date":"2025-09-08T22:16:50","date_gmt":"2025-09-08T20:16:50","guid":{"rendered":"https:\/\/magdalenafirlit.com\/?page_id=14449"},"modified":"2026-02-14T10:30:35","modified_gmt":"2026-02-14T09:30:35","slug":"warsztaty-wystapienia-publiczne","status":"publish","type":"page","link":"https:\/\/magdalenafirlit.com\/pl\/warsztaty-wystapienia-publiczne\/","title":{"rendered":"Warsztaty wyst\u0105pienia publiczne"},"content":{"rendered":"\t\t<div data-elementor-type=\"wp-page\" data-elementor-id=\"14449\" class=\"elementor elementor-14449\" data-elementor-post-type=\"page\">\n\t\t\t\t\t\t<section class=\"elementor-section elementor-top-section elementor-element elementor-element-ccb92cd elementor-section-boxed elementor-section-height-default elementor-section-height-default\" data-id=\"ccb92cd\" data-element_type=\"section\" data-e-type=\"section\">\n\t\t\t\t\t\t<div class=\"elementor-container elementor-column-gap-default\">\n\t\t\t\t\t<div class=\"elementor-column elementor-col-100 elementor-top-column elementor-element elementor-element-1d0ad85\" data-id=\"1d0ad85\" data-element_type=\"column\" data-e-type=\"column\">\n\t\t\t<div class=\"elementor-widget-wrap elementor-element-populated\">\n\t\t\t\t\t\t<div class=\"elementor-element elementor-element-372a5d2 elementor-widget elementor-widget-image\" data-id=\"372a5d2\" data-element_type=\"widget\" data-e-type=\"widget\" data-widget_type=\"image.default\">\n\t\t\t\t<div class=\"elementor-widget-container\">\n\t\t\t\t\t\t\t\t\t\t\t\t\t\t\t<img fetchpriority=\"high\" decoding=\"async\" width=\"500\" height=\"500\" src=\"https:\/\/magdalenafirlit.com\/wp-content\/uploads\/2025\/09\/wystapienia-publiczne.png\" class=\"attachment-full size-full wp-image-14455\" alt=\"logo Warsztaty z wyst\u0105pie\u0144 publicznych by Magdalena Firlit\" srcset=\"https:\/\/magdalenafirlit.com\/wp-content\/uploads\/2025\/09\/wystapienia-publiczne.png 500w, https:\/\/magdalenafirlit.com\/wp-content\/uploads\/2025\/09\/wystapienia-publiczne-300x300.png 300w, https:\/\/magdalenafirlit.com\/wp-content\/uploads\/2025\/09\/wystapienia-publiczne-150x150.png 150w\" sizes=\"(max-width: 500px) 100vw, 500px\" \/>\t\t\t\t\t\t\t\t\t\t\t\t\t\t\t<\/div>\n\t\t\t\t<\/div>\n\t\t\t\t<div class=\"elementor-element elementor-element-0eca9fe elementor-widget elementor-widget-heading\" data-id=\"0eca9fe\" data-element_type=\"widget\" data-e-type=\"widget\" data-widget_type=\"heading.default\">\n\t\t\t\t<div class=\"elementor-widget-container\">\n\t\t\t\t\t<h1 class=\"elementor-heading-title elementor-size-default\">Warsztaty z wyst\u0105pie\u0144 publicznych<\/h1>\t\t\t\t<\/div>\n\t\t\t\t<\/div>\n\t\t\t\t<div class=\"elementor-element elementor-element-9582746 elementor-widget elementor-widget-heading\" data-id=\"9582746\" data-element_type=\"widget\" data-e-type=\"widget\" data-widget_type=\"heading.default\">\n\t\t\t\t<div class=\"elementor-widget-container\">\n\t\t\t\t\t<h2 class=\"elementor-heading-title elementor-size-default\">Warsztat z wyst\u0105pie\u0144 publicznych to intensywne, praktyczne szkolenie, kt\u00f3re pomaga uczestnikom m\u00f3wi\u0107 pewnie, naturalnie i skutecznie \u2013 niezale\u017cnie od tego, czy prowadz\u0105 spotkanie, prezentacj\u0119 biznesow\u0105, czy wyst\u0119puj\u0105 na scenie. Skupiamy si\u0119 na realnych sytuacjach, redukcji stresu i budowaniu autentycznego kontaktu z odbiorcami.<\/h2>\t\t\t\t<\/div>\n\t\t\t\t<\/div>\n\t\t\t\t<div class=\"elementor-element elementor-element-403d0be elementor-widget-divider--view-line elementor-widget elementor-widget-divider\" data-id=\"403d0be\" data-element_type=\"widget\" data-e-type=\"widget\" data-widget_type=\"divider.default\">\n\t\t\t\t<div class=\"elementor-widget-container\">\n\t\t\t\t\t\t\t<div class=\"elementor-divider\">\n\t\t\t<span class=\"elementor-divider-separator\">\n\t\t\t\t\t\t<\/span>\n\t\t<\/div>\n\t\t\t\t\t\t<\/div>\n\t\t\t\t<\/div>\n\t\t\t\t<div class=\"elementor-element elementor-element-b34a784 elementor-widget elementor-widget-heading\" data-id=\"b34a784\" data-element_type=\"widget\" data-e-type=\"widget\" data-widget_type=\"heading.default\">\n\t\t\t\t<div class=\"elementor-widget-container\">\n\t\t\t\t\t<h3 class=\"elementor-heading-title elementor-size-default\">Dla kogo jest ten warsztat?<\/h3>\t\t\t\t<\/div>\n\t\t\t\t<\/div>\n\t\t\t\t<div class=\"elementor-element elementor-element-59c352e elementor-widget elementor-widget-text-editor\" data-id=\"59c352e\" data-element_type=\"widget\" data-e-type=\"widget\" data-widget_type=\"text-editor.default\">\n\t\t\t\t<div class=\"elementor-widget-container\">\n\t\t\t\t\t\t\t\t\t<p>Dla os\u00f3b, kt\u00f3re wyst\u0119puj\u0105 przed zespo\u0142ami, klientami, kamer\u0105 lub na spotkaniach, warsztatach, szkoleniach czy konferencjach \u2013 i chc\u0105 robi\u0107 to z wi\u0119ksz\u0105 swobod\u0105, pewno\u015bci\u0105 siebie oraz realnym wp\u0142ywem na odbiorc\u00f3w. Uczestnicy naucz\u0105 si\u0119, jak \u015bwiadomie przygotowa\u0107 swoje wyst\u0105pienie, opanowa\u0107 stres i wykorzysta\u0107 g\u0142os oraz mow\u0119 cia\u0142a jako narz\u0119dzia perswazji i kontaktu.<\/p>\t\t\t\t\t\t\t\t<\/div>\n\t\t\t\t<\/div>\n\t\t\t\t<div class=\"elementor-element elementor-element-f4016aa elementor-widget elementor-widget-heading\" data-id=\"f4016aa\" data-element_type=\"widget\" data-e-type=\"widget\" data-widget_type=\"heading.default\">\n\t\t\t\t<div class=\"elementor-widget-container\">\n\t\t\t\t\t<h3 class=\"elementor-heading-title elementor-size-default\">Cele warsztatu<\/h3>\t\t\t\t<\/div>\n\t\t\t\t<\/div>\n\t\t\t\t<div class=\"elementor-element elementor-element-7099b3e elementor-widget elementor-widget-text-editor\" data-id=\"7099b3e\" data-element_type=\"widget\" data-e-type=\"widget\" data-widget_type=\"text-editor.default\">\n\t\t\t\t<div class=\"elementor-widget-container\">\n\t\t\t\t\t\t\t\t\t<ul><li>Zmniejszenie stresu i napi\u0119cia zwi\u0105zanego z wyst\u0105pieniami<\/li><li>Rozw\u00f3j umiej\u0119tno\u015bci autoprezentacji, storytellingu i improwizacji<\/li><li>Poznanie technik budowania zaanga\u017cowania i kontaktu z odbiorc\u0105<\/li><li>Praca nad g\u0142osem, postaw\u0105 i komunikacj\u0105 niewerbaln\u0105<\/li><li>Praktyczne prze\u0107wiczenie wyst\u0105pie\u0144 i uzyskanie warto\u015bciowego feedbacku<\/li><\/ul>\t\t\t\t\t\t\t\t<\/div>\n\t\t\t\t<\/div>\n\t\t\t\t<div class=\"elementor-element elementor-element-e8b02f5 elementor-widget elementor-widget-heading\" data-id=\"e8b02f5\" data-element_type=\"widget\" data-e-type=\"widget\" data-widget_type=\"heading.default\">\n\t\t\t\t<div class=\"elementor-widget-container\">\n\t\t\t\t\t<h3 class=\"elementor-heading-title elementor-size-default\">Metody pracy<\/h3>\t\t\t\t<\/div>\n\t\t\t\t<\/div>\n\t\t\t\t<div class=\"elementor-element elementor-element-e49a54f elementor-widget elementor-widget-text-editor\" data-id=\"e49a54f\" data-element_type=\"widget\" data-e-type=\"widget\" data-widget_type=\"text-editor.default\">\n\t\t\t\t<div class=\"elementor-widget-container\">\n\t\t\t\t\t\t\t\t\t<ul><li>Praca warsztatowa, \u0107wiczenia indywidualne i grupowe<\/li><li>Wyst\u0105pienia z informacj\u0105 zwrotn\u0105<\/li><li>Praca z cia\u0142em i g\u0142osem<\/li><li>Konkrety, praktyka i feedback<\/li><li>Przy wersji online, \u0107wiczymy zar\u00f3wno na potrzeby wyst\u0105pie\u0144 wirtualnych, jak i stacjonarnych.<\/li><\/ul>\t\t\t\t\t\t\t\t<\/div>\n\t\t\t\t<\/div>\n\t\t\t\t<div class=\"elementor-element elementor-element-0a4d396 elementor-widget elementor-widget-heading\" data-id=\"0a4d396\" data-element_type=\"widget\" data-e-type=\"widget\" data-widget_type=\"heading.default\">\n\t\t\t\t<div class=\"elementor-widget-container\">\n\t\t\t\t\t<h3 class=\"elementor-heading-title elementor-size-default\">Program warsztatu<\/h3>\t\t\t\t<\/div>\n\t\t\t\t<\/div>\n\t\t\t\t<div class=\"elementor-element elementor-element-e5a04dd elementor-widget elementor-widget-text-editor\" data-id=\"e5a04dd\" data-element_type=\"widget\" data-e-type=\"widget\" data-widget_type=\"text-editor.default\">\n\t\t\t\t<div class=\"elementor-widget-container\">\n\t\t\t\t\t\t\t\t\t<p><strong>Modu\u0142 1. Postawa cia\u0142a i mowa niewerbalna w wyst\u0105pieniach publicznych<\/strong><br \/>Jak Twoja postawa wp\u0142ywa na Twoj\u0105 pewno\u015b\u0107 siebie i odbi\u00f3r przez innych? Uczestnicy ucz\u0105 si\u0119, jak wykorzystywa\u0107 otwart\u0105 postaw\u0119, kontakt wzrokowy i gestykulacj\u0119, a tak\u017ce poznaj\u0105 r\u00f3\u017cnice mi\u0119dzy wyst\u0105pieniami online i stacjonarnymi<\/p><p><strong>Modu\u0142 2. Zarz\u0105dzanie stresem w wyst\u0105pieniach<\/strong><br \/>Dlaczego stres pojawia si\u0119 w wyst\u0105pieniach? Jak dzia\u0142aj\u0105 emocje i reakcje fizjologiczne? Modu\u0142 oparty na pracach i danych z psychofizjologii. Uczestnicy ucz\u0105 si\u0119 technik radzenia sobie w takich sytuacjach.<\/p><p><strong>Modu\u0142 3. Anga\u017cowanie odbiorc\u00f3w i storytelling<\/strong><br \/>Jak utrzyma\u0107 uwag\u0119 i zbudowa\u0107 kontakt z publiczno\u015bci\u0105? Uczestnicy poznaj\u0105 techniki storytellingu, pyta\u0144 retorycznych, reakcji na emocje grupy, a tak\u017ce sposoby radzenia sobie z trudnymi pytaniami.<\/p><p><strong>Modu\u0142 4. Praca z g\u0142osem, intonacj\u0105 i tempem<\/strong><br \/>Jak m\u00f3wi\u0107, \u017ceby nas s\u0142uchano? Praca nad artykulacj\u0105, si\u0142\u0105 g\u0142osu, pauz\u0105 i rytmem wypowiedzi.<\/p><p><strong>Modu\u0142 5. Improwizacja i szybkie reagowanie<\/strong><br \/>Jak m\u00f3wi\u0107, gdy nie jeste\u015bmy przygotowani? Zasady improwizacji i radzenia sobie w sytuacjach spontanicznych.<\/p><p><strong>Czas trwania:<\/strong> 1 dzie\u0144 (8 godzin + przerwy)<\/p><p><strong>Format:<\/strong> Stacjonarnie lub online<\/p>\t\t\t\t\t\t\t\t<\/div>\n\t\t\t\t<\/div>\n\t\t\t\t<div class=\"elementor-element elementor-element-a2a67b4 elementor-widget-divider--view-line elementor-widget elementor-widget-divider\" data-id=\"a2a67b4\" data-element_type=\"widget\" data-e-type=\"widget\" data-widget_type=\"divider.default\">\n\t\t\t\t<div class=\"elementor-widget-container\">\n\t\t\t\t\t\t\t<div class=\"elementor-divider\">\n\t\t\t<span class=\"elementor-divider-separator\">\n\t\t\t\t\t\t<\/span>\n\t\t<\/div>\n\t\t\t\t\t\t<\/div>\n\t\t\t\t<\/div>\n\t\t\t\t<div class=\"elementor-element elementor-element-00ffbb3 elementor-widget elementor-widget-heading\" data-id=\"00ffbb3\" data-element_type=\"widget\" data-e-type=\"widget\" data-widget_type=\"heading.default\">\n\t\t\t\t<div class=\"elementor-widget-container\">\n\t\t\t\t\t<h2 class=\"elementor-heading-title elementor-size-default\">Artyku\u0142y powi\u0105zane z tematem szkolenia<\/h2>\t\t\t\t<\/div>\n\t\t\t\t<\/div>\n\t\t\t\t<div class=\"elementor-element elementor-element-88ad8f1 elementor-posts--thumbnail-none elementor-grid-3 elementor-grid-tablet-2 elementor-grid-mobile-1 elementor-card-shadow-yes elementor-posts__hover-gradient elementor-widget elementor-widget-global elementor-global-15105 elementor-widget-posts\" data-id=\"88ad8f1\" data-element_type=\"widget\" data-e-type=\"widget\" data-settings=\"{&quot;cards_columns&quot;:&quot;3&quot;,&quot;cards_columns_tablet&quot;:&quot;2&quot;,&quot;cards_columns_mobile&quot;:&quot;1&quot;,&quot;cards_row_gap&quot;:{&quot;unit&quot;:&quot;px&quot;,&quot;size&quot;:35,&quot;sizes&quot;:[]},&quot;cards_row_gap_tablet&quot;:{&quot;unit&quot;:&quot;px&quot;,&quot;size&quot;:&quot;&quot;,&quot;sizes&quot;:[]},&quot;cards_row_gap_mobile&quot;:{&quot;unit&quot;:&quot;px&quot;,&quot;size&quot;:&quot;&quot;,&quot;sizes&quot;:[]}}\" data-widget_type=\"posts.cards\">\n\t\t\t\t<div class=\"elementor-widget-container\">\n\t\t\t\t\t\t\t<div class=\"elementor-posts-container elementor-posts elementor-posts--skin-cards elementor-grid\" role=\"list\">\n\t\t\t\t<article class=\"elementor-post elementor-grid-item post-2886 post type-post status-publish format-standard has-post-thumbnail hentry category-certyfikacja\" role=\"listitem\">\n\t\t\t<div class=\"elementor-post__card\">\n\t\t\t\t<div class=\"elementor-post__text\">\n\t\t\t\t<h3 class=\"elementor-post__title\">\n\t\t\t<a href=\"https:\/\/magdalenafirlit.com\/pl\/jak-wybrac-odpowiednie-szkolenie-dla-siebie\/\" target=&quot;_blank&quot;>\n\t\t\t\tJak wybra\u0107 odpowiednie szkolenie dla siebie?\t\t\t<\/a>\n\t\t<\/h3>\n\t\t\t\t<div class=\"elementor-post__excerpt\">\n\t\t\t<p>Rynek szkole\u0144 zwi\u0105zanych ze Scrum i Agile rozwija si\u0119 dynamicznie. To jest naprawd\u0119 \u015bwietna wiadomo\u015b\u0107, poniewa\u017c zwinno\u015b\u0107 wychodzi ju\u017c dawno poza bran\u017c\u0119 IT i oznacza<\/p>\n\t\t<\/div>\n\t\t\t\t<\/div>\n\t\t\t\t<div class=\"elementor-post__meta-data\">\n\t\t\t\t\t<span class=\"elementor-post-author\">\n\t\t\tMagdalena Firlit\t\t<\/span>\n\t\t\t\t<span class=\"elementor-post-date\">\n\t\t\t2020-09-24\t\t<\/span>\n\t\t\t\t<\/div>\n\t\t\t\t\t<\/div>\n\t\t<\/article>\n\t\t\t\t<\/div>\n\t\t\n\t\t\t\t\t\t<\/div>\n\t\t\t\t<\/div>\n\t\t\t\t<div class=\"elementor-element elementor-element-8d0cd6d elementor-widget-divider--view-line elementor-widget elementor-widget-divider\" data-id=\"8d0cd6d\" data-element_type=\"widget\" data-e-type=\"widget\" data-widget_type=\"divider.default\">\n\t\t\t\t<div class=\"elementor-widget-container\">\n\t\t\t\t\t\t\t<div class=\"elementor-divider\">\n\t\t\t<span class=\"elementor-divider-separator\">\n\t\t\t\t\t\t<\/span>\n\t\t<\/div>\n\t\t\t\t\t\t<\/div>\n\t\t\t\t<\/div>\n\t\t\t\t<div class=\"elementor-element elementor-element-4daad90 elementor-widget elementor-widget-heading\" data-id=\"4daad90\" data-element_type=\"widget\" data-e-type=\"widget\" data-widget_type=\"heading.default\">\n\t\t\t\t<div class=\"elementor-widget-container\">\n\t\t\t\t\t<h2 class=\"elementor-heading-title elementor-size-default\">Inne kursy autorskie<\/h2>\t\t\t\t<\/div>\n\t\t\t\t<\/div>\n\t\t\t\t<div class=\"elementor-element elementor-element-ecc081b elementor-nav-menu__text-align-aside elementor-widget elementor-widget-global elementor-global-15081 elementor-widget-nav-menu\" data-id=\"ecc081b\" data-element_type=\"widget\" data-e-type=\"widget\" data-settings=\"{&quot;layout&quot;:&quot;dropdown&quot;,&quot;submenu_icon&quot;:{&quot;value&quot;:&quot;fas fa-caret-down&quot;,&quot;library&quot;:&quot;fa-solid&quot;}}\" data-widget_type=\"nav-menu.default\">\n\t\t\t\t<div class=\"elementor-widget-container\">\n\t\t\t\t\t\t\t\t<nav class=\"elementor-nav-menu--dropdown elementor-nav-menu__container\" aria-hidden=\"true\">\n\t\t\t\t<ul id=\"menu-2-ecc081b\" class=\"elementor-nav-menu\"><li class=\"menu-item menu-item-type-post_type menu-item-object-page menu-item-15041\"><a href=\"https:\/\/magdalenafirlit.com\/pl\/negocjacje-w-codziennej-pracy\/\" class=\"elementor-item\" tabindex=\"-1\">Negocjacje w codziennej pracy<\/a><\/li>\n<li class=\"menu-item menu-item-type-post_type menu-item-object-page menu-item-15042\"><a href=\"https:\/\/magdalenafirlit.com\/pl\/warsztaty-wystapienia-publiczne\/\" class=\"elementor-item\" tabindex=\"-1\">Wyst\u0105pienia publiczne<\/a><\/li>\n<li class=\"menu-item menu-item-type-post_type menu-item-object-page menu-item-15043\"><a href=\"https:\/\/magdalenafirlit.com\/pl\/agile-risk-management\/\" class=\"elementor-item\" tabindex=\"-1\">Zwinne zarz\u0105dzanie ryzykiem<\/a><\/li>\n<li class=\"menu-item menu-item-type-post_type menu-item-object-page menu-item-15045\"><a href=\"https:\/\/magdalenafirlit.com\/pl\/dysfunkcje-pracy-zespolowej\/\" class=\"elementor-item\" tabindex=\"-1\">Dysfunkcje pracy zespo\u0142owej<\/a><\/li>\n<li class=\"menu-item menu-item-type-post_type menu-item-object-page menu-item-15046\"><a href=\"https:\/\/magdalenafirlit.com\/pl\/wstep-do-evidence-based-management\/\" class=\"elementor-item\" tabindex=\"-1\">Warsztaty Evidence-Based Management\u200b<\/a><\/li>\n<li class=\"menu-item menu-item-type-post_type menu-item-object-page menu-item-15047\"><a href=\"https:\/\/magdalenafirlit.com\/pl\/wprowadzenie-do-agile\/\" class=\"elementor-item\" tabindex=\"-1\">Wprowadzenie do Agile<\/a><\/li>\n<li class=\"menu-item menu-item-type-post_type menu-item-object-page menu-item-15048\"><a href=\"https:\/\/magdalenafirlit.com\/pl\/liberating-structures-warsztaty-facylitacyjne\/\" class=\"elementor-item\" tabindex=\"-1\">Liberating Structures<\/a><\/li>\n<li class=\"menu-item menu-item-type-post_type menu-item-object-page menu-item-15049\"><a href=\"https:\/\/magdalenafirlit.com\/pl\/agile-leadership-podstawy\/\" class=\"elementor-item\" tabindex=\"-1\">Zwinne przyw\u00f3dztwo<\/a><\/li>\n<li class=\"menu-item menu-item-type-post_type menu-item-object-page menu-item-15050\"><a href=\"https:\/\/magdalenafirlit.com\/pl\/coaching-wprowadzenie-i-podstawowe-narzedzia\/\" class=\"elementor-item\" tabindex=\"-1\">Coaching<\/a><\/li>\n<li class=\"menu-item menu-item-type-post_type menu-item-object-page menu-item-15051\"><a href=\"https:\/\/magdalenafirlit.com\/pl\/important-goals-warsztat-transformacyjny\/\" class=\"elementor-item\" tabindex=\"-1\">Wa\u017cne cele<\/a><\/li>\n<li class=\"menu-item menu-item-type-post_type menu-item-object-page menu-item-15052\"><a href=\"https:\/\/magdalenafirlit.com\/pl\/agile-transformacja-warsztaty-dla-kadry-zarzadzajacej\/\" class=\"elementor-item\" tabindex=\"-1\">Transformacja Agile &#8211; warsztaty dla zarz\u0105du<\/a><\/li>\n<\/ul>\t\t\t<\/nav>\n\t\t\t\t\t\t<\/div>\n\t\t\t\t<\/div>\n\t\t\t\t<div class=\"elementor-element elementor-element-20d10fb elementor-widget elementor-widget-global elementor-global-15087 elementor-widget-heading\" data-id=\"20d10fb\" data-element_type=\"widget\" data-e-type=\"widget\" data-widget_type=\"heading.default\">\n\t\t\t\t<div class=\"elementor-widget-container\">\n\t\t\t\t\t<h2 class=\"elementor-heading-title elementor-size-default\"><a href=\"#menu\">[do g\u00f3ry]<\/a><\/h2>\t\t\t\t<\/div>\n\t\t\t\t<\/div>\n\t\t\t\t<div class=\"elementor-element elementor-element-fbf78ae elementor-widget elementor-widget-heading\" data-id=\"fbf78ae\" data-element_type=\"widget\" data-e-type=\"widget\" data-widget_type=\"heading.default\">\n\t\t\t\t<div class=\"elementor-widget-container\">\n\t\t\t\t\t<h2 class=\"elementor-heading-title elementor-size-default\">Zapytaj o to szkolenie<\/h2>\t\t\t\t<\/div>\n\t\t\t\t<\/div>\n\t\t\t\t<div class=\"elementor-element elementor-element-3cc116b elementor-button-align-center elementor-mobile-button-align-center elementor-widget elementor-widget-global elementor-global-1019 elementor-widget-form\" data-id=\"3cc116b\" data-element_type=\"widget\" data-e-type=\"widget\" data-settings=\"{&quot;step_next_label&quot;:&quot;Nast\\u0119pny&quot;,&quot;step_previous_label&quot;:&quot;Poprzedni&quot;,&quot;button_width&quot;:&quot;100&quot;,&quot;step_type&quot;:&quot;number_text&quot;,&quot;step_icon_shape&quot;:&quot;circle&quot;}\" data-widget_type=\"form.default\">\n\t\t\t\t<div class=\"elementor-widget-container\">\n\t\t\t\t\t\t\t<form class=\"elementor-form\" method=\"post\" name=\"Formularz kontaktu\" aria-label=\"Formularz kontaktu\">\n\t\t\t<input type=\"hidden\" name=\"post_id\" value=\"14449\"\/>\n\t\t\t<input type=\"hidden\" name=\"form_id\" value=\"3cc116b\"\/>\n\t\t\t<input type=\"hidden\" name=\"referer_title\" value=\"\" \/>\n\n\t\t\t\n\t\t\t<div class=\"elementor-form-fields-wrapper elementor-labels-\">\n\t\t\t\t\t\t\t\t<div class=\"elementor-field-type-text elementor-field-group elementor-column elementor-field-group-name elementor-col-50 elementor-field-required\">\n\t\t\t\t\t\t\t\t\t\t\t\t<label for=\"form-field-name\" class=\"elementor-field-label elementor-screen-only\">\n\t\t\t\t\t\t\t\tNazwa\t\t\t\t\t\t\t<\/label>\n\t\t\t\t\t\t\t\t\t\t\t\t\t\t<input size=\"1\" type=\"text\" name=\"form_fields[name]\" id=\"form-field-name\" class=\"elementor-field elementor-size-sm  elementor-field-textual\" placeholder=\"Imi\u0119, nazwisko\" required=\"required\">\n\t\t\t\t\t\t\t\t\t\t\t<\/div>\n\t\t\t\t\t\t\t\t<div class=\"elementor-field-type-email elementor-field-group elementor-column elementor-field-group-email elementor-col-50 elementor-field-required\">\n\t\t\t\t\t\t\t\t\t\t\t\t<label for=\"form-field-email\" class=\"elementor-field-label elementor-screen-only\">\n\t\t\t\t\t\t\t\tEmail\t\t\t\t\t\t\t<\/label>\n\t\t\t\t\t\t\t\t\t\t\t\t\t\t<input size=\"1\" type=\"email\" name=\"form_fields[email]\" id=\"form-field-email\" class=\"elementor-field elementor-size-sm  elementor-field-textual\" placeholder=\"Email\" required=\"required\">\n\t\t\t\t\t\t\t\t\t\t\t<\/div>\n\t\t\t\t\t\t\t\t<div class=\"elementor-field-type-text elementor-field-group elementor-column elementor-field-group-b26ecb6 elementor-col-50\">\n\t\t\t\t\t\t\t\t\t\t\t\t<label for=\"form-field-b26ecb6\" class=\"elementor-field-label elementor-screen-only\">\n\t\t\t\t\t\t\t\tTelefon\t\t\t\t\t\t\t<\/label>\n\t\t\t\t\t\t\t\t\t\t\t\t\t\t<input size=\"1\" type=\"text\" name=\"form_fields[b26ecb6]\" id=\"form-field-b26ecb6\" class=\"elementor-field elementor-size-sm  elementor-field-textual\" placeholder=\"Telefon\">\n\t\t\t\t\t\t\t\t\t\t\t<\/div>\n\t\t\t\t\t\t\t\t<div class=\"elementor-field-type-text elementor-field-group elementor-column elementor-field-group-894019a elementor-col-50\">\n\t\t\t\t\t\t\t\t\t\t\t\t<label for=\"form-field-894019a\" class=\"elementor-field-label elementor-screen-only\">\n\t\t\t\t\t\t\t\tFirma\t\t\t\t\t\t\t<\/label>\n\t\t\t\t\t\t\t\t\t\t\t\t\t\t<input size=\"1\" type=\"text\" name=\"form_fields[894019a]\" id=\"form-field-894019a\" class=\"elementor-field elementor-size-sm  elementor-field-textual\" placeholder=\"Firma\">\n\t\t\t\t\t\t\t\t\t\t\t<\/div>\n\t\t\t\t\t\t\t\t<div class=\"elementor-field-type-textarea elementor-field-group elementor-column elementor-field-group-message elementor-col-100 elementor-field-required\">\n\t\t\t\t\t\t\t\t\t\t\t\t<label for=\"form-field-message\" class=\"elementor-field-label elementor-screen-only\">\n\t\t\t\t\t\t\t\tWiadomo\u015b\u0107\t\t\t\t\t\t\t<\/label>\n\t\t\t\t\t\t<textarea class=\"elementor-field-textual elementor-field  elementor-size-sm\" name=\"form_fields[message]\" id=\"form-field-message\" rows=\"4\" placeholder=\"Wiadomo\u015b\u0107\" required=\"required\"><\/textarea>\t\t\t\t<\/div>\n\t\t\t\t\t\t\t\t<div class=\"elementor-field-type-recaptcha elementor-field-group elementor-column elementor-field-group-field_1b870c7 elementor-col-100\">\n\t\t\t\t\t<div class=\"elementor-field\" id=\"form-field-field_1b870c7\"><div class=\"elementor-g-recaptcha\" data-sitekey=\"6Ldu2bEZAAAAAIZRfaWGVyGtAKRmrbDXQzGLMbNL\" data-type=\"v2_checkbox\" data-theme=\"light\" data-size=\"normal\"><\/div><\/div>\t\t\t\t<\/div>\n\t\t\t\t\t\t\t\t<div class=\"elementor-field-group elementor-column elementor-field-type-submit elementor-col-100 e-form__buttons\">\n\t\t\t\t\t<button class=\"elementor-button elementor-size-sm\" type=\"submit\">\n\t\t\t\t\t\t<span class=\"elementor-button-content-wrapper\">\n\t\t\t\t\t\t\t\t\t\t\t\t\t\t\t<span class=\"elementor-button-icon\">\n\t\t\t\t\t\t\t\t\t<i aria-hidden=\"true\" class=\"far fa-paper-plane\"><\/i>\t\t\t\t\t\t\t\t\t\t\t\t\t\t\t\t\t<\/span>\n\t\t\t\t\t\t\t\t\t\t\t\t\t\t\t\t\t\t\t\t\t\t<span class=\"elementor-button-text\">Wy\u015blij<\/span>\n\t\t\t\t\t\t\t\t\t\t\t\t\t<\/span>\n\t\t\t\t\t<\/button>\n\t\t\t\t<\/div>\n\t\t\t<\/div>\n\t\t<\/form>\n\t\t\t\t\t\t<\/div>\n\t\t\t\t<\/div>\n\t\t\t\t<div class=\"elementor-element elementor-element-f56a37d elementor-widget elementor-widget-spacer\" data-id=\"f56a37d\" data-element_type=\"widget\" data-e-type=\"widget\" data-widget_type=\"spacer.default\">\n\t\t\t\t<div class=\"elementor-widget-container\">\n\t\t\t\t\t\t\t<div class=\"elementor-spacer\">\n\t\t\t<div class=\"elementor-spacer-inner\"><\/div>\n\t\t<\/div>\n\t\t\t\t\t\t<\/div>\n\t\t\t\t<\/div>\n\t\t\t\t\t<\/div>\n\t\t<\/div>\n\t\t\t\t\t<\/div>\n\t\t<\/section>\n\t\t\t\t<\/div>\n\t\t","protected":false},"excerpt":{"rendered":"<p>Warsztaty z wyst\u0105pie\u0144 publicznych Warsztat z wyst\u0105pie\u0144 publicznych to intensywne, praktyczne szkolenie, kt\u00f3re pomaga uczestnikom m\u00f3wi\u0107 pewnie, naturalnie i skutecznie \u2013 niezale\u017cnie od tego, czy prowadz\u0105 spotkanie, prezentacj\u0119 biznesow\u0105, czy wyst\u0119puj\u0105 na scenie. Skupiamy si\u0119 na realnych sytuacjach, redukcji stresu i budowaniu autentycznego kontaktu z odbiorcami. Dla kogo jest ten warsztat? Dla os\u00f3b, kt\u00f3re wyst\u0119puj\u0105 [&hellip;]<\/p>\n","protected":false},"author":2,"featured_media":0,"parent":0,"menu_order":0,"comment_status":"closed","ping_status":"closed","template":"elementor_header_footer","meta":{"_acf_changed":false,"_seopress_robots_primary_cat":"","_seopress_titles_title":"Warsztaty z wyst\u0105pie\u0144 publicznych - Magdalena Firlit PST","_seopress_titles_desc":"Szkolenie pomaga uczestnikom m\u00f3wi\u0107 pewnie, naturalnie i skutecznie, niezale\u017cnie od tego, czy prowadz\u0105 spotkanie, prezentacj\u0119 biznesow\u0105, czy wyst\u0119puj\u0105 na scenie.","_seopress_robots_index":"","inline_featured_image":false,"footnotes":""},"class_list":["post-14449","page","type-page","status-publish","hentry"],"acf":[],"_links":{"self":[{"href":"https:\/\/magdalenafirlit.com\/pl\/wp-json\/wp\/v2\/pages\/14449","targetHints":{"allow":["GET"]}}],"collection":[{"href":"https:\/\/magdalenafirlit.com\/pl\/wp-json\/wp\/v2\/pages"}],"about":[{"href":"https:\/\/magdalenafirlit.com\/pl\/wp-json\/wp\/v2\/types\/page"}],"author":[{"embeddable":true,"href":"https:\/\/magdalenafirlit.com\/pl\/wp-json\/wp\/v2\/users\/2"}],"replies":[{"embeddable":true,"href":"https:\/\/magdalenafirlit.com\/pl\/wp-json\/wp\/v2\/comments?post=14449"}],"version-history":[{"count":19,"href":"https:\/\/magdalenafirlit.com\/pl\/wp-json\/wp\/v2\/pages\/14449\/revisions"}],"predecessor-version":[{"id":15116,"href":"https:\/\/magdalenafirlit.com\/pl\/wp-json\/wp\/v2\/pages\/14449\/revisions\/15116"}],"wp:attachment":[{"href":"https:\/\/magdalenafirlit.com\/pl\/wp-json\/wp\/v2\/media?parent=14449"}],"curies":[{"name":"wp","href":"https:\/\/api.w.org\/{rel}","templated":true}]}}