{"id":3202,"date":"2020-11-08T18:44:12","date_gmt":"2020-11-08T17:44:12","guid":{"rendered":"https:\/\/magdalenafirlit.com\/?page_id=3202"},"modified":"2026-03-02T10:53:16","modified_gmt":"2026-03-02T09:53:16","slug":"coaching-wprowadzenie-i-podstawowe-narzedzia","status":"publish","type":"page","link":"https:\/\/magdalenafirlit.com\/pl\/coaching-wprowadzenie-i-podstawowe-narzedzia\/","title":{"rendered":"Coaching &#8211; wprowadzenie i podstawowe narz\u0119dzia"},"content":{"rendered":"\t\t<div data-elementor-type=\"wp-page\" data-elementor-id=\"3202\" class=\"elementor elementor-3202\" data-elementor-post-type=\"page\">\n\t\t\t\t\t\t<section class=\"elementor-section elementor-top-section elementor-element elementor-element-0d13ad4 elementor-section-boxed elementor-section-height-default elementor-section-height-default\" data-id=\"0d13ad4\" data-element_type=\"section\" data-e-type=\"section\">\n\t\t\t\t\t\t<div class=\"elementor-container elementor-column-gap-default\">\n\t\t\t\t\t<div class=\"elementor-column elementor-col-100 elementor-top-column elementor-element elementor-element-2891772\" data-id=\"2891772\" data-element_type=\"column\" data-e-type=\"column\">\n\t\t\t<div class=\"elementor-widget-wrap elementor-element-populated\">\n\t\t\t\t\t\t<div class=\"elementor-element elementor-element-2018b10 elementor-widget elementor-widget-image\" data-id=\"2018b10\" data-element_type=\"widget\" data-e-type=\"widget\" data-widget_type=\"image.default\">\n\t\t\t\t<div class=\"elementor-widget-container\">\n\t\t\t\t\t\t\t\t\t\t\t\t\t\t\t<img fetchpriority=\"high\" decoding=\"async\" width=\"500\" height=\"500\" src=\"https:\/\/magdalenafirlit.com\/wp-content\/uploads\/2025\/09\/coaching.png\" class=\"attachment-large size-large wp-image-14425\" alt=\"logo Coaching by Magdalena Firlit\" srcset=\"https:\/\/magdalenafirlit.com\/wp-content\/uploads\/2025\/09\/coaching.png 500w, https:\/\/magdalenafirlit.com\/wp-content\/uploads\/2025\/09\/coaching-300x300.png 300w, https:\/\/magdalenafirlit.com\/wp-content\/uploads\/2025\/09\/coaching-150x150.png 150w\" sizes=\"(max-width: 500px) 100vw, 500px\" \/>\t\t\t\t\t\t\t\t\t\t\t\t\t\t\t<\/div>\n\t\t\t\t<\/div>\n\t\t\t\t<div class=\"elementor-element elementor-element-9c8e817 elementor-widget elementor-widget-heading\" data-id=\"9c8e817\" data-element_type=\"widget\" data-e-type=\"widget\" data-widget_type=\"heading.default\">\n\t\t\t\t<div class=\"elementor-widget-container\">\n\t\t\t\t\t<h1 class=\"elementor-heading-title elementor-size-default\">Coaching \u2013 wprowadzenie i podstawowe narz\u0119dzia\n<\/h1>\t\t\t\t<\/div>\n\t\t\t\t<\/div>\n\t\t\t\t<div class=\"elementor-element elementor-element-207f0f0 elementor-widget elementor-widget-heading\" data-id=\"207f0f0\" data-element_type=\"widget\" data-e-type=\"widget\" data-widget_type=\"heading.default\">\n\t\t\t\t<div class=\"elementor-widget-container\">\n\t\t\t\t\t<h2 class=\"elementor-heading-title elementor-size-default\">Jest to 4-godzinny warsztat wprowadzaj\u0105cy w zagadnienie profesjonalnego coachingu. Szkolenie Coaching jest przeprowadzane w praktyczny spos\u00f3b i jest u\u017cyteczne dla wszystkich, kt\u00f3rzy pracuj\u0105 na co dzie\u0144 z zespo\u0142ami lub og\u00f3lnie z du\u017c\u0105 liczb\u0105 os\u00f3b. Celem warsztatu jest przyswojenie przez uczestnik\u00f3w koncepcji coachingu, prze\u0107wiczenie pyta\u0144 otwieraj\u0105cych, wp\u0142ywowych, a tak\u017ce zainspirowanie do dalszego rozwoju w tym temacie.<\/h2>\t\t\t\t<\/div>\n\t\t\t\t<\/div>\n\t\t\t\t<div class=\"elementor-element elementor-element-fb35b36 elementor-widget-divider--view-line elementor-widget elementor-widget-divider\" data-id=\"fb35b36\" data-element_type=\"widget\" data-e-type=\"widget\" data-widget_type=\"divider.default\">\n\t\t\t\t<div class=\"elementor-widget-container\">\n\t\t\t\t\t\t\t<div class=\"elementor-divider\">\n\t\t\t<span class=\"elementor-divider-separator\">\n\t\t\t\t\t\t<\/span>\n\t\t<\/div>\n\t\t\t\t\t\t<\/div>\n\t\t\t\t<\/div>\n\t\t\t\t<div class=\"elementor-element elementor-element-937dcc2 elementor-widget elementor-widget-heading\" data-id=\"937dcc2\" data-element_type=\"widget\" data-e-type=\"widget\" data-widget_type=\"heading.default\">\n\t\t\t\t<div class=\"elementor-widget-container\">\n\t\t\t\t\t<h2 class=\"elementor-heading-title elementor-size-default\">Tematy kursu Coaching<\/h2>\t\t\t\t<\/div>\n\t\t\t\t<\/div>\n\t\t\t\t<div class=\"elementor-element elementor-element-fb3505d elementor-widget elementor-widget-text-editor\" data-id=\"fb3505d\" data-element_type=\"widget\" data-e-type=\"widget\" data-widget_type=\"text-editor.default\">\n\t\t\t\t<div class=\"elementor-widget-container\">\n\t\t\t\t\t\t\t\t\t<ul><li>Czym jest coaching, dlaczego jest u\u017cyteczny, jak zastosowa\u0107 na co dzie\u0144 w pracy<\/li><li>Narz\u0119dzia coachingowe (model GROW, st\u00f3\u0142 mentor\u00f3w i kilka innych)<\/li><li>Otwieraj\u0105ce, wp\u0142ywowe pytania \u2013 jak u\u017cy\u0107 w pracy<\/li><\/ul>\t\t\t\t\t\t\t\t<\/div>\n\t\t\t\t<\/div>\n\t\t\t\t<div class=\"elementor-element elementor-element-8334728 elementor-widget elementor-widget-heading\" data-id=\"8334728\" data-element_type=\"widget\" data-e-type=\"widget\" data-widget_type=\"heading.default\">\n\t\t\t\t<div class=\"elementor-widget-container\">\n\t\t\t\t\t<h3 class=\"elementor-heading-title elementor-size-default\">Coaching \u2013 wprowadzenie i podstawowe narz\u0119dzia\n - Dla kogo?<\/h3>\t\t\t\t<\/div>\n\t\t\t\t<\/div>\n\t\t\t\t<div class=\"elementor-element elementor-element-1e6f8a1 elementor-widget elementor-widget-text-editor\" data-id=\"1e6f8a1\" data-element_type=\"widget\" data-e-type=\"widget\" data-widget_type=\"text-editor.default\">\n\t\t\t\t<div class=\"elementor-widget-container\">\n\t\t\t\t\t\t\t\t\t<ul><li>zespo\u0142y<\/li><li>management<\/li><li>Scrum Master<\/li><li>Agile Coach<\/li><\/ul>\t\t\t\t\t\t\t\t<\/div>\n\t\t\t\t<\/div>\n\t\t\t\t<div class=\"elementor-element elementor-element-7c9ca32 elementor-widget elementor-widget-heading\" data-id=\"7c9ca32\" data-element_type=\"widget\" data-e-type=\"widget\" data-widget_type=\"heading.default\">\n\t\t\t\t<div class=\"elementor-widget-container\">\n\t\t\t\t\t<h3 class=\"elementor-heading-title elementor-size-default\">Kursy autorskie oferowane s\u0105 jako wewn\u0119trzne szkolenia dla firm. Zapraszamy do kontaktu.<\/h3>\t\t\t\t<\/div>\n\t\t\t\t<\/div>\n\t\t\t\t<div class=\"elementor-element elementor-element-52288d1 elementor-widget elementor-widget-heading\" data-id=\"52288d1\" data-element_type=\"widget\" data-e-type=\"widget\" data-widget_type=\"heading.default\">\n\t\t\t\t<div class=\"elementor-widget-container\">\n\t\t\t\t\t<h2 class=\"elementor-heading-title elementor-size-default\">Artyku\u0142y powi\u0105zane z tematem szkolenia<\/h2>\t\t\t\t<\/div>\n\t\t\t\t<\/div>\n\t\t\t\t<div class=\"elementor-element elementor-element-3af3585 elementor-posts--thumbnail-none elementor-grid-3 elementor-grid-tablet-2 elementor-grid-mobile-1 elementor-card-shadow-yes elementor-posts__hover-gradient elementor-widget elementor-widget-global elementor-global-15105 elementor-widget-posts\" data-id=\"3af3585\" data-element_type=\"widget\" data-e-type=\"widget\" data-settings=\"{&quot;cards_columns&quot;:&quot;3&quot;,&quot;cards_columns_tablet&quot;:&quot;2&quot;,&quot;cards_columns_mobile&quot;:&quot;1&quot;,&quot;cards_row_gap&quot;:{&quot;unit&quot;:&quot;px&quot;,&quot;size&quot;:35,&quot;sizes&quot;:[]},&quot;cards_row_gap_tablet&quot;:{&quot;unit&quot;:&quot;px&quot;,&quot;size&quot;:&quot;&quot;,&quot;sizes&quot;:[]},&quot;cards_row_gap_mobile&quot;:{&quot;unit&quot;:&quot;px&quot;,&quot;size&quot;:&quot;&quot;,&quot;sizes&quot;:[]}}\" data-widget_type=\"posts.cards\">\n\t\t\t\t<div class=\"elementor-widget-container\">\n\t\t\t\t\t\t\t<div class=\"elementor-posts-container elementor-posts elementor-posts--skin-cards elementor-grid\" role=\"list\">\n\t\t\t\t<article class=\"elementor-post elementor-grid-item post-2886 post type-post status-publish format-standard has-post-thumbnail hentry category-certyfikacja\" role=\"listitem\">\n\t\t\t<div class=\"elementor-post__card\">\n\t\t\t\t<div class=\"elementor-post__text\">\n\t\t\t\t<h3 class=\"elementor-post__title\">\n\t\t\t<a href=\"https:\/\/magdalenafirlit.com\/pl\/jak-wybrac-odpowiednie-szkolenie-dla-siebie\/\" target=&quot;_blank&quot;>\n\t\t\t\tJak wybra\u0107 odpowiednie szkolenie dla siebie?\t\t\t<\/a>\n\t\t<\/h3>\n\t\t\t\t<div class=\"elementor-post__excerpt\">\n\t\t\t<p>Rynek szkole\u0144 zwi\u0105zanych ze Scrum i Agile rozwija si\u0119 dynamicznie. To jest naprawd\u0119 \u015bwietna wiadomo\u015b\u0107, poniewa\u017c zwinno\u015b\u0107 wychodzi ju\u017c dawno poza bran\u017c\u0119 IT i oznacza<\/p>\n\t\t<\/div>\n\t\t\t\t<\/div>\n\t\t\t\t<div class=\"elementor-post__meta-data\">\n\t\t\t\t\t<span class=\"elementor-post-author\">\n\t\t\tMagdalena Firlit\t\t<\/span>\n\t\t\t\t<span class=\"elementor-post-date\">\n\t\t\t2020-09-24\t\t<\/span>\n\t\t\t\t<\/div>\n\t\t\t\t\t<\/div>\n\t\t<\/article>\n\t\t\t\t<\/div>\n\t\t\n\t\t\t\t\t\t<\/div>\n\t\t\t\t<\/div>\n\t\t\t\t<div class=\"elementor-element elementor-element-bea0432 elementor-widget elementor-widget-heading\" data-id=\"bea0432\" data-element_type=\"widget\" data-e-type=\"widget\" data-widget_type=\"heading.default\">\n\t\t\t\t<div class=\"elementor-widget-container\">\n\t\t\t\t\t<h3 class=\"elementor-heading-title elementor-size-default\">Inne kursy autorskie<\/h3>\t\t\t\t<\/div>\n\t\t\t\t<\/div>\n\t\t\t\t<div class=\"elementor-element elementor-element-212633c elementor-nav-menu__text-align-aside elementor-widget elementor-widget-global elementor-global-15081 elementor-widget-nav-menu\" data-id=\"212633c\" data-element_type=\"widget\" data-e-type=\"widget\" data-settings=\"{&quot;layout&quot;:&quot;dropdown&quot;,&quot;submenu_icon&quot;:{&quot;value&quot;:&quot;fas fa-caret-down&quot;,&quot;library&quot;:&quot;fa-solid&quot;}}\" data-widget_type=\"nav-menu.default\">\n\t\t\t\t<div class=\"elementor-widget-container\">\n\t\t\t\t\t\t\t\t<nav class=\"elementor-nav-menu--dropdown elementor-nav-menu__container\" aria-hidden=\"true\">\n\t\t\t\t<ul id=\"menu-2-212633c\" class=\"elementor-nav-menu\"><li class=\"menu-item menu-item-type-post_type menu-item-object-page menu-item-15041\"><a href=\"https:\/\/magdalenafirlit.com\/pl\/negocjacje-w-codziennej-pracy\/\" class=\"elementor-item\" tabindex=\"-1\">Negocjacje w codziennej pracy<\/a><\/li>\n<li class=\"menu-item menu-item-type-post_type menu-item-object-page menu-item-15042\"><a href=\"https:\/\/magdalenafirlit.com\/pl\/warsztaty-wystapienia-publiczne\/\" class=\"elementor-item\" tabindex=\"-1\">Wyst\u0105pienia publiczne<\/a><\/li>\n<li class=\"menu-item menu-item-type-post_type menu-item-object-page menu-item-15043\"><a href=\"https:\/\/magdalenafirlit.com\/pl\/agile-risk-management\/\" class=\"elementor-item\" tabindex=\"-1\">Zwinne zarz\u0105dzanie ryzykiem<\/a><\/li>\n<li class=\"menu-item menu-item-type-post_type menu-item-object-page menu-item-15045\"><a href=\"https:\/\/magdalenafirlit.com\/pl\/dysfunkcje-pracy-zespolowej\/\" class=\"elementor-item\" tabindex=\"-1\">Dysfunkcje pracy zespo\u0142owej<\/a><\/li>\n<li class=\"menu-item menu-item-type-post_type menu-item-object-page menu-item-15046\"><a href=\"https:\/\/magdalenafirlit.com\/pl\/wstep-do-evidence-based-management\/\" class=\"elementor-item\" tabindex=\"-1\">Warsztaty Evidence-Based Management\u200b<\/a><\/li>\n<li class=\"menu-item menu-item-type-post_type menu-item-object-page menu-item-15047\"><a href=\"https:\/\/magdalenafirlit.com\/pl\/wprowadzenie-do-agile\/\" class=\"elementor-item\" tabindex=\"-1\">Wprowadzenie do Agile<\/a><\/li>\n<li class=\"menu-item menu-item-type-post_type menu-item-object-page menu-item-15048\"><a href=\"https:\/\/magdalenafirlit.com\/pl\/liberating-structures-warsztaty-facylitacyjne\/\" class=\"elementor-item\" tabindex=\"-1\">Liberating Structures<\/a><\/li>\n<li class=\"menu-item menu-item-type-post_type menu-item-object-page menu-item-15049\"><a href=\"https:\/\/magdalenafirlit.com\/pl\/agile-leadership-podstawy\/\" class=\"elementor-item\" tabindex=\"-1\">Zwinne przyw\u00f3dztwo<\/a><\/li>\n<li class=\"menu-item menu-item-type-post_type menu-item-object-page menu-item-15050\"><a href=\"https:\/\/magdalenafirlit.com\/pl\/coaching-wprowadzenie-i-podstawowe-narzedzia\/\" class=\"elementor-item\" tabindex=\"-1\">Coaching<\/a><\/li>\n<li class=\"menu-item menu-item-type-post_type menu-item-object-page menu-item-15051\"><a href=\"https:\/\/magdalenafirlit.com\/pl\/important-goals-warsztat-transformacyjny\/\" class=\"elementor-item\" tabindex=\"-1\">Wa\u017cne cele<\/a><\/li>\n<li class=\"menu-item menu-item-type-post_type menu-item-object-page menu-item-15052\"><a href=\"https:\/\/magdalenafirlit.com\/pl\/agile-transformacja-warsztaty-dla-kadry-zarzadzajacej\/\" class=\"elementor-item\" tabindex=\"-1\">Transformacja Agile &#8211; warsztaty dla zarz\u0105du<\/a><\/li>\n<\/ul>\t\t\t<\/nav>\n\t\t\t\t\t\t<\/div>\n\t\t\t\t<\/div>\n\t\t\t\t<div class=\"elementor-element elementor-element-0a4ce53 elementor-widget elementor-widget-global elementor-global-15087 elementor-widget-heading\" data-id=\"0a4ce53\" data-element_type=\"widget\" data-e-type=\"widget\" data-widget_type=\"heading.default\">\n\t\t\t\t<div class=\"elementor-widget-container\">\n\t\t\t\t\t<h2 class=\"elementor-heading-title elementor-size-default\"><a href=\"#menu\">[do g\u00f3ry]<\/a><\/h2>\t\t\t\t<\/div>\n\t\t\t\t<\/div>\n\t\t\t\t<div class=\"elementor-element elementor-element-17970e2 elementor-widget elementor-widget-heading\" data-id=\"17970e2\" data-element_type=\"widget\" data-e-type=\"widget\" data-widget_type=\"heading.default\">\n\t\t\t\t<div class=\"elementor-widget-container\">\n\t\t\t\t\t<h3 class=\"elementor-heading-title elementor-size-default\">Zapytaj o to szkolenie<\/h3>\t\t\t\t<\/div>\n\t\t\t\t<\/div>\n\t\t\t\t<div class=\"elementor-element elementor-element-9bde28f elementor-button-align-center elementor-mobile-button-align-center elementor-widget elementor-widget-global elementor-global-1019 elementor-widget-form\" data-id=\"9bde28f\" data-element_type=\"widget\" data-e-type=\"widget\" data-settings=\"{&quot;step_next_label&quot;:&quot;Nast\\u0119pny&quot;,&quot;step_previous_label&quot;:&quot;Poprzedni&quot;,&quot;button_width&quot;:&quot;100&quot;,&quot;step_type&quot;:&quot;number_text&quot;,&quot;step_icon_shape&quot;:&quot;circle&quot;}\" data-widget_type=\"form.default\">\n\t\t\t\t<div class=\"elementor-widget-container\">\n\t\t\t\t\t\t\t<form class=\"elementor-form\" method=\"post\" name=\"Formularz kontaktu\" aria-label=\"Formularz kontaktu\">\n\t\t\t<input type=\"hidden\" name=\"post_id\" value=\"3202\"\/>\n\t\t\t<input type=\"hidden\" name=\"form_id\" value=\"9bde28f\"\/>\n\t\t\t<input type=\"hidden\" name=\"referer_title\" value=\"\" \/>\n\n\t\t\t\n\t\t\t<div class=\"elementor-form-fields-wrapper elementor-labels-\">\n\t\t\t\t\t\t\t\t<div class=\"elementor-field-type-text elementor-field-group elementor-column elementor-field-group-name elementor-col-50 elementor-field-required\">\n\t\t\t\t\t\t\t\t\t\t\t\t<label for=\"form-field-name\" class=\"elementor-field-label elementor-screen-only\">\n\t\t\t\t\t\t\t\tNazwa\t\t\t\t\t\t\t<\/label>\n\t\t\t\t\t\t\t\t\t\t\t\t\t\t<input size=\"1\" type=\"text\" name=\"form_fields[name]\" id=\"form-field-name\" class=\"elementor-field elementor-size-sm  elementor-field-textual\" placeholder=\"Imi\u0119, nazwisko\" required=\"required\">\n\t\t\t\t\t\t\t\t\t\t\t<\/div>\n\t\t\t\t\t\t\t\t<div class=\"elementor-field-type-email elementor-field-group elementor-column elementor-field-group-email elementor-col-50 elementor-field-required\">\n\t\t\t\t\t\t\t\t\t\t\t\t<label for=\"form-field-email\" class=\"elementor-field-label elementor-screen-only\">\n\t\t\t\t\t\t\t\tEmail\t\t\t\t\t\t\t<\/label>\n\t\t\t\t\t\t\t\t\t\t\t\t\t\t<input size=\"1\" type=\"email\" name=\"form_fields[email]\" id=\"form-field-email\" class=\"elementor-field elementor-size-sm  elementor-field-textual\" placeholder=\"Email\" required=\"required\">\n\t\t\t\t\t\t\t\t\t\t\t<\/div>\n\t\t\t\t\t\t\t\t<div class=\"elementor-field-type-text elementor-field-group elementor-column elementor-field-group-b26ecb6 elementor-col-50\">\n\t\t\t\t\t\t\t\t\t\t\t\t<label for=\"form-field-b26ecb6\" class=\"elementor-field-label elementor-screen-only\">\n\t\t\t\t\t\t\t\tTelefon\t\t\t\t\t\t\t<\/label>\n\t\t\t\t\t\t\t\t\t\t\t\t\t\t<input size=\"1\" type=\"text\" name=\"form_fields[b26ecb6]\" id=\"form-field-b26ecb6\" class=\"elementor-field elementor-size-sm  elementor-field-textual\" placeholder=\"Telefon\">\n\t\t\t\t\t\t\t\t\t\t\t<\/div>\n\t\t\t\t\t\t\t\t<div class=\"elementor-field-type-text elementor-field-group elementor-column elementor-field-group-894019a elementor-col-50\">\n\t\t\t\t\t\t\t\t\t\t\t\t<label for=\"form-field-894019a\" class=\"elementor-field-label elementor-screen-only\">\n\t\t\t\t\t\t\t\tFirma\t\t\t\t\t\t\t<\/label>\n\t\t\t\t\t\t\t\t\t\t\t\t\t\t<input size=\"1\" type=\"text\" name=\"form_fields[894019a]\" id=\"form-field-894019a\" class=\"elementor-field elementor-size-sm  elementor-field-textual\" placeholder=\"Firma\">\n\t\t\t\t\t\t\t\t\t\t\t<\/div>\n\t\t\t\t\t\t\t\t<div class=\"elementor-field-type-textarea elementor-field-group elementor-column elementor-field-group-message elementor-col-100 elementor-field-required\">\n\t\t\t\t\t\t\t\t\t\t\t\t<label for=\"form-field-message\" class=\"elementor-field-label elementor-screen-only\">\n\t\t\t\t\t\t\t\tWiadomo\u015b\u0107\t\t\t\t\t\t\t<\/label>\n\t\t\t\t\t\t<textarea class=\"elementor-field-textual elementor-field  elementor-size-sm\" name=\"form_fields[message]\" id=\"form-field-message\" rows=\"4\" placeholder=\"Wiadomo\u015b\u0107\" required=\"required\"><\/textarea>\t\t\t\t<\/div>\n\t\t\t\t\t\t\t\t<div class=\"elementor-field-type-recaptcha elementor-field-group elementor-column elementor-field-group-field_1b870c7 elementor-col-100\">\n\t\t\t\t\t<div class=\"elementor-field\" id=\"form-field-field_1b870c7\"><div class=\"elementor-g-recaptcha\" data-sitekey=\"6Ldu2bEZAAAAAIZRfaWGVyGtAKRmrbDXQzGLMbNL\" data-type=\"v2_checkbox\" data-theme=\"light\" data-size=\"normal\"><\/div><\/div>\t\t\t\t<\/div>\n\t\t\t\t\t\t\t\t<div class=\"elementor-field-group elementor-column elementor-field-type-submit elementor-col-100 e-form__buttons\">\n\t\t\t\t\t<button class=\"elementor-button elementor-size-sm\" type=\"submit\">\n\t\t\t\t\t\t<span class=\"elementor-button-content-wrapper\">\n\t\t\t\t\t\t\t\t\t\t\t\t\t\t\t<span class=\"elementor-button-icon\">\n\t\t\t\t\t\t\t\t\t<i aria-hidden=\"true\" class=\"far fa-paper-plane\"><\/i>\t\t\t\t\t\t\t\t\t\t\t\t\t\t\t\t\t<\/span>\n\t\t\t\t\t\t\t\t\t\t\t\t\t\t\t\t\t\t\t\t\t\t<span class=\"elementor-button-text\">Wy\u015blij<\/span>\n\t\t\t\t\t\t\t\t\t\t\t\t\t<\/span>\n\t\t\t\t\t<\/button>\n\t\t\t\t<\/div>\n\t\t\t<\/div>\n\t\t<\/form>\n\t\t\t\t\t\t<\/div>\n\t\t\t\t<\/div>\n\t\t\t\t<div class=\"elementor-element elementor-element-e45194c elementor-widget elementor-widget-spacer\" data-id=\"e45194c\" data-element_type=\"widget\" data-e-type=\"widget\" data-widget_type=\"spacer.default\">\n\t\t\t\t<div class=\"elementor-widget-container\">\n\t\t\t\t\t\t\t<div class=\"elementor-spacer\">\n\t\t\t<div class=\"elementor-spacer-inner\"><\/div>\n\t\t<\/div>\n\t\t\t\t\t\t<\/div>\n\t\t\t\t<\/div>\n\t\t\t\t\t<\/div>\n\t\t<\/div>\n\t\t\t\t\t<\/div>\n\t\t<\/section>\n\t\t\t\t<\/div>\n\t\t","protected":false},"excerpt":{"rendered":"<p>Coaching \u2013 wprowadzenie i podstawowe narz\u0119dzia Jest to 4-godzinny warsztat wprowadzaj\u0105cy w zagadnienie profesjonalnego coachingu. Szkolenie Coaching jest przeprowadzane w praktyczny spos\u00f3b i jest u\u017cyteczne dla wszystkich, kt\u00f3rzy pracuj\u0105 na co dzie\u0144 z zespo\u0142ami lub og\u00f3lnie z du\u017c\u0105 liczb\u0105 os\u00f3b. Celem warsztatu jest przyswojenie przez uczestnik\u00f3w koncepcji coachingu, prze\u0107wiczenie pyta\u0144 otwieraj\u0105cych, wp\u0142ywowych, a tak\u017ce zainspirowanie [&hellip;]<\/p>\n","protected":false},"author":2,"featured_media":0,"parent":0,"menu_order":0,"comment_status":"closed","ping_status":"closed","template":"","meta":{"_acf_changed":false,"_seopress_robots_primary_cat":"","_seopress_titles_title":"Coaching - wprowadzenie i narz\u0119dzia | Magdalena Firlit - PST","_seopress_titles_desc":"Coaching - wprowadzenie i narz\u0119dzia - Jest to 4 godzinny warsztat wprowadzaj\u0105cy w zagadnienie profesjonalnego coachingu.   ","_seopress_robots_index":"","inline_featured_image":false,"footnotes":""},"class_list":["post-3202","page","type-page","status-publish","hentry"],"acf":[],"_links":{"self":[{"href":"https:\/\/magdalenafirlit.com\/pl\/wp-json\/wp\/v2\/pages\/3202","targetHints":{"allow":["GET"]}}],"collection":[{"href":"https:\/\/magdalenafirlit.com\/pl\/wp-json\/wp\/v2\/pages"}],"about":[{"href":"https:\/\/magdalenafirlit.com\/pl\/wp-json\/wp\/v2\/types\/page"}],"author":[{"embeddable":true,"href":"https:\/\/magdalenafirlit.com\/pl\/wp-json\/wp\/v2\/users\/2"}],"replies":[{"embeddable":true,"href":"https:\/\/magdalenafirlit.com\/pl\/wp-json\/wp\/v2\/comments?post=3202"}],"version-history":[{"count":29,"href":"https:\/\/magdalenafirlit.com\/pl\/wp-json\/wp\/v2\/pages\/3202\/revisions"}],"predecessor-version":[{"id":15271,"href":"https:\/\/magdalenafirlit.com\/pl\/wp-json\/wp\/v2\/pages\/3202\/revisions\/15271"}],"wp:attachment":[{"href":"https:\/\/magdalenafirlit.com\/pl\/wp-json\/wp\/v2\/media?parent=3202"}],"curies":[{"name":"wp","href":"https:\/\/api.w.org\/{rel}","templated":true}]}}