{"id":3292,"date":"2020-11-15T21:21:22","date_gmt":"2020-11-15T20:21:22","guid":{"rendered":"https:\/\/magdalenafirlit.com\/?page_id=3292"},"modified":"2026-02-14T11:16:14","modified_gmt":"2026-02-14T10:16:14","slug":"liberating-structures-warsztaty-facylitacyjne","status":"publish","type":"page","link":"https:\/\/magdalenafirlit.com\/pl\/liberating-structures-warsztaty-facylitacyjne\/","title":{"rendered":"Liberating Structures &#8211; warsztaty facylitacyjne"},"content":{"rendered":"\t\t<div data-elementor-type=\"wp-page\" data-elementor-id=\"3292\" class=\"elementor elementor-3292\" data-elementor-post-type=\"page\">\n\t\t\t\t\t\t<section class=\"elementor-section elementor-top-section elementor-element elementor-element-ef29940 elementor-section-boxed elementor-section-height-default elementor-section-height-default\" data-id=\"ef29940\" data-element_type=\"section\" data-e-type=\"section\">\n\t\t\t\t\t\t<div class=\"elementor-container elementor-column-gap-default\">\n\t\t\t\t\t<div class=\"elementor-column elementor-col-100 elementor-top-column elementor-element elementor-element-80fb382\" data-id=\"80fb382\" data-element_type=\"column\" data-e-type=\"column\">\n\t\t\t<div class=\"elementor-widget-wrap elementor-element-populated\">\n\t\t\t\t\t\t<div class=\"elementor-element elementor-element-2cd8ab2 elementor-widget elementor-widget-image\" data-id=\"2cd8ab2\" data-element_type=\"widget\" data-e-type=\"widget\" data-widget_type=\"image.default\">\n\t\t\t\t<div class=\"elementor-widget-container\">\n\t\t\t\t\t\t\t\t\t\t\t\t\t\t\t<img fetchpriority=\"high\" decoding=\"async\" width=\"500\" height=\"500\" src=\"https:\/\/magdalenafirlit.com\/wp-content\/uploads\/2025\/09\/liberating-structures.png\" class=\"attachment-large size-large wp-image-14417\" alt=\"Course logo\" srcset=\"https:\/\/magdalenafirlit.com\/wp-content\/uploads\/2025\/09\/liberating-structures.png 500w, https:\/\/magdalenafirlit.com\/wp-content\/uploads\/2025\/09\/liberating-structures-300x300.png 300w, https:\/\/magdalenafirlit.com\/wp-content\/uploads\/2025\/09\/liberating-structures-150x150.png 150w\" sizes=\"(max-width: 500px) 100vw, 500px\" \/>\t\t\t\t\t\t\t\t\t\t\t\t\t\t\t<\/div>\n\t\t\t\t<\/div>\n\t\t\t\t<div class=\"elementor-element elementor-element-374d42b elementor-widget elementor-widget-heading\" data-id=\"374d42b\" data-element_type=\"widget\" data-e-type=\"widget\" data-widget_type=\"heading.default\">\n\t\t\t\t<div class=\"elementor-widget-container\">\n\t\t\t\t\t<h1 class=\"elementor-heading-title elementor-size-default\">Liberating Structures - warsztaty facylitacyjne<\/h1>\t\t\t\t<\/div>\n\t\t\t\t<\/div>\n\t\t\t\t<div class=\"elementor-element elementor-element-cf5d0b2 elementor-widget elementor-widget-text-editor\" data-id=\"cf5d0b2\" data-element_type=\"widget\" data-e-type=\"widget\" data-widget_type=\"text-editor.default\">\n\t\t\t\t<div class=\"elementor-widget-container\">\n\t\t\t\t\t\t\t\t\t<p>Warsztaty moga by\u0107 przeprowadzone w trybie 4 lub 8 godzinnym w zale\u017cno\u015bci od potrzeb zamawiaj\u0105cego. Szkolenie skupia si\u0119 na technikach facylitacji, wzmocnieniu kreatywno\u015bci i umiej\u0119tno\u015bci rozwi\u0105zywania problem\u00f3w poprzez Liberating Structures. W czasie warsztatu uczestnicy praktykuj\u0105 zestaw struktur Liberating Structures, aby po szkoleniu potrafili zaimplementowa\u0107 w swoich zespo\u0142ach.<\/p>\t\t\t\t\t\t\t\t<\/div>\n\t\t\t\t<\/div>\n\t\t\t\t<div class=\"elementor-element elementor-element-e633619 elementor-widget-divider--view-line elementor-widget elementor-widget-divider\" data-id=\"e633619\" data-element_type=\"widget\" data-e-type=\"widget\" data-widget_type=\"divider.default\">\n\t\t\t\t<div class=\"elementor-widget-container\">\n\t\t\t\t\t\t\t<div class=\"elementor-divider\">\n\t\t\t<span class=\"elementor-divider-separator\">\n\t\t\t\t\t\t<\/span>\n\t\t<\/div>\n\t\t\t\t\t\t<\/div>\n\t\t\t\t<\/div>\n\t\t\t\t<div class=\"elementor-element elementor-element-c480b0f elementor-widget elementor-widget-heading\" data-id=\"c480b0f\" data-element_type=\"widget\" data-e-type=\"widget\" data-widget_type=\"heading.default\">\n\t\t\t\t<div class=\"elementor-widget-container\">\n\t\t\t\t\t<h2 class=\"elementor-heading-title elementor-size-default\">Liberating Structures - Tematy kursu <\/h2>\t\t\t\t<\/div>\n\t\t\t\t<\/div>\n\t\t\t\t<div class=\"elementor-element elementor-element-32d90ac elementor-widget elementor-widget-text-editor\" data-id=\"32d90ac\" data-element_type=\"widget\" data-e-type=\"widget\" data-widget_type=\"text-editor.default\">\n\t\t\t\t<div class=\"elementor-widget-container\">\n\t\t\t\t\t\t\t\t\t<ul><li>facylitacja pomaga poprawi\u0107 kreatywno\u015b\u0107 i rozwi\u0105zywanie problem\u00f3w<\/li><li>konkretny wybrany zestaw struktur<\/li><\/ul>\t\t\t\t\t\t\t\t<\/div>\n\t\t\t\t<\/div>\n\t\t\t\t<div class=\"elementor-element elementor-element-87afc04 elementor-widget elementor-widget-heading\" data-id=\"87afc04\" data-element_type=\"widget\" data-e-type=\"widget\" data-widget_type=\"heading.default\">\n\t\t\t\t<div class=\"elementor-widget-container\">\n\t\t\t\t\t<h3 class=\"elementor-heading-title elementor-size-default\">Liberating Structures - warsztaty facylitacyjne - Dla kogo?<\/h3>\t\t\t\t<\/div>\n\t\t\t\t<\/div>\n\t\t\t\t<div class=\"elementor-element elementor-element-fce285f elementor-widget elementor-widget-text-editor\" data-id=\"fce285f\" data-element_type=\"widget\" data-e-type=\"widget\" data-widget_type=\"text-editor.default\">\n\t\t\t\t<div class=\"elementor-widget-container\">\n\t\t\t\t\t\t\t\t\t<ul><li>dla ka\u017cdego, kto jest zainteresowany facylitacj\u0105 i Liberating Structures<\/li><li>zw\u0142aszcza managerowie, Scrum Master, Product Owner, cz\u0142onkowie<br \/>zespo\u0142\u00f3w<\/li><\/ul>\t\t\t\t\t\t\t\t<\/div>\n\t\t\t\t<\/div>\n\t\t\t\t<div class=\"elementor-element elementor-element-68657ce elementor-widget elementor-widget-heading\" data-id=\"68657ce\" data-element_type=\"widget\" data-e-type=\"widget\" data-widget_type=\"heading.default\">\n\t\t\t\t<div class=\"elementor-widget-container\">\n\t\t\t\t\t<h4 class=\"elementor-heading-title elementor-size-default\">Kursy autorskie oferowane s\u0105 jako wewn\u0119trzne szkolenia dla firm. Zapraszamy do kontaktu.<\/h4>\t\t\t\t<\/div>\n\t\t\t\t<\/div>\n\t\t\t\t<div class=\"elementor-element elementor-element-6e19f79 elementor-widget-divider--view-line elementor-widget elementor-widget-divider\" data-id=\"6e19f79\" data-element_type=\"widget\" data-e-type=\"widget\" data-widget_type=\"divider.default\">\n\t\t\t\t<div class=\"elementor-widget-container\">\n\t\t\t\t\t\t\t<div class=\"elementor-divider\">\n\t\t\t<span class=\"elementor-divider-separator\">\n\t\t\t\t\t\t<\/span>\n\t\t<\/div>\n\t\t\t\t\t\t<\/div>\n\t\t\t\t<\/div>\n\t\t\t\t<div class=\"elementor-element elementor-element-2f4c65b elementor-widget elementor-widget-heading\" data-id=\"2f4c65b\" data-element_type=\"widget\" data-e-type=\"widget\" data-widget_type=\"heading.default\">\n\t\t\t\t<div class=\"elementor-widget-container\">\n\t\t\t\t\t<h4 class=\"elementor-heading-title elementor-size-default\">Artyku\u0142y powi\u0105zane z tematem szkolenia<\/h4>\t\t\t\t<\/div>\n\t\t\t\t<\/div>\n\t\t\t\t<div class=\"elementor-element elementor-element-e4982f3 elementor-posts--thumbnail-none elementor-grid-3 elementor-grid-tablet-2 elementor-grid-mobile-1 elementor-card-shadow-yes elementor-posts__hover-gradient elementor-widget elementor-widget-global elementor-global-15105 elementor-widget-posts\" data-id=\"e4982f3\" data-element_type=\"widget\" data-e-type=\"widget\" data-settings=\"{&quot;cards_columns&quot;:&quot;3&quot;,&quot;cards_columns_tablet&quot;:&quot;2&quot;,&quot;cards_columns_mobile&quot;:&quot;1&quot;,&quot;cards_row_gap&quot;:{&quot;unit&quot;:&quot;px&quot;,&quot;size&quot;:35,&quot;sizes&quot;:[]},&quot;cards_row_gap_tablet&quot;:{&quot;unit&quot;:&quot;px&quot;,&quot;size&quot;:&quot;&quot;,&quot;sizes&quot;:[]},&quot;cards_row_gap_mobile&quot;:{&quot;unit&quot;:&quot;px&quot;,&quot;size&quot;:&quot;&quot;,&quot;sizes&quot;:[]}}\" data-widget_type=\"posts.cards\">\n\t\t\t\t<div class=\"elementor-widget-container\">\n\t\t\t\t\t\t\t<div class=\"elementor-posts-container elementor-posts elementor-posts--skin-cards elementor-grid\" role=\"list\">\n\t\t\t\t<article class=\"elementor-post elementor-grid-item post-2886 post type-post status-publish format-standard has-post-thumbnail hentry category-certyfikacja\" role=\"listitem\">\n\t\t\t<div class=\"elementor-post__card\">\n\t\t\t\t<div class=\"elementor-post__text\">\n\t\t\t\t<h3 class=\"elementor-post__title\">\n\t\t\t<a href=\"https:\/\/magdalenafirlit.com\/pl\/jak-wybrac-odpowiednie-szkolenie-dla-siebie\/\" target=&quot;_blank&quot;>\n\t\t\t\tJak wybra\u0107 odpowiednie szkolenie dla siebie?\t\t\t<\/a>\n\t\t<\/h3>\n\t\t\t\t<div class=\"elementor-post__excerpt\">\n\t\t\t<p>Rynek szkole\u0144 zwi\u0105zanych ze Scrum i Agile rozwija si\u0119 dynamicznie. To jest naprawd\u0119 \u015bwietna wiadomo\u015b\u0107, poniewa\u017c zwinno\u015b\u0107 wychodzi ju\u017c dawno poza bran\u017c\u0119 IT i oznacza<\/p>\n\t\t<\/div>\n\t\t\t\t<\/div>\n\t\t\t\t<div class=\"elementor-post__meta-data\">\n\t\t\t\t\t<span class=\"elementor-post-author\">\n\t\t\tMagdalena Firlit\t\t<\/span>\n\t\t\t\t<span class=\"elementor-post-date\">\n\t\t\t2020-09-24\t\t<\/span>\n\t\t\t\t<\/div>\n\t\t\t\t\t<\/div>\n\t\t<\/article>\n\t\t\t\t<\/div>\n\t\t\n\t\t\t\t\t\t<\/div>\n\t\t\t\t<\/div>\n\t\t\t\t<div class=\"elementor-element elementor-element-657a299 elementor-widget-divider--view-line elementor-widget elementor-widget-divider\" data-id=\"657a299\" data-element_type=\"widget\" data-e-type=\"widget\" data-widget_type=\"divider.default\">\n\t\t\t\t<div class=\"elementor-widget-container\">\n\t\t\t\t\t\t\t<div class=\"elementor-divider\">\n\t\t\t<span class=\"elementor-divider-separator\">\n\t\t\t\t\t\t<\/span>\n\t\t<\/div>\n\t\t\t\t\t\t<\/div>\n\t\t\t\t<\/div>\n\t\t\t\t<div class=\"elementor-element elementor-element-ca3a83a elementor-widget elementor-widget-heading\" data-id=\"ca3a83a\" data-element_type=\"widget\" data-e-type=\"widget\" data-widget_type=\"heading.default\">\n\t\t\t\t<div class=\"elementor-widget-container\">\n\t\t\t\t\t<h4 class=\"elementor-heading-title elementor-size-default\">Inne kursy autorskie<\/h4>\t\t\t\t<\/div>\n\t\t\t\t<\/div>\n\t\t\t\t<div class=\"elementor-element elementor-element-88c7472 elementor-nav-menu__text-align-aside elementor-widget elementor-widget-global elementor-global-15081 elementor-widget-nav-menu\" data-id=\"88c7472\" data-element_type=\"widget\" data-e-type=\"widget\" data-settings=\"{&quot;layout&quot;:&quot;dropdown&quot;,&quot;submenu_icon&quot;:{&quot;value&quot;:&quot;fas fa-caret-down&quot;,&quot;library&quot;:&quot;fa-solid&quot;}}\" data-widget_type=\"nav-menu.default\">\n\t\t\t\t<div class=\"elementor-widget-container\">\n\t\t\t\t\t\t\t\t<nav class=\"elementor-nav-menu--dropdown elementor-nav-menu__container\" aria-hidden=\"true\">\n\t\t\t\t<ul id=\"menu-2-88c7472\" class=\"elementor-nav-menu\"><li class=\"menu-item menu-item-type-post_type menu-item-object-page menu-item-15041\"><a href=\"https:\/\/magdalenafirlit.com\/pl\/negocjacje-w-codziennej-pracy\/\" class=\"elementor-item\" tabindex=\"-1\">Negocjacje w codziennej pracy<\/a><\/li>\n<li class=\"menu-item menu-item-type-post_type menu-item-object-page menu-item-15042\"><a href=\"https:\/\/magdalenafirlit.com\/pl\/warsztaty-wystapienia-publiczne\/\" class=\"elementor-item\" tabindex=\"-1\">Wyst\u0105pienia publiczne<\/a><\/li>\n<li class=\"menu-item menu-item-type-post_type menu-item-object-page menu-item-15043\"><a href=\"https:\/\/magdalenafirlit.com\/pl\/agile-risk-management\/\" class=\"elementor-item\" tabindex=\"-1\">Zwinne zarz\u0105dzanie ryzykiem<\/a><\/li>\n<li class=\"menu-item menu-item-type-post_type menu-item-object-page menu-item-15045\"><a href=\"https:\/\/magdalenafirlit.com\/pl\/dysfunkcje-pracy-zespolowej\/\" class=\"elementor-item\" tabindex=\"-1\">Dysfunkcje pracy zespo\u0142owej<\/a><\/li>\n<li class=\"menu-item menu-item-type-post_type menu-item-object-page menu-item-15046\"><a href=\"https:\/\/magdalenafirlit.com\/pl\/wstep-do-evidence-based-management\/\" class=\"elementor-item\" tabindex=\"-1\">Warsztaty Evidence-Based Management\u200b<\/a><\/li>\n<li class=\"menu-item menu-item-type-post_type menu-item-object-page menu-item-15047\"><a href=\"https:\/\/magdalenafirlit.com\/pl\/wprowadzenie-do-agile\/\" class=\"elementor-item\" tabindex=\"-1\">Wprowadzenie do Agile<\/a><\/li>\n<li class=\"menu-item menu-item-type-post_type menu-item-object-page menu-item-15048\"><a href=\"https:\/\/magdalenafirlit.com\/pl\/liberating-structures-warsztaty-facylitacyjne\/\" class=\"elementor-item\" tabindex=\"-1\">Liberating Structures<\/a><\/li>\n<li class=\"menu-item menu-item-type-post_type menu-item-object-page menu-item-15049\"><a href=\"https:\/\/magdalenafirlit.com\/pl\/agile-leadership-podstawy\/\" class=\"elementor-item\" tabindex=\"-1\">Zwinne przyw\u00f3dztwo<\/a><\/li>\n<li class=\"menu-item menu-item-type-post_type menu-item-object-page menu-item-15050\"><a href=\"https:\/\/magdalenafirlit.com\/pl\/coaching-wprowadzenie-i-podstawowe-narzedzia\/\" class=\"elementor-item\" tabindex=\"-1\">Coaching<\/a><\/li>\n<li class=\"menu-item menu-item-type-post_type menu-item-object-page menu-item-15051\"><a href=\"https:\/\/magdalenafirlit.com\/pl\/important-goals-warsztat-transformacyjny\/\" class=\"elementor-item\" tabindex=\"-1\">Wa\u017cne cele<\/a><\/li>\n<li class=\"menu-item menu-item-type-post_type menu-item-object-page menu-item-15052\"><a href=\"https:\/\/magdalenafirlit.com\/pl\/agile-transformacja-warsztaty-dla-kadry-zarzadzajacej\/\" class=\"elementor-item\" tabindex=\"-1\">Transformacja Agile &#8211; warsztaty dla zarz\u0105du<\/a><\/li>\n<\/ul>\t\t\t<\/nav>\n\t\t\t\t\t\t<\/div>\n\t\t\t\t<\/div>\n\t\t\t\t<div class=\"elementor-element elementor-element-d3b654c elementor-widget elementor-widget-global elementor-global-15087 elementor-widget-heading\" data-id=\"d3b654c\" data-element_type=\"widget\" data-e-type=\"widget\" data-widget_type=\"heading.default\">\n\t\t\t\t<div class=\"elementor-widget-container\">\n\t\t\t\t\t<h2 class=\"elementor-heading-title elementor-size-default\"><a href=\"#menu\">[do g\u00f3ry]<\/a><\/h2>\t\t\t\t<\/div>\n\t\t\t\t<\/div>\n\t\t\t\t<div class=\"elementor-element elementor-element-1a45d35 elementor-widget elementor-widget-heading\" data-id=\"1a45d35\" data-element_type=\"widget\" data-e-type=\"widget\" data-widget_type=\"heading.default\">\n\t\t\t\t<div class=\"elementor-widget-container\">\n\t\t\t\t\t<h4 class=\"elementor-heading-title elementor-size-default\">Zapytaj o to szkolenie<\/h4>\t\t\t\t<\/div>\n\t\t\t\t<\/div>\n\t\t\t\t<div class=\"elementor-element elementor-element-4c342fe elementor-button-align-center elementor-mobile-button-align-center elementor-widget elementor-widget-global elementor-global-1019 elementor-widget-form\" data-id=\"4c342fe\" data-element_type=\"widget\" data-e-type=\"widget\" data-settings=\"{&quot;step_next_label&quot;:&quot;Nast\\u0119pny&quot;,&quot;step_previous_label&quot;:&quot;Poprzedni&quot;,&quot;button_width&quot;:&quot;100&quot;,&quot;step_type&quot;:&quot;number_text&quot;,&quot;step_icon_shape&quot;:&quot;circle&quot;}\" data-widget_type=\"form.default\">\n\t\t\t\t<div class=\"elementor-widget-container\">\n\t\t\t\t\t\t\t<form class=\"elementor-form\" method=\"post\" name=\"Formularz kontaktu\" aria-label=\"Formularz kontaktu\">\n\t\t\t<input type=\"hidden\" name=\"post_id\" value=\"3292\"\/>\n\t\t\t<input type=\"hidden\" name=\"form_id\" value=\"4c342fe\"\/>\n\t\t\t<input type=\"hidden\" name=\"referer_title\" value=\"\" \/>\n\n\t\t\t\n\t\t\t<div class=\"elementor-form-fields-wrapper elementor-labels-\">\n\t\t\t\t\t\t\t\t<div class=\"elementor-field-type-text elementor-field-group elementor-column elementor-field-group-name elementor-col-50 elementor-field-required\">\n\t\t\t\t\t\t\t\t\t\t\t\t<label for=\"form-field-name\" class=\"elementor-field-label elementor-screen-only\">\n\t\t\t\t\t\t\t\tNazwa\t\t\t\t\t\t\t<\/label>\n\t\t\t\t\t\t\t\t\t\t\t\t\t\t<input size=\"1\" type=\"text\" name=\"form_fields[name]\" id=\"form-field-name\" class=\"elementor-field elementor-size-sm  elementor-field-textual\" placeholder=\"Imi\u0119, nazwisko\" required=\"required\">\n\t\t\t\t\t\t\t\t\t\t\t<\/div>\n\t\t\t\t\t\t\t\t<div class=\"elementor-field-type-email elementor-field-group elementor-column elementor-field-group-email elementor-col-50 elementor-field-required\">\n\t\t\t\t\t\t\t\t\t\t\t\t<label for=\"form-field-email\" class=\"elementor-field-label elementor-screen-only\">\n\t\t\t\t\t\t\t\tEmail\t\t\t\t\t\t\t<\/label>\n\t\t\t\t\t\t\t\t\t\t\t\t\t\t<input size=\"1\" type=\"email\" name=\"form_fields[email]\" id=\"form-field-email\" class=\"elementor-field elementor-size-sm  elementor-field-textual\" placeholder=\"Email\" required=\"required\">\n\t\t\t\t\t\t\t\t\t\t\t<\/div>\n\t\t\t\t\t\t\t\t<div class=\"elementor-field-type-text elementor-field-group elementor-column elementor-field-group-b26ecb6 elementor-col-50\">\n\t\t\t\t\t\t\t\t\t\t\t\t<label for=\"form-field-b26ecb6\" class=\"elementor-field-label elementor-screen-only\">\n\t\t\t\t\t\t\t\tTelefon\t\t\t\t\t\t\t<\/label>\n\t\t\t\t\t\t\t\t\t\t\t\t\t\t<input size=\"1\" type=\"text\" name=\"form_fields[b26ecb6]\" id=\"form-field-b26ecb6\" class=\"elementor-field elementor-size-sm  elementor-field-textual\" placeholder=\"Telefon\">\n\t\t\t\t\t\t\t\t\t\t\t<\/div>\n\t\t\t\t\t\t\t\t<div class=\"elementor-field-type-text elementor-field-group elementor-column elementor-field-group-894019a elementor-col-50\">\n\t\t\t\t\t\t\t\t\t\t\t\t<label for=\"form-field-894019a\" class=\"elementor-field-label elementor-screen-only\">\n\t\t\t\t\t\t\t\tFirma\t\t\t\t\t\t\t<\/label>\n\t\t\t\t\t\t\t\t\t\t\t\t\t\t<input size=\"1\" type=\"text\" name=\"form_fields[894019a]\" id=\"form-field-894019a\" class=\"elementor-field elementor-size-sm  elementor-field-textual\" placeholder=\"Firma\">\n\t\t\t\t\t\t\t\t\t\t\t<\/div>\n\t\t\t\t\t\t\t\t<div class=\"elementor-field-type-textarea elementor-field-group elementor-column elementor-field-group-message elementor-col-100 elementor-field-required\">\n\t\t\t\t\t\t\t\t\t\t\t\t<label for=\"form-field-message\" class=\"elementor-field-label elementor-screen-only\">\n\t\t\t\t\t\t\t\tWiadomo\u015b\u0107\t\t\t\t\t\t\t<\/label>\n\t\t\t\t\t\t<textarea class=\"elementor-field-textual elementor-field  elementor-size-sm\" name=\"form_fields[message]\" id=\"form-field-message\" rows=\"4\" placeholder=\"Wiadomo\u015b\u0107\" required=\"required\"><\/textarea>\t\t\t\t<\/div>\n\t\t\t\t\t\t\t\t<div class=\"elementor-field-type-recaptcha elementor-field-group elementor-column elementor-field-group-field_1b870c7 elementor-col-100\">\n\t\t\t\t\t<div class=\"elementor-field\" id=\"form-field-field_1b870c7\"><div class=\"elementor-g-recaptcha\" data-sitekey=\"6Ldu2bEZAAAAAIZRfaWGVyGtAKRmrbDXQzGLMbNL\" data-type=\"v2_checkbox\" data-theme=\"light\" data-size=\"normal\"><\/div><\/div>\t\t\t\t<\/div>\n\t\t\t\t\t\t\t\t<div class=\"elementor-field-group elementor-column elementor-field-type-submit elementor-col-100 e-form__buttons\">\n\t\t\t\t\t<button class=\"elementor-button elementor-size-sm\" type=\"submit\">\n\t\t\t\t\t\t<span class=\"elementor-button-content-wrapper\">\n\t\t\t\t\t\t\t\t\t\t\t\t\t\t\t<span class=\"elementor-button-icon\">\n\t\t\t\t\t\t\t\t\t<i aria-hidden=\"true\" class=\"far fa-paper-plane\"><\/i>\t\t\t\t\t\t\t\t\t\t\t\t\t\t\t\t\t<\/span>\n\t\t\t\t\t\t\t\t\t\t\t\t\t\t\t\t\t\t\t\t\t\t<span class=\"elementor-button-text\">Wy\u015blij<\/span>\n\t\t\t\t\t\t\t\t\t\t\t\t\t<\/span>\n\t\t\t\t\t<\/button>\n\t\t\t\t<\/div>\n\t\t\t<\/div>\n\t\t<\/form>\n\t\t\t\t\t\t<\/div>\n\t\t\t\t<\/div>\n\t\t\t\t<div class=\"elementor-element elementor-element-cbe0fb7 elementor-widget elementor-widget-spacer\" data-id=\"cbe0fb7\" data-element_type=\"widget\" data-e-type=\"widget\" data-widget_type=\"spacer.default\">\n\t\t\t\t<div class=\"elementor-widget-container\">\n\t\t\t\t\t\t\t<div class=\"elementor-spacer\">\n\t\t\t<div class=\"elementor-spacer-inner\"><\/div>\n\t\t<\/div>\n\t\t\t\t\t\t<\/div>\n\t\t\t\t<\/div>\n\t\t\t\t\t<\/div>\n\t\t<\/div>\n\t\t\t\t\t<\/div>\n\t\t<\/section>\n\t\t\t\t<\/div>\n\t\t","protected":false},"excerpt":{"rendered":"<p>Liberating Structures &#8211; warsztaty facylitacyjne Warsztaty moga by\u0107 przeprowadzone w trybie 4 lub 8 godzinnym w zale\u017cno\u015bci od potrzeb zamawiaj\u0105cego. Szkolenie skupia si\u0119 na technikach facylitacji, wzmocnieniu kreatywno\u015bci i umiej\u0119tno\u015bci rozwi\u0105zywania problem\u00f3w poprzez Liberating Structures. W czasie warsztatu uczestnicy praktykuj\u0105 zestaw struktur Liberating Structures, aby po szkoleniu potrafili zaimplementowa\u0107 w swoich zespo\u0142ach. Liberating Structures &#8211; [&hellip;]<\/p>\n","protected":false},"author":2,"featured_media":0,"parent":0,"menu_order":0,"comment_status":"closed","ping_status":"closed","template":"","meta":{"_acf_changed":false,"_seopress_robots_primary_cat":"","_seopress_titles_title":"Liberating Structures - Warsztaty facylitacyjne","_seopress_titles_desc":"Szkolenie skupia si\u0119 na technikach facylitacji, wzmocnieniu kreatywno\u015bci i umiej\u0119tno\u015bci rozwi\u0105zywania problem\u00f3w poprzez Liberating Structures.","_seopress_robots_index":"","inline_featured_image":false,"footnotes":""},"class_list":["post-3292","page","type-page","status-publish","hentry"],"acf":[],"_links":{"self":[{"href":"https:\/\/magdalenafirlit.com\/pl\/wp-json\/wp\/v2\/pages\/3292","targetHints":{"allow":["GET"]}}],"collection":[{"href":"https:\/\/magdalenafirlit.com\/pl\/wp-json\/wp\/v2\/pages"}],"about":[{"href":"https:\/\/magdalenafirlit.com\/pl\/wp-json\/wp\/v2\/types\/page"}],"author":[{"embeddable":true,"href":"https:\/\/magdalenafirlit.com\/pl\/wp-json\/wp\/v2\/users\/2"}],"replies":[{"embeddable":true,"href":"https:\/\/magdalenafirlit.com\/pl\/wp-json\/wp\/v2\/comments?post=3292"}],"version-history":[{"count":15,"href":"https:\/\/magdalenafirlit.com\/pl\/wp-json\/wp\/v2\/pages\/3292\/revisions"}],"predecessor-version":[{"id":15155,"href":"https:\/\/magdalenafirlit.com\/pl\/wp-json\/wp\/v2\/pages\/3292\/revisions\/15155"}],"wp:attachment":[{"href":"https:\/\/magdalenafirlit.com\/pl\/wp-json\/wp\/v2\/media?parent=3292"}],"curies":[{"name":"wp","href":"https:\/\/api.w.org\/{rel}","templated":true}]}}